{"id":207,"date":"2026-02-13T05:22:55","date_gmt":"2026-02-13T05:22:55","guid":{"rendered":"https:\/\/facilityprojectsolutions.com\/?post_type=product&#038;p=207"},"modified":"2026-02-13T05:22:55","modified_gmt":"2026-02-13T05:22:55","slug":"hotel-room-waste-bin-with-stainless-rim","status":"publish","type":"product","link":"https:\/\/facilityprojectsolutions.com\/es\/hotel-room-waste-bin-with-stainless-rim\/","title":{"rendered":"Papelera de habitaci\u00f3n de hotel con borde inoxidable"},"content":{"rendered":"<p data-start=\"0\" data-end=\"321\">Dise\u00f1ada para habitaciones de hu\u00e9spedes donde cada detalle importa, esta papelera combina una silueta limpia con un borde inoxidable que a\u00f1ade un sutil acento de calidad. El borde ayuda a fijar la bolsa y a mantener los bordes de la bolsa fuera de la vista, para que la papelera luzca ordenada incluso entre rondas de servicio.<\/p>\n<p data-start=\"323\" data-end=\"543\">Dado que el forro se mantiene ordenado en la parte superior, los asistentes pueden cambiar las bolsas r\u00e1pidamente con un contacto m\u00ednimo y menos reajustes, lo que ayuda a mantener limpio el exterior de cara al cliente.<\/p>\n<p data-start=\"545\" data-end=\"896\">Los equipos de limpieza apreciar\u00e1n los turnos m\u00e1s r\u00e1pidos y el mantenimiento sencillo, mientras que los hu\u00e9spedes disfrutar\u00e1n de una pieza discreta y despejada que complementa el estilo moderno y cl\u00e1sico de las habitaciones. Para el mantenimiento diario, las superficies lisas y el embellecedor inoxidable facilitan la limpieza y ayudan a que la papelera est\u00e9 siempre lista para su presentaci\u00f3n.<\/p>\n<p data-start=\"898\" data-end=\"1052\">Util\u00edcelo con las bolsas de basura habituales en hosteler\u00eda para estandarizar el almacenamiento en la zona de servicio de los distintos tipos y marcas de habitaciones.<\/p>\n<p data-start=\"1054\" data-end=\"1204\">Ideal para dormitorios, suites y tocadores, permite mantener unos est\u00e1ndares de marca coherentes sin a\u00f1adir ruido ni desorden visual a la experiencia en la habitaci\u00f3n.<\/p>","protected":false},"excerpt":{"rendered":"<p>Papelera preparada para habitaciones de hotel con borde de acero inoxidable que ayuda a ocultar y asegurar las bolsas para un aspecto ordenado. Dise\u00f1ada para turnos de limpieza r\u00e1pidos, limpieza f\u00e1cil y colocaci\u00f3n discreta y silenciosa en las habitaciones de hotel.<\/p>","protected":false},"featured_media":221,"template":"","meta":{"_gspb_post_css":""},"product_brand":[],"product_cat":[22,21],"product_tag":[],"class_list":{"0":"post-207","1":"product","2":"type-product","3":"status-publish","4":"has-post-thumbnail","6":"product_cat-hotel-room-bins","7":"product_cat-indoor-trash-bins","9":"first","10":"instock","11":"shipping-taxable","12":"purchasable","13":"product-type-simple"},"_links":{"self":[{"href":"https:\/\/facilityprojectsolutions.com\/es\/wp-json\/wp\/v2\/product\/207","targetHints":{"allow":["GET"]}}],"collection":[{"href":"https:\/\/facilityprojectsolutions.com\/es\/wp-json\/wp\/v2\/product"}],"about":[{"href":"https:\/\/facilityprojectsolutions.com\/es\/wp-json\/wp\/v2\/types\/product"}],"wp:featuredmedia":[{"embeddable":true,"href":"https:\/\/facilityprojectsolutions.com\/es\/wp-json\/wp\/v2\/media\/221"}],"wp:attachment":[{"href":"https:\/\/facilityprojectsolutions.com\/es\/wp-json\/wp\/v2\/media?parent=207"}],"wp:term":[{"taxonomy":"product_brand","embeddable":true,"href":"https:\/\/facilityprojectsolutions.com\/es\/wp-json\/wp\/v2\/product_brand?post=207"},{"taxonomy":"product_cat","embeddable":true,"href":"https:\/\/facilityprojectsolutions.com\/es\/wp-json\/wp\/v2\/product_cat?post=207"},{"taxonomy":"product_tag","embeddable":true,"href":"https:\/\/facilityprojectsolutions.com\/es\/wp-json\/wp\/v2\/product_tag?post=207"}],"curies":[{"name":"wp","href":"https:\/\/api.w.org\/{rel}","templated":true}]}}