{"id":212,"date":"2026-02-13T05:34:40","date_gmt":"2026-02-13T05:34:40","guid":{"rendered":"https:\/\/facilityprojectsolutions.com\/?post_type=product&#038;p=212"},"modified":"2026-02-13T05:34:40","modified_gmt":"2026-02-13T05:34:40","slug":"leatherette-hotel-bedroom-trash-bin","status":"publish","type":"product","link":"https:\/\/facilityprojectsolutions.com\/es\/leatherette-hotel-bedroom-trash-bin\/","title":{"rendered":"Papelera Hotelera Polipiel"},"content":{"rendered":"<p data-start=\"0\" data-end=\"547\">Un acabado en polipiel ayuda a que esta papelera de habitaci\u00f3n de hotel se integre en los refinados interiores de las habitaciones sin dejar de ser pr\u00e1ctica para el uso diario. En lugar de dejar el borde de la bolsa a la vista, el dise\u00f1o de bolsa oculta combina un cubo interior con un borde que retiene la bolsa (estilo anillo de presi\u00f3n) para mantener las bolsas sujetas y la abertura limpia. El personal de limpieza puede levantar el cubo interior para vaciarlo m\u00e1s r\u00e1pidamente y, a continuaci\u00f3n, limpiar el exterior liso e hidr\u00f3fugo para eliminar las huellas dactilares y los peque\u00f1os derrames.<\/p>\n<p data-start=\"549\" data-end=\"1019\">Dise\u00f1ado para no hacer ruido en las habitaciones, el cuerpo estructurado y la base protectora ayudan a reducir el ruido en suelos duros y a minimizar las rozaduras en moquetas o baldosas. La tapa abierta hace que la eliminaci\u00f3n sea intuitiva para los hu\u00e9spedes sin a\u00f1adir piezas m\u00f3viles que puedan traquetear. Util\u00edcelo para mantener las habitaciones y suites visualmente coherentes con el resto de su mobiliario: un accesorio discreto que contribuye a un est\u00e1ndar de \u201clisto para la llegada\u201d desde la entrada hasta la salida.<\/p>","protected":false},"excerpt":{"rendered":"<p>Tapizado en polipiel, este cubo de basura para habitaciones de hotel oculta las bolsas con un cubo interior y un borde de retenci\u00f3n, se limpia r\u00e1pidamente y permanece silencioso y respetuoso con el suelo durante las tareas de limpieza.<\/p>","protected":false},"featured_media":226,"template":"","meta":{"_gspb_post_css":""},"product_brand":[],"product_cat":[22,21],"product_tag":[],"class_list":{"0":"post-212","1":"product","2":"type-product","3":"status-publish","4":"has-post-thumbnail","6":"product_cat-hotel-room-bins","7":"product_cat-indoor-trash-bins","9":"first","10":"instock","11":"shipping-taxable","12":"purchasable","13":"product-type-simple"},"_links":{"self":[{"href":"https:\/\/facilityprojectsolutions.com\/es\/wp-json\/wp\/v2\/product\/212","targetHints":{"allow":["GET"]}}],"collection":[{"href":"https:\/\/facilityprojectsolutions.com\/es\/wp-json\/wp\/v2\/product"}],"about":[{"href":"https:\/\/facilityprojectsolutions.com\/es\/wp-json\/wp\/v2\/types\/product"}],"wp:featuredmedia":[{"embeddable":true,"href":"https:\/\/facilityprojectsolutions.com\/es\/wp-json\/wp\/v2\/media\/226"}],"wp:attachment":[{"href":"https:\/\/facilityprojectsolutions.com\/es\/wp-json\/wp\/v2\/media?parent=212"}],"wp:term":[{"taxonomy":"product_brand","embeddable":true,"href":"https:\/\/facilityprojectsolutions.com\/es\/wp-json\/wp\/v2\/product_brand?post=212"},{"taxonomy":"product_cat","embeddable":true,"href":"https:\/\/facilityprojectsolutions.com\/es\/wp-json\/wp\/v2\/product_cat?post=212"},{"taxonomy":"product_tag","embeddable":true,"href":"https:\/\/facilityprojectsolutions.com\/es\/wp-json\/wp\/v2\/product_tag?post=212"}],"curies":[{"name":"wp","href":"https:\/\/api.w.org\/{rel}","templated":true}]}}