{"id":217,"date":"2026-02-13T05:44:02","date_gmt":"2026-02-13T05:44:02","guid":{"rendered":"https:\/\/facilityprojectsolutions.com\/?post_type=product&#038;p=217"},"modified":"2026-02-13T05:44:02","modified_gmt":"2026-02-13T05:44:02","slug":"compact-guestroom-wastebasket-with-liner-ring","status":"publish","type":"product","link":"https:\/\/facilityprojectsolutions.com\/es\/compact-guestroom-wastebasket-with-liner-ring\/","title":{"rendered":"Papelera compacta para habitaciones de hu\u00e9spedes con aro de revestimiento"},"content":{"rendered":"<p data-start=\"0\" data-end=\"236\">Las habitaciones se juzgan por los detalles que los hu\u00e9spedes perciben a primera vista. Esta papelera compacta est\u00e1 pensada para los rincones estrechos de las mesitas de noche, los lavabos o los minibares, y su perfil limpio combina f\u00e1cilmente con los dise\u00f1os modernos o cl\u00e1sicos de las habitaciones.<\/p>\n<p data-start=\"238\" data-end=\"589\">Un anillo en el borde asegura la bolsa para que no se deslice dentro de la papelera, a la vez que oculta el exceso de bolsa para una presentaci\u00f3n ordenada y lista para el hotel. Esto significa que no hay \u201corejas\u201d de pl\u00e1stico expuestas y menos ajustes a mitad de estancia. El personal de limpieza puede levantar la anilla, cambiar la bolsa y volver a colocar la anilla en cuesti\u00f3n de segundos, lo que resulta muy \u00fatil para los turnos r\u00e1pidos y los est\u00e1ndares uniformes.<\/p>\n<p data-start=\"591\" data-end=\"1074\">El interior tiene una forma que facilita el vaciado, y el exterior est\u00e1 dise\u00f1ado para una limpieza sencilla entre estancias. Al mantener la bolsa bien colocada, el personal puede reducir el contacto con la propia papelera y mantener el interior fresco durante m\u00e1s tiempo. Sin mecanismos complicados, permanece silenciosa durante su uso y no llamar\u00e1 la atenci\u00f3n en la habitaci\u00f3n. Es ideal para establecimientos de marca que quieren que la gesti\u00f3n de residuos en las habitaciones parezca intencionada, no improvisada.<\/p>","protected":false},"excerpt":{"rendered":"<p>Papelera compacta para habitaciones de hotel. Una anilla incorporada mantiene la bolsa fuera de la vista, dando a las habitaciones un aspecto pulido. Las superficies lisas se limpian r\u00e1pidamente y la anilla se extrae para volver a colocarla.<\/p>","protected":false},"featured_media":228,"template":"","meta":{"_gspb_post_css":""},"product_brand":[],"product_cat":[22,21],"product_tag":[],"class_list":{"0":"post-217","1":"product","2":"type-product","3":"status-publish","4":"has-post-thumbnail","6":"product_cat-hotel-room-bins","7":"product_cat-indoor-trash-bins","9":"first","10":"instock","11":"shipping-taxable","12":"purchasable","13":"product-type-simple"},"_links":{"self":[{"href":"https:\/\/facilityprojectsolutions.com\/es\/wp-json\/wp\/v2\/product\/217","targetHints":{"allow":["GET"]}}],"collection":[{"href":"https:\/\/facilityprojectsolutions.com\/es\/wp-json\/wp\/v2\/product"}],"about":[{"href":"https:\/\/facilityprojectsolutions.com\/es\/wp-json\/wp\/v2\/types\/product"}],"wp:featuredmedia":[{"embeddable":true,"href":"https:\/\/facilityprojectsolutions.com\/es\/wp-json\/wp\/v2\/media\/228"}],"wp:attachment":[{"href":"https:\/\/facilityprojectsolutions.com\/es\/wp-json\/wp\/v2\/media?parent=217"}],"wp:term":[{"taxonomy":"product_brand","embeddable":true,"href":"https:\/\/facilityprojectsolutions.com\/es\/wp-json\/wp\/v2\/product_brand?post=217"},{"taxonomy":"product_cat","embeddable":true,"href":"https:\/\/facilityprojectsolutions.com\/es\/wp-json\/wp\/v2\/product_cat?post=217"},{"taxonomy":"product_tag","embeddable":true,"href":"https:\/\/facilityprojectsolutions.com\/es\/wp-json\/wp\/v2\/product_tag?post=217"}],"curies":[{"name":"wp","href":"https:\/\/api.w.org\/{rel}","templated":true}]}}