{"id":222,"date":"2026-02-13T05:52:21","date_gmt":"2026-02-13T05:52:21","guid":{"rendered":"https:\/\/facilityprojectsolutions.com\/?post_type=product&#038;p=222"},"modified":"2026-02-13T05:52:22","modified_gmt":"2026-02-13T05:52:22","slug":"pedal-bin-for-hotel-bathrooms-in-stainless-steel","status":"publish","type":"product","link":"https:\/\/facilityprojectsolutions.com\/es\/pedal-bin-for-hotel-bathrooms-in-stainless-steel\/","title":{"rendered":"Papelera de pedal para ba\u00f1os de hotel en acero inoxidable"},"content":{"rendered":"<p data-start=\"0\" data-end=\"1314\">Dise\u00f1ada para ba\u00f1os de invitados en los que se presta atenci\u00f3n a cada detalle, esta papelera de pedal de acero inoxidable mantiene la manipulaci\u00f3n de residuos discreta, higi\u00e9nica y silenciosa. El pedal de manos libres facilita las operaciones de limpieza durante los periodos de mayor afluencia, mientras que el elegante cuerpo met\u00e1lico combina f\u00e1cilmente con ambientes modernos, cl\u00e1sicos o minimalistas. En el interior, un cubo interior extra\u00edble se levanta para un vaciado y aclarado r\u00e1pidos, ayudando al personal de limpieza a reajustar el espacio de forma eficiente. Un aro que retiene la bolsa oculta los bordes de la bolsa para que el cubo tenga un aspecto pulido incluso entre servicios, sin bolsas expuestas a la vista de sus invitados. Para proteger la tranquilidad de la habitaci\u00f3n, la tapa est\u00e1 dise\u00f1ada para un cierre suave y controlado que reduce el ruido cuando se utiliza a altas horas de la noche o a primera hora de la ma\u00f1ana. Su silueta, que ocupa poco espacio, queda perfectamente colocada junto al lavabo o el inodoro sin entorpecer la circulaci\u00f3n. Los bordes redondeados y la superficie de acero inoxidable de f\u00e1cil limpieza simplifican el mantenimiento diario y garantizan la uniformidad de la marca en todo tipo de espacios. Ideal para ba\u00f1os de invitados y tocadores donde la limpieza, la est\u00e9tica y el bajo nivel de ruido son tan importantes como la durabilidad.<\/p>","protected":false},"excerpt":{"rendered":"<p data-start=\"1316\" data-end=\"1600\">Cubo de pedal de acero inoxidable dise\u00f1ado para cuartos de ba\u00f1o de hoteles, que combina la higiene manos libres con un aspecto pulido. El cubo interior extra\u00edble y el borde con cierre ocultan los bordes de la bolsa, mientras que la tapa de cierre silencioso favorece la comodidad de los hu\u00e9spedes.<\/p>","protected":false},"featured_media":235,"template":"","meta":{"_gspb_post_css":""},"product_brand":[],"product_cat":[22,21],"product_tag":[],"class_list":{"0":"post-222","1":"product","2":"type-product","3":"status-publish","4":"has-post-thumbnail","6":"product_cat-hotel-room-bins","7":"product_cat-indoor-trash-bins","9":"first","10":"instock","11":"shipping-taxable","12":"purchasable","13":"product-type-simple"},"_links":{"self":[{"href":"https:\/\/facilityprojectsolutions.com\/es\/wp-json\/wp\/v2\/product\/222","targetHints":{"allow":["GET"]}}],"collection":[{"href":"https:\/\/facilityprojectsolutions.com\/es\/wp-json\/wp\/v2\/product"}],"about":[{"href":"https:\/\/facilityprojectsolutions.com\/es\/wp-json\/wp\/v2\/types\/product"}],"wp:featuredmedia":[{"embeddable":true,"href":"https:\/\/facilityprojectsolutions.com\/es\/wp-json\/wp\/v2\/media\/235"}],"wp:attachment":[{"href":"https:\/\/facilityprojectsolutions.com\/es\/wp-json\/wp\/v2\/media?parent=222"}],"wp:term":[{"taxonomy":"product_brand","embeddable":true,"href":"https:\/\/facilityprojectsolutions.com\/es\/wp-json\/wp\/v2\/product_brand?post=222"},{"taxonomy":"product_cat","embeddable":true,"href":"https:\/\/facilityprojectsolutions.com\/es\/wp-json\/wp\/v2\/product_cat?post=222"},{"taxonomy":"product_tag","embeddable":true,"href":"https:\/\/facilityprojectsolutions.com\/es\/wp-json\/wp\/v2\/product_tag?post=222"}],"curies":[{"name":"wp","href":"https:\/\/api.w.org\/{rel}","templated":true}]}}