{"id":227,"date":"2026-02-13T06:04:31","date_gmt":"2026-02-13T06:04:31","guid":{"rendered":"https:\/\/facilityprojectsolutions.com\/?post_type=product&#038;p=227"},"modified":"2026-02-13T06:04:31","modified_gmt":"2026-02-13T06:04:31","slug":"cylindrical-hotel-trash-bin-for-guest-rooms","status":"publish","type":"product","link":"https:\/\/facilityprojectsolutions.com\/es\/cylindrical-hotel-trash-bin-for-guest-rooms\/","title":{"rendered":"Papelera cil\u00edndrica de hotel para habitaciones de hu\u00e9spedes"},"content":{"rendered":"<p data-start=\"0\" data-end=\"428\">Dise\u00f1ada para el ritmo diario de las habitaciones de hotel, esta papelera cil\u00edndrica se integra en la habitaci\u00f3n en lugar de destacar. Su silueta limpia y redondeada funciona junto a los tocadores, bajo los escritorios o cerca de los minibares, ayud\u00e1ndole a mantener una est\u00e9tica coherente en todo tipo de habitaciones. Los accesorios de las habitaciones suelen elegirse para complementar la decoraci\u00f3n de la habitaci\u00f3n; un cilindro discreto contribuye a ese objetivo.<\/p>\n<p data-start=\"430\" data-end=\"925\">Para una presentaci\u00f3n m\u00e1s ordenada, el cubo puede configurarse con un detalle de bolsa oculta -como un borde que retiene la bolsa o un cubo interior extra\u00edble- para que la bolsa no se vea y pueda cambiarse r\u00e1pidamente durante el servicio. Los proveedores de hosteler\u00eda suelen destacar la presentaci\u00f3n de \u201cbolsa oculta\u201d como un toque final de lujo. Los conceptos de borde de bolsa oculta tambi\u00e9n se utilizan en dise\u00f1os comerciales para retener y ocultar las bolsas y permitir cambios m\u00e1s r\u00e1pidos.<\/p>\n<p data-start=\"927\" data-end=\"1299\">Las superficies lisas y f\u00e1ciles de limpiar permiten una limpieza r\u00e1pida, reflejando el enfoque de limpieza f\u00e1cil y sin juntas que se encuentra en las papeleras comerciales. Al no tener tapa, la papelera ayuda a que el uso nocturno y la limpieza a primera hora de la ma\u00f1ana sean m\u00e1s silenciosos. Un elemento pr\u00e1ctico y esencial para los hu\u00e9spedes que mantiene las habitaciones con un aspecto pulido sin ralentizar al equipo de limpieza.<\/p>","protected":false},"excerpt":{"rendered":"<p data-start=\"1301\" data-end=\"1532\">Papelera de perfil redondo dise\u00f1ada para habitaciones de hotel. El cubo interior opcional o el borde de retenci\u00f3n de bolsas mantiene las bolsas ocultas para un aspecto m\u00e1s limpio, mientras que las superficies lisas se limpian r\u00e1pidamente para una limpieza silenciosa y eficiente.<\/p>","protected":false},"featured_media":236,"template":"","meta":{"_gspb_post_css":""},"product_brand":[],"product_cat":[22,21],"product_tag":[],"class_list":{"0":"post-227","1":"product","2":"type-product","3":"status-publish","4":"has-post-thumbnail","6":"product_cat-hotel-room-bins","7":"product_cat-indoor-trash-bins","9":"first","10":"instock","11":"shipping-taxable","12":"purchasable","13":"product-type-simple"},"_links":{"self":[{"href":"https:\/\/facilityprojectsolutions.com\/es\/wp-json\/wp\/v2\/product\/227","targetHints":{"allow":["GET"]}}],"collection":[{"href":"https:\/\/facilityprojectsolutions.com\/es\/wp-json\/wp\/v2\/product"}],"about":[{"href":"https:\/\/facilityprojectsolutions.com\/es\/wp-json\/wp\/v2\/types\/product"}],"wp:featuredmedia":[{"embeddable":true,"href":"https:\/\/facilityprojectsolutions.com\/es\/wp-json\/wp\/v2\/media\/236"}],"wp:attachment":[{"href":"https:\/\/facilityprojectsolutions.com\/es\/wp-json\/wp\/v2\/media?parent=227"}],"wp:term":[{"taxonomy":"product_brand","embeddable":true,"href":"https:\/\/facilityprojectsolutions.com\/es\/wp-json\/wp\/v2\/product_brand?post=227"},{"taxonomy":"product_cat","embeddable":true,"href":"https:\/\/facilityprojectsolutions.com\/es\/wp-json\/wp\/v2\/product_cat?post=227"},{"taxonomy":"product_tag","embeddable":true,"href":"https:\/\/facilityprojectsolutions.com\/es\/wp-json\/wp\/v2\/product_tag?post=227"}],"curies":[{"name":"wp","href":"https:\/\/api.w.org\/{rel}","templated":true}]}}