{"id":240,"date":"2026-02-13T06:23:44","date_gmt":"2026-02-13T06:23:44","guid":{"rendered":"https:\/\/facilityprojectsolutions.com\/?post_type=product&#038;p=240"},"modified":"2026-02-13T06:23:44","modified_gmt":"2026-02-13T06:23:44","slug":"luxury-lobby-trash-can-with-open-top","status":"publish","type":"product","link":"https:\/\/facilityprojectsolutions.com\/es\/luxury-lobby-trash-can-with-open-top\/","title":{"rendered":"Cubo de basura de lujo con tapa abierta"},"content":{"rendered":"<p data-start=\"0\" data-end=\"396\">Gesti\u00f3n de residuos refinada para espacios orientados a los hu\u00e9spedes. Este lujoso cubo de basura abierto en el vest\u00edbulo est\u00e1 dise\u00f1ado para integrarse en los interiores de los hoteles de lujo a la vez que resiste el uso p\u00fablico constante. Su perfil limpio y arquitect\u00f3nico favorece una primera impresi\u00f3n pulida en la recepci\u00f3n, los ascensores, los pasillos y las zonas de reuniones, animando a los hu\u00e9spedes a deshacerse de la basura sin ralentizar el tr\u00e1fico peatonal.<\/p>\n<p data-start=\"398\" data-end=\"875\">El acceso por la parte superior abierta facilita la eliminaci\u00f3n y reduce las p\u00e9rdidas, lo que ayuda a mantener ordenados los suelos y el mobiliario circundantes. Para los equipos de limpieza e instalaciones, la lata est\u00e1 dise\u00f1ada para un mantenimiento eficiente en la parte trasera de la empresa: una amplia apertura simplifica la retirada y sustituci\u00f3n de la bolsa, y se puede especificar una bolsa interior extra\u00edble opcional o un anillo de retenci\u00f3n de la bolsa para mantener la bolsa perfectamente oculta. Las superficies lisas se limpian r\u00e1pidamente, lo que facilita la limpieza rutinaria entre horas punta.<\/p>\n<p data-start=\"877\" data-end=\"1107\">Especifique esta pieza como parte de un paquete coordinado para zonas p\u00fablicas -ideal para hoteles que buscan un aspecto coherente y de primera calidad en zonas de vest\u00edbulo y espacios de trabajo compartidos- sin comprometer la durabilidad ni la fiabilidad del mantenimiento diario.<\/p>","protected":false},"excerpt":{"rendered":"<p data-start=\"1109\" data-end=\"1328\">Un cubo de basura de vest\u00edbulo abierto de primera calidad dise\u00f1ado para espacios hoteleros muy transitados: f\u00e1cil de usar para los hu\u00e9spedes, r\u00e1pido de mantener para el personal y lo suficientemente pulido para zonas de recepci\u00f3n, pasillos y centros de negocios.<\/p>","protected":false},"featured_media":246,"template":"","meta":{"_gspb_post_css":""},"product_brand":[],"product_cat":[23,21],"product_tag":[],"class_list":{"0":"post-240","1":"product","2":"type-product","3":"status-publish","4":"has-post-thumbnail","6":"product_cat-lobby-trash-cans","7":"product_cat-indoor-trash-bins","9":"first","10":"instock","11":"shipping-taxable","12":"purchasable","13":"product-type-simple"},"_links":{"self":[{"href":"https:\/\/facilityprojectsolutions.com\/es\/wp-json\/wp\/v2\/product\/240","targetHints":{"allow":["GET"]}}],"collection":[{"href":"https:\/\/facilityprojectsolutions.com\/es\/wp-json\/wp\/v2\/product"}],"about":[{"href":"https:\/\/facilityprojectsolutions.com\/es\/wp-json\/wp\/v2\/types\/product"}],"wp:featuredmedia":[{"embeddable":true,"href":"https:\/\/facilityprojectsolutions.com\/es\/wp-json\/wp\/v2\/media\/246"}],"wp:attachment":[{"href":"https:\/\/facilityprojectsolutions.com\/es\/wp-json\/wp\/v2\/media?parent=240"}],"wp:term":[{"taxonomy":"product_brand","embeddable":true,"href":"https:\/\/facilityprojectsolutions.com\/es\/wp-json\/wp\/v2\/product_brand?post=240"},{"taxonomy":"product_cat","embeddable":true,"href":"https:\/\/facilityprojectsolutions.com\/es\/wp-json\/wp\/v2\/product_cat?post=240"},{"taxonomy":"product_tag","embeddable":true,"href":"https:\/\/facilityprojectsolutions.com\/es\/wp-json\/wp\/v2\/product_tag?post=240"}],"curies":[{"name":"wp","href":"https:\/\/api.w.org\/{rel}","templated":true}]}}