{"id":241,"date":"2026-02-13T06:34:50","date_gmt":"2026-02-13T06:34:50","guid":{"rendered":"https:\/\/facilityprojectsolutions.com\/?post_type=product&#038;p=241"},"modified":"2026-02-13T06:34:50","modified_gmt":"2026-02-13T06:34:50","slug":"stainless-steel-lobby-litter-bin","status":"publish","type":"product","link":"https:\/\/facilityprojectsolutions.com\/es\/stainless-steel-lobby-litter-bin\/","title":{"rendered":"Papelera de acero inoxidable para vest\u00edbulos"},"content":{"rendered":"<p data-start=\"0\" data-end=\"364\">Dise\u00f1ada para vest\u00edbulos de hoteles muy frecuentados, esta papelera de acero inoxidable ayuda a que sus espacios p\u00fablicos se mantengan limpios desde la entrada hasta la noche. El exterior de metal limpio se adapta de forma natural a una amplia gama de decoraciones interiores, lo que refuerza la impresi\u00f3n de \u201climpieza y orden\u201d que los hu\u00e9spedes asocian a los establecimientos bien gestionados.<\/p>\n<p data-start=\"366\" data-end=\"757\">Su dise\u00f1o abierto y de f\u00e1cil colocaci\u00f3n permite una eliminaci\u00f3n r\u00e1pida e intuitiva, ideal para entradas, ascensores y vest\u00edbulos de reuniones, al tiempo que ayuda a reducir la acumulaci\u00f3n visible de basura en zonas compartidas. Para los equipos de operaciones, la zona de bolsas est\u00e1 dise\u00f1ada para facilitar el acceso a los servicios, agilizar el cambio de bolsas durante las rondas rutinarias y mantener la eficiencia de los flujos de trabajo de limpieza.<\/p>\n<p data-start=\"759\" data-end=\"1185\">El acero inoxidable es muy apreciado en entornos higi\u00e9nicos porque es suave y f\u00e1cil de limpiar; adem\u00e1s, su resistencia a la corrosi\u00f3n permite limpiarlo con frecuencia e higienizarlo peri\u00f3dicamente sin necesidad de un mantenimiento complicado. Util\u00edcelo como unidad independiente o junto con estaciones de residuos\/reciclaje coordinadas para reforzar un aspecto coherente y preparado para el vest\u00edbulo que proteja la primera impresi\u00f3n de su marca.<\/p>","protected":false},"excerpt":{"rendered":"<p>Una papelera de acero inoxidable preparada para el vest\u00edbulo de hoteles, dise\u00f1ada para un uso muy intenso, con un dise\u00f1o de apertura superior, f\u00e1cil limpieza y acceso a la bolsa para agilizar el cambio de bolsas.<\/p>","protected":false},"featured_media":250,"template":"","meta":{"_gspb_post_css":""},"product_brand":[],"product_cat":[23,21],"product_tag":[],"class_list":{"0":"post-241","1":"product","2":"type-product","3":"status-publish","4":"has-post-thumbnail","6":"product_cat-lobby-trash-cans","7":"product_cat-indoor-trash-bins","9":"first","10":"instock","11":"shipping-taxable","12":"purchasable","13":"product-type-simple"},"_links":{"self":[{"href":"https:\/\/facilityprojectsolutions.com\/es\/wp-json\/wp\/v2\/product\/241","targetHints":{"allow":["GET"]}}],"collection":[{"href":"https:\/\/facilityprojectsolutions.com\/es\/wp-json\/wp\/v2\/product"}],"about":[{"href":"https:\/\/facilityprojectsolutions.com\/es\/wp-json\/wp\/v2\/types\/product"}],"wp:featuredmedia":[{"embeddable":true,"href":"https:\/\/facilityprojectsolutions.com\/es\/wp-json\/wp\/v2\/media\/250"}],"wp:attachment":[{"href":"https:\/\/facilityprojectsolutions.com\/es\/wp-json\/wp\/v2\/media?parent=241"}],"wp:term":[{"taxonomy":"product_brand","embeddable":true,"href":"https:\/\/facilityprojectsolutions.com\/es\/wp-json\/wp\/v2\/product_brand?post=241"},{"taxonomy":"product_cat","embeddable":true,"href":"https:\/\/facilityprojectsolutions.com\/es\/wp-json\/wp\/v2\/product_cat?post=241"},{"taxonomy":"product_tag","embeddable":true,"href":"https:\/\/facilityprojectsolutions.com\/es\/wp-json\/wp\/v2\/product_tag?post=241"}],"curies":[{"name":"wp","href":"https:\/\/api.w.org\/{rel}","templated":true}]}}