{"id":242,"date":"2026-02-13T06:40:41","date_gmt":"2026-02-13T06:40:41","guid":{"rendered":"https:\/\/facilityprojectsolutions.com\/?post_type=product&#038;p=242"},"modified":"2026-02-13T06:40:41","modified_gmt":"2026-02-13T06:40:41","slug":"marble-pattern-lobby-trash-receptacle","status":"publish","type":"product","link":"https:\/\/facilityprojectsolutions.com\/es\/marble-pattern-lobby-trash-receptacle\/","title":{"rendered":"Recipiente de basura para vest\u00edbulo con dise\u00f1o de m\u00e1rmol"},"content":{"rendered":"<p data-start=\"0\" data-end=\"302\">Un vest\u00edbulo pulido merece una gesti\u00f3n de residuos que parezca intencionada. Este cubo de basura con dise\u00f1o de m\u00e1rmol aporta una est\u00e9tica inspirada en la piedra a las entradas, pasillos, salas de reuniones y oficinas ejecutivas de los hoteles, ayudando a mantener ordenados los espacios p\u00fablicos sin romper el lenguaje del dise\u00f1o.<\/p>\n<p data-start=\"304\" data-end=\"765\">Construido para el tr\u00e1fico diario, el exterior est\u00e1 dise\u00f1ado para resistir los ara\u00f1azos y mantener un aspecto refinado. La abertura superior facilita la eliminaci\u00f3n r\u00e1pida y reduce el desorden visual alrededor de la papelera. En el interior, una bolsa extra\u00edble facilita el cambio de bolsas a los equipos de limpieza y ayuda a mantener el borde de la bolsa discreto para una presentaci\u00f3n m\u00e1s limpia. Las superficies lisas se limpian f\u00e1cilmente, por lo que resulta pr\u00e1ctico para zonas de gran rotaci\u00f3n en las que la limpieza est\u00e1 siempre a la vista.<\/p>\n<p data-start=\"767\" data-end=\"1080\">Util\u00edcelo como acento independiente cerca de las zonas de asientos o coloque varias unidades a lo largo del flujo de invitados para guiar la disposici\u00f3n de forma natural. El aspecto de m\u00e1rmol complementa los interiores modernos, cl\u00e1sicos y de boutique, ofreciendo un toque exclusivo que parece m\u00e1s decoraci\u00f3n que equipamiento, a la vez que realiza silenciosamente el trabajo del que dependen todos los vest\u00edbulos.<\/p>","protected":false},"excerpt":{"rendered":"<p>Cubo de basura con aspecto de m\u00e1rmol para hoteles y oficinas. Un exterior duradero y f\u00e1cil de limpiar con una c\u00f3moda abertura superior y una bolsa extra\u00edble que permite cambiar las bolsas r\u00e1pidamente y mantener las zonas p\u00fablicas limpias.<\/p>","protected":false},"featured_media":254,"template":"","meta":{"_gspb_post_css":""},"product_brand":[],"product_cat":[23,21],"product_tag":[],"class_list":{"0":"post-242","1":"product","2":"type-product","3":"status-publish","4":"has-post-thumbnail","6":"product_cat-lobby-trash-cans","7":"product_cat-indoor-trash-bins","9":"first","10":"instock","11":"shipping-taxable","12":"purchasable","13":"product-type-simple"},"_links":{"self":[{"href":"https:\/\/facilityprojectsolutions.com\/es\/wp-json\/wp\/v2\/product\/242","targetHints":{"allow":["GET"]}}],"collection":[{"href":"https:\/\/facilityprojectsolutions.com\/es\/wp-json\/wp\/v2\/product"}],"about":[{"href":"https:\/\/facilityprojectsolutions.com\/es\/wp-json\/wp\/v2\/types\/product"}],"wp:featuredmedia":[{"embeddable":true,"href":"https:\/\/facilityprojectsolutions.com\/es\/wp-json\/wp\/v2\/media\/254"}],"wp:attachment":[{"href":"https:\/\/facilityprojectsolutions.com\/es\/wp-json\/wp\/v2\/media?parent=242"}],"wp:term":[{"taxonomy":"product_brand","embeddable":true,"href":"https:\/\/facilityprojectsolutions.com\/es\/wp-json\/wp\/v2\/product_brand?post=242"},{"taxonomy":"product_cat","embeddable":true,"href":"https:\/\/facilityprojectsolutions.com\/es\/wp-json\/wp\/v2\/product_cat?post=242"},{"taxonomy":"product_tag","embeddable":true,"href":"https:\/\/facilityprojectsolutions.com\/es\/wp-json\/wp\/v2\/product_tag?post=242"}],"curies":[{"name":"wp","href":"https:\/\/api.w.org\/{rel}","templated":true}]}}