{"id":257,"date":"2026-02-13T07:02:55","date_gmt":"2026-02-13T07:02:55","guid":{"rendered":"https:\/\/facilityprojectsolutions.com\/?post_type=product&#038;p=257"},"modified":"2026-02-13T07:02:55","modified_gmt":"2026-02-13T07:02:55","slug":"premium-lobby-waste-bin-with-wood-grain-panel","status":"publish","type":"product","link":"https:\/\/facilityprojectsolutions.com\/es\/premium-lobby-waste-bin-with-wood-grain-panel\/","title":{"rendered":"Papelera Premium Lobby con panel de madera"},"content":{"rendered":"<p data-start=\"0\" data-end=\"431\">La gesti\u00f3n de los residuos de la recepci\u00f3n no debe parecer algo secundario. Esta papelera de primera calidad combina un c\u00e1lido panel con vetas de madera con un perfil limpio y arquitect\u00f3nico, lo que ayuda a que el recipiente combine con los interiores de hoteles de lujo en lugar de competir con ellos. Dise\u00f1ada para zonas p\u00fablicas donde la presentaci\u00f3n es importante, ofrece un aspecto discreto que mejora el entorno general.<\/p>\n<p data-start=\"433\" data-end=\"944\">En el d\u00eda a d\u00eda, la apertura superior de la papelera hace que su uso sea intuitivo para los clientes, por lo que las zonas de recepci\u00f3n, los vest\u00edbulos de los ascensores y los pasillos de las salas de reuniones se mantienen ordenados. El servicio tambi\u00e9n se agiliza: el interior est\u00e1 dise\u00f1ado para cambiar r\u00e1pidamente la bolsa y contenerla de forma ordenada, en consonancia con los dise\u00f1os comerciales habituales que ocultan el cubo y la bolsa de basura y facilitan su retirada. Es ideal para las rondas de limpieza y los equipos de limpieza contratados que valoran la rapidez y la limpieza.<\/p>\n<p data-start=\"946\" data-end=\"1226\">Con superficies duraderas que se limpian con un pa\u00f1o y un acabado de dise\u00f1o vanguardista, es una mejora sencilla para las propiedades que desean que la limpieza parezca intencionada, tanto si se utiliza como elemento independiente como si se repite en espacios compartidos para lograr un aspecto uniforme.<\/p>","protected":false},"excerpt":{"rendered":"<p>Papelera para vest\u00edbulos de primera calidad con un c\u00e1lido panel de madera veteada, pensada para las zonas p\u00fablicas de los hoteles. Su apertura superior y su discreta bolsa de f\u00e1cil mantenimiento ayudan a mantener limpios vest\u00edbulos y pasillos con el m\u00ednimo esfuerzo por parte del personal.<\/p>","protected":false},"featured_media":265,"template":"","meta":{"_gspb_post_css":""},"product_brand":[],"product_cat":[23,21],"product_tag":[],"class_list":{"0":"post-257","1":"product","2":"type-product","3":"status-publish","4":"has-post-thumbnail","6":"product_cat-lobby-trash-cans","7":"product_cat-indoor-trash-bins","9":"first","10":"instock","11":"shipping-taxable","12":"purchasable","13":"product-type-simple"},"_links":{"self":[{"href":"https:\/\/facilityprojectsolutions.com\/es\/wp-json\/wp\/v2\/product\/257","targetHints":{"allow":["GET"]}}],"collection":[{"href":"https:\/\/facilityprojectsolutions.com\/es\/wp-json\/wp\/v2\/product"}],"about":[{"href":"https:\/\/facilityprojectsolutions.com\/es\/wp-json\/wp\/v2\/types\/product"}],"wp:featuredmedia":[{"embeddable":true,"href":"https:\/\/facilityprojectsolutions.com\/es\/wp-json\/wp\/v2\/media\/265"}],"wp:attachment":[{"href":"https:\/\/facilityprojectsolutions.com\/es\/wp-json\/wp\/v2\/media?parent=257"}],"wp:term":[{"taxonomy":"product_brand","embeddable":true,"href":"https:\/\/facilityprojectsolutions.com\/es\/wp-json\/wp\/v2\/product_brand?post=257"},{"taxonomy":"product_cat","embeddable":true,"href":"https:\/\/facilityprojectsolutions.com\/es\/wp-json\/wp\/v2\/product_cat?post=257"},{"taxonomy":"product_tag","embeddable":true,"href":"https:\/\/facilityprojectsolutions.com\/es\/wp-json\/wp\/v2\/product_tag?post=257"}],"curies":[{"name":"wp","href":"https:\/\/api.w.org\/{rel}","templated":true}]}}