{"id":258,"date":"2026-02-13T07:16:28","date_gmt":"2026-02-13T07:16:28","guid":{"rendered":"https:\/\/facilityprojectsolutions.com\/?post_type=product&#038;p=258"},"modified":"2026-02-13T07:16:28","modified_gmt":"2026-02-13T07:16:28","slug":"office-waste-bin-with-swing-lid","status":"publish","type":"product","link":"https:\/\/facilityprojectsolutions.com\/es\/office-waste-bin-with-swing-lid\/","title":{"rendered":"Papelera de oficina con tapa abatible"},"content":{"rendered":"<p data-start=\"0\" data-end=\"491\">Mantenga el orden en las zonas destinadas a los hu\u00e9spedes con una papelera de tapa abatible dise\u00f1ada para los ajetreados interiores de los hoteles. La parte superior cubierta ayuda a mantener los residuos fuera de la vista, reduciendo el desorden visual en vest\u00edbulos, pasillos, centros de negocios y oficinas de personal, al tiempo que ofrece una r\u00e1pida eliminaci\u00f3n con una sola mano. Su exterior liso y f\u00e1cil de limpiar facilita el trabajo del personal de limpieza y de atenci\u00f3n al p\u00fablico, y la tapa abatible se puede levantar para cambiar las bolsas f\u00e1cilmente durante las horas de mayor afluencia.<\/p>\n<p data-start=\"493\" data-end=\"871\">Para una presentaci\u00f3n m\u00e1s limpia, los bordes de la bolsa pueden meterse debajo de la tapa para que la bolsa quede discreta. La parte superior abovedada tambi\u00e9n anima a los clientes a tirar los residuos sin tocar el borde, favoreciendo la higiene diaria en espacios compartidos. Col\u00f3quela donde haya m\u00e1s tr\u00e1nsito de personas, cerca de cafeter\u00edas, salas de reuniones o descansillos de ascensor, para ayudar a mantener ordenadas las zonas comunes.<\/p>\n<p data-start=\"873\" data-end=\"1144\">Con una silueta limpia y discreta, la papelera se integra en la decoraci\u00f3n moderna y cl\u00e1sica en lugar de competir con ella. La sencilla acci\u00f3n de giro de la tapa evita el \u201cportazo\u201d que a menudo se asocia a los pedales, lo que ayuda a mantener la tranquilidad de los clientes mientras el equipo sigue prestando el servicio.<\/p>","protected":false},"excerpt":{"rendered":"<p>Papelera con tapa abatible para vest\u00edbulos de hoteles y zonas de oficinas, que mantiene la basura discreta y los espacios comunes ordenados. Las superficies lisas se limpian r\u00e1pidamente y la tapa abatible facilita el cambio de bolsas durante las rondas diarias.<\/p>","protected":false},"featured_media":270,"template":"","meta":{"_gspb_post_css":""},"product_brand":[],"product_cat":[24,21],"product_tag":[],"class_list":{"0":"post-258","1":"product","2":"type-product","3":"status-publish","4":"has-post-thumbnail","6":"product_cat-office-trash-bins","7":"product_cat-indoor-trash-bins","9":"first","10":"instock","11":"shipping-taxable","12":"purchasable","13":"product-type-simple"},"_links":{"self":[{"href":"https:\/\/facilityprojectsolutions.com\/es\/wp-json\/wp\/v2\/product\/258","targetHints":{"allow":["GET"]}}],"collection":[{"href":"https:\/\/facilityprojectsolutions.com\/es\/wp-json\/wp\/v2\/product"}],"about":[{"href":"https:\/\/facilityprojectsolutions.com\/es\/wp-json\/wp\/v2\/types\/product"}],"wp:featuredmedia":[{"embeddable":true,"href":"https:\/\/facilityprojectsolutions.com\/es\/wp-json\/wp\/v2\/media\/270"}],"wp:attachment":[{"href":"https:\/\/facilityprojectsolutions.com\/es\/wp-json\/wp\/v2\/media?parent=258"}],"wp:term":[{"taxonomy":"product_brand","embeddable":true,"href":"https:\/\/facilityprojectsolutions.com\/es\/wp-json\/wp\/v2\/product_brand?post=258"},{"taxonomy":"product_cat","embeddable":true,"href":"https:\/\/facilityprojectsolutions.com\/es\/wp-json\/wp\/v2\/product_cat?post=258"},{"taxonomy":"product_tag","embeddable":true,"href":"https:\/\/facilityprojectsolutions.com\/es\/wp-json\/wp\/v2\/product_tag?post=258"}],"curies":[{"name":"wp","href":"https:\/\/api.w.org\/{rel}","templated":true}]}}