{"id":271,"date":"2026-02-13T07:40:39","date_gmt":"2026-02-13T07:40:39","guid":{"rendered":"https:\/\/facilityprojectsolutions.com\/?post_type=product&#038;p=271"},"modified":"2026-02-13T07:40:39","modified_gmt":"2026-02-13T07:40:39","slug":"stainless-steel-office-trash-can","status":"publish","type":"product","link":"https:\/\/facilityprojectsolutions.com\/es\/stainless-steel-office-trash-can\/","title":{"rendered":"Papelera de oficina de acero inoxidable"},"content":{"rendered":"<p data-start=\"0\" data-end=\"419\">Establezca el tono de un hotel bien cuidado con una papelera de oficina de acero inoxidable de aspecto tan pulido como el espacio que la rodea. El cuerpo met\u00e1lico aporta una presencia limpia y moderna a vest\u00edbulos, pasillos, centros de negocios y salas de reuniones, \u00e1reas en las que los hu\u00e9spedes se fijan en los detalles. La c\u00f3moda apertura superior permite tirar los residuos r\u00e1pidamente con una sola mano, lo que ayuda al personal y a los visitantes a mantener ordenadas las zonas p\u00fablicas durante todo el d\u00eda.<\/p>\n<p data-start=\"421\" data-end=\"1097\">Para una mayor eficiencia, muchos dise\u00f1os comerciales de acero inoxidable utilizan una parte superior abatible con un cubo interior extra\u00edble, o un borde de retenci\u00f3n que mantiene la bolsa limpia y f\u00e1cil de sustituir. Las superficies lisas de acero inoxidable se limpian f\u00e1cilmente despu\u00e9s de derrames o huellas dactilares, y el acero inoxidable es conocido por su durabilidad y larga vida \u00fatil. El acabado neutro combina de forma natural con la piedra, la madera y los interiores textiles, por lo que su colocaci\u00f3n resulta intencionada junto a los ascensores, los mostradores de recepci\u00f3n o los puestos de bebidas. El\u00edjalo para establecimientos que deseen un recipiente fiable y f\u00e1cil de mantener que favorezca una presentaci\u00f3n coherente de la marca en todas las zonas de cara al cliente.<\/p>","protected":false},"excerpt":{"rendered":"<p>Papelera de oficina de acero inoxidable para vest\u00edbulos de hoteles y salas de reuniones. Aspecto limpio y moderno, c\u00f3moda apertura superior y f\u00e1cil manejo de la bolsa con cubo interior extra\u00edble o borde de retenci\u00f3n de la bolsa, f\u00e1cil de limpiar y dise\u00f1ado para soportar un tr\u00e1fico intenso.<\/p>","protected":false},"featured_media":274,"template":"","meta":{"_gspb_post_css":""},"product_brand":[],"product_cat":[24,21],"product_tag":[],"class_list":{"0":"post-271","1":"product","2":"type-product","3":"status-publish","4":"has-post-thumbnail","6":"product_cat-office-trash-bins","7":"product_cat-indoor-trash-bins","9":"first","10":"instock","11":"shipping-taxable","12":"purchasable","13":"product-type-simple"},"_links":{"self":[{"href":"https:\/\/facilityprojectsolutions.com\/es\/wp-json\/wp\/v2\/product\/271","targetHints":{"allow":["GET"]}}],"collection":[{"href":"https:\/\/facilityprojectsolutions.com\/es\/wp-json\/wp\/v2\/product"}],"about":[{"href":"https:\/\/facilityprojectsolutions.com\/es\/wp-json\/wp\/v2\/types\/product"}],"wp:featuredmedia":[{"embeddable":true,"href":"https:\/\/facilityprojectsolutions.com\/es\/wp-json\/wp\/v2\/media\/274"}],"wp:attachment":[{"href":"https:\/\/facilityprojectsolutions.com\/es\/wp-json\/wp\/v2\/media?parent=271"}],"wp:term":[{"taxonomy":"product_brand","embeddable":true,"href":"https:\/\/facilityprojectsolutions.com\/es\/wp-json\/wp\/v2\/product_brand?post=271"},{"taxonomy":"product_cat","embeddable":true,"href":"https:\/\/facilityprojectsolutions.com\/es\/wp-json\/wp\/v2\/product_cat?post=271"},{"taxonomy":"product_tag","embeddable":true,"href":"https:\/\/facilityprojectsolutions.com\/es\/wp-json\/wp\/v2\/product_tag?post=271"}],"curies":[{"name":"wp","href":"https:\/\/api.w.org\/{rel}","templated":true}]}}