{"id":272,"date":"2026-02-13T07:55:31","date_gmt":"2026-02-13T07:55:31","guid":{"rendered":"https:\/\/facilityprojectsolutions.com\/?post_type=product&#038;p=272"},"modified":"2026-02-13T07:55:32","modified_gmt":"2026-02-13T07:55:32","slug":"slim-office-litter-bin-for-corridors","status":"publish","type":"product","link":"https:\/\/facilityprojectsolutions.com\/es\/slim-office-litter-bin-for-corridors\/","title":{"rendered":"Papelera de oficina delgada para pasillos"},"content":{"rendered":"<p data-start=\"0\" data-end=\"327\">En los ajetreados pasillos de hoteles, vest\u00edbulos de ascensores y vest\u00edbulos de oficinas, los puntos de recogida de residuos deben ser f\u00e1ciles de encontrar sin ocupar un valioso espacio de paso. Esta delgada papelera de oficina est\u00e1 dise\u00f1ada para colocarse perfectamente a lo largo de paredes y esquinas, lo que ayuda a mantener despejadas las rutas de circulaci\u00f3n a la vez que se mantiene un aspecto pulido.<\/p>\n<p data-start=\"329\" data-end=\"766\">La apertura superior facilita la eliminaci\u00f3n sobre la marcha para hu\u00e9spedes, visitantes y personal, ideal para tazas de caf\u00e9, pa\u00f1uelos de papel y envases de comida para llevar. Su exterior duradero est\u00e1 pensado para ser limpiado con frecuencia, de modo que el personal de limpieza pueda restaurar un aspecto limpio r\u00e1pidamente entre los periodos de mayor afluencia. Para un funcionamiento m\u00e1s fluido, la papelera est\u00e1 dise\u00f1ada para permitir un cambio r\u00e1pido de la bolsa y un vaciado controlado y sin complicaciones, lo que reduce el tiempo que el personal dedica a las zonas p\u00fablicas.<\/p>\n<p data-start=\"768\" data-end=\"1132\">Con un estilo discreto que se adapta tanto a interiores modernos como cl\u00e1sicos, la papelera ayuda a reducir el desorden visual en vest\u00edbulos largos y pasillos compartidos. Util\u00edcela como soluci\u00f3n \u00fanica en plantas m\u00e1s tranquilas o como parte de un programa coordinado de recogida de residuos en vest\u00edbulos, vest\u00edbulos de salas de reuniones y transiciones de atr\u00e1s hacia delante, para mantener su propiedad siempre ordenada y lista para recibir visitas.<\/p>","protected":false},"excerpt":{"rendered":"<p data-start=\"1134\" data-end=\"1341\">Una papelera delgada y preparada para pasillos, dise\u00f1ada para hoteles y oficinas, que mantiene los pasillos despejados, tiene un aspecto discreto en las zonas p\u00fablicas y permite el cambio r\u00e1pido de la bolsa por parte de los equipos de limpieza e instalaciones.<\/p>","protected":false},"featured_media":278,"template":"","meta":{"_gspb_post_css":""},"product_brand":[],"product_cat":[24,21],"product_tag":[],"class_list":{"0":"post-272","1":"product","2":"type-product","3":"status-publish","4":"has-post-thumbnail","6":"product_cat-office-trash-bins","7":"product_cat-indoor-trash-bins","9":"first","10":"instock","11":"shipping-taxable","12":"purchasable","13":"product-type-simple"},"_links":{"self":[{"href":"https:\/\/facilityprojectsolutions.com\/es\/wp-json\/wp\/v2\/product\/272","targetHints":{"allow":["GET"]}}],"collection":[{"href":"https:\/\/facilityprojectsolutions.com\/es\/wp-json\/wp\/v2\/product"}],"about":[{"href":"https:\/\/facilityprojectsolutions.com\/es\/wp-json\/wp\/v2\/types\/product"}],"wp:featuredmedia":[{"embeddable":true,"href":"https:\/\/facilityprojectsolutions.com\/es\/wp-json\/wp\/v2\/media\/278"}],"wp:attachment":[{"href":"https:\/\/facilityprojectsolutions.com\/es\/wp-json\/wp\/v2\/media?parent=272"}],"wp:term":[{"taxonomy":"product_brand","embeddable":true,"href":"https:\/\/facilityprojectsolutions.com\/es\/wp-json\/wp\/v2\/product_brand?post=272"},{"taxonomy":"product_cat","embeddable":true,"href":"https:\/\/facilityprojectsolutions.com\/es\/wp-json\/wp\/v2\/product_cat?post=272"},{"taxonomy":"product_tag","embeddable":true,"href":"https:\/\/facilityprojectsolutions.com\/es\/wp-json\/wp\/v2\/product_tag?post=272"}],"curies":[{"name":"wp","href":"https:\/\/api.w.org\/{rel}","templated":true}]}}