{"id":273,"date":"2026-02-13T08:03:40","date_gmt":"2026-02-13T08:03:40","guid":{"rendered":"https:\/\/facilityprojectsolutions.com\/?post_type=product&#038;p=273"},"modified":"2026-02-13T08:03:40","modified_gmt":"2026-02-13T08:03:40","slug":"rectangular-office-waste-bin-with-liner","status":"publish","type":"product","link":"https:\/\/facilityprojectsolutions.com\/es\/rectangular-office-waste-bin-with-liner\/","title":{"rendered":"Papelera rectangular de oficina con bolsa"},"content":{"rendered":"<p data-start=\"0\" data-end=\"477\">Los espacios para hu\u00e9spedes tienen mejor aspecto cuando desaparecen los peque\u00f1os detalles. Esta papelera rectangular est\u00e1 pensada para interiores de hoteles en los que un perfil ordenado y unos cambios r\u00e1pidos son importantes, desde habitaciones de hu\u00e9spedes hasta pasillos y zonas de reuniones. La bolsa extra\u00edble incluida permite cambiar las bolsas con mayor rapidez y ayuda a mantener el aspecto exterior uniforme entre las limpiezas a fondo; los dise\u00f1os que retienen la bolsa son muy utilizados para mantenerla segura y visualmente discreta.<\/p>\n<p data-start=\"479\" data-end=\"1043\">Col\u00f3quelo junto a un escritorio, un tocador o un minibar: su forma rectangular se adapta a las paredes y los muebles, aprovechando mejor las zonas estrechas del suelo sin interrumpir el flujo de tr\u00e1fico. Durante la renovaci\u00f3n de la habitaci\u00f3n, el personal puede levantar la bolsa, retirar los residuos limpiamente y volver a colocarla sin tocar las paredes interiores con tanta frecuencia, lo que reduce el tiempo de limpieza y mejora las rutinas de higiene diarias. Las bolsas de basura espec\u00edficas tambi\u00e9n son un art\u00edculo de suministro habitual en hosteler\u00eda, lo que refleja c\u00f3mo las bolsas simplifican el mantenimiento en establecimientos de alta rotaci\u00f3n.<\/p>\n<p data-start=\"1045\" data-end=\"1186\">En las zonas p\u00fablicas, la forma de l\u00edneas limpias ayuda a mantener los espacios organizados, al tiempo que ofrece una c\u00f3moda disposici\u00f3n para los hu\u00e9spedes y el personal.<\/p>","protected":false},"excerpt":{"rendered":"<p data-start=\"1188\" data-end=\"1411\">Una papelera rectangular que ahorra espacio con una bolsa extra\u00edble que mantiene los interiores m\u00e1s limpios y ayuda a ocultar los bordes de las bolsas, ideal para habitaciones de hu\u00e9spedes, pasillos y zonas de la trastienda que necesitan un mantenimiento r\u00e1pido y ordenado.<\/p>","protected":false},"featured_media":283,"template":"","meta":{"_gspb_post_css":""},"product_brand":[],"product_cat":[24,21],"product_tag":[],"class_list":{"0":"post-273","1":"product","2":"type-product","3":"status-publish","4":"has-post-thumbnail","6":"product_cat-office-trash-bins","7":"product_cat-indoor-trash-bins","9":"first","10":"instock","11":"shipping-taxable","12":"purchasable","13":"product-type-simple"},"_links":{"self":[{"href":"https:\/\/facilityprojectsolutions.com\/es\/wp-json\/wp\/v2\/product\/273","targetHints":{"allow":["GET"]}}],"collection":[{"href":"https:\/\/facilityprojectsolutions.com\/es\/wp-json\/wp\/v2\/product"}],"about":[{"href":"https:\/\/facilityprojectsolutions.com\/es\/wp-json\/wp\/v2\/types\/product"}],"wp:featuredmedia":[{"embeddable":true,"href":"https:\/\/facilityprojectsolutions.com\/es\/wp-json\/wp\/v2\/media\/283"}],"wp:attachment":[{"href":"https:\/\/facilityprojectsolutions.com\/es\/wp-json\/wp\/v2\/media?parent=273"}],"wp:term":[{"taxonomy":"product_brand","embeddable":true,"href":"https:\/\/facilityprojectsolutions.com\/es\/wp-json\/wp\/v2\/product_brand?post=273"},{"taxonomy":"product_cat","embeddable":true,"href":"https:\/\/facilityprojectsolutions.com\/es\/wp-json\/wp\/v2\/product_cat?post=273"},{"taxonomy":"product_tag","embeddable":true,"href":"https:\/\/facilityprojectsolutions.com\/es\/wp-json\/wp\/v2\/product_tag?post=273"}],"curies":[{"name":"wp","href":"https:\/\/api.w.org\/{rel}","templated":true}]}}