{"id":286,"date":"2026-02-13T08:16:25","date_gmt":"2026-02-13T08:16:25","guid":{"rendered":"https:\/\/facilityprojectsolutions.com\/?post_type=product&#038;p=286"},"modified":"2026-02-13T08:16:25","modified_gmt":"2026-02-13T08:16:25","slug":"pedal-office-trash-bin-in-stainless-steel","status":"publish","type":"product","link":"https:\/\/facilityprojectsolutions.com\/es\/pedal-office-trash-bin-in-stainless-steel\/","title":{"rendered":"Papelera de oficina con pedal en acero inoxidable"},"content":{"rendered":"<p data-start=\"0\" data-end=\"421\">Mantenga limpios los espacios destinados a los hu\u00e9spedes con una papelera de acero inoxidable con pedal dise\u00f1ada para vest\u00edbulos de hoteles, centros de negocios y oficinas. El pedal permite la eliminaci\u00f3n manos libres para ayudar a reducir la contaminaci\u00f3n cruzada en zonas de mucho tr\u00e1nsito. Su limpio exterior de acero inoxidable complementa los interiores contempor\u00e1neos y se limpia r\u00e1pidamente despu\u00e9s de periodos de servicio intenso.<\/p>\n<p data-start=\"423\" data-end=\"1285\">La planificaci\u00f3n del espacio es importante en hosteler\u00eda. Su forma delgada y vertical puede colocarse junto a ascensores, mostradores de conserjer\u00eda o nichos de pasillos sin interrumpir el tr\u00e1fico, mientras que el acceso superior hace que la eliminaci\u00f3n sea intuitiva para los clientes y el personal. Para agilizar la limpieza y la rotaci\u00f3n de las instalaciones, la papelera puede especificarse con una banda de retenci\u00f3n de bolsa o un borde de bolsa abatible que sujeta la bolsa, oculta los salientes y simplifica los cambios de bolsa. Seleccione un estilo de tapa de cierre controlado para mantener un funcionamiento discreto cerca de las salas de recepci\u00f3n y reuniones, y considere un dise\u00f1o de bisagra interna cuando coloque la papelera cerca de paredes o carpinter\u00eda para evitar rozaduras. El resultado es una soluci\u00f3n de residuos duradera y profesional que ayuda a mantener las zonas p\u00fablicas ordenadas y en l\u00ednea con los est\u00e1ndares de su marca.<\/p>","protected":false},"excerpt":{"rendered":"<p>Papelera de acero inoxidable con pedal para vest\u00edbulos de hoteles y oficinas. La apertura manos libres ayuda a limitar los puntos de contacto, mientras que la retenci\u00f3n de bolsa opcional y la tapa de cierre controlado facilitan el cambio r\u00e1pido de la bolsa y un aspecto limpio y profesional.<\/p>","protected":false},"featured_media":289,"template":"","meta":{"_gspb_post_css":""},"product_brand":[],"product_cat":[24,21],"product_tag":[],"class_list":{"0":"post-286","1":"product","2":"type-product","3":"status-publish","4":"has-post-thumbnail","6":"product_cat-office-trash-bins","7":"product_cat-indoor-trash-bins","9":"first","10":"instock","11":"shipping-taxable","12":"purchasable","13":"product-type-simple"},"_links":{"self":[{"href":"https:\/\/facilityprojectsolutions.com\/es\/wp-json\/wp\/v2\/product\/286","targetHints":{"allow":["GET"]}}],"collection":[{"href":"https:\/\/facilityprojectsolutions.com\/es\/wp-json\/wp\/v2\/product"}],"about":[{"href":"https:\/\/facilityprojectsolutions.com\/es\/wp-json\/wp\/v2\/types\/product"}],"wp:featuredmedia":[{"embeddable":true,"href":"https:\/\/facilityprojectsolutions.com\/es\/wp-json\/wp\/v2\/media\/289"}],"wp:attachment":[{"href":"https:\/\/facilityprojectsolutions.com\/es\/wp-json\/wp\/v2\/media?parent=286"}],"wp:term":[{"taxonomy":"product_brand","embeddable":true,"href":"https:\/\/facilityprojectsolutions.com\/es\/wp-json\/wp\/v2\/product_brand?post=286"},{"taxonomy":"product_cat","embeddable":true,"href":"https:\/\/facilityprojectsolutions.com\/es\/wp-json\/wp\/v2\/product_cat?post=286"},{"taxonomy":"product_tag","embeddable":true,"href":"https:\/\/facilityprojectsolutions.com\/es\/wp-json\/wp\/v2\/product_tag?post=286"}],"curies":[{"name":"wp","href":"https:\/\/api.w.org\/{rel}","templated":true}]}}