{"id":287,"date":"2026-02-13T08:36:01","date_gmt":"2026-02-13T08:36:01","guid":{"rendered":"https:\/\/facilityprojectsolutions.com\/?post_type=product&#038;p=287"},"modified":"2026-02-13T08:36:01","modified_gmt":"2026-02-13T08:36:01","slug":"smart-sensor-trash-can-for-offices","status":"publish","type":"product","link":"https:\/\/facilityprojectsolutions.com\/es\/smart-sensor-trash-can-for-offices\/","title":{"rendered":"Papelera con sensor inteligente para oficinas"},"content":{"rendered":"<p data-start=\"0\" data-end=\"375\">En los centros de negocios de los hoteles, las oficinas internas y las zonas de trabajo del vest\u00edbulo, las papeleras se utilizan todo el d\u00eda, a menudo con hu\u00e9spedes y personal movi\u00e9ndose r\u00e1pidamente. Esta papelera con sensor inteligente ofrece una experiencia de apertura sin contacto que ayuda a reducir los puntos de contacto compartidos y puede contribuir a una percepci\u00f3n de higiene m\u00e1s limpia en los espacios de cara al p\u00fablico.<\/p>\n<p data-start=\"377\" data-end=\"933\">La tapa activada por movimiento est\u00e1 pensada para el tr\u00e1fico diario, ya que se abre sin necesidad de usar las manos y se cierra de forma controlada y silenciosa, lo que se adapta mejor a los entornos hoteleros en los que hay mucho ruido. La c\u00f3moda abertura superior permite a los clientes deshacerse de la vajilla de forma intuitiva, mientras que las superficies lisas y f\u00e1ciles de limpiar ayudan al personal de limpieza a realizar limpiezas r\u00e1pidas entre rondas. Su exterior duradero y f\u00e1cil de limpiar est\u00e1 pensado para turnos ajetreados y ayuda a mantener un aspecto profesional con el paso del tiempo.<\/p>\n<p data-start=\"935\" data-end=\"1295\">En el interior, una zona de limpieza facilita el cambio de bolsas y ayuda a mantener el borde superior ordenado, para que las zonas p\u00fablicas permanezcan ordenadas entre las rondas de servicio. Col\u00f3quelo cerca de las salas de reuniones, los puestos del personal o un mostrador de conserjer\u00eda para contener la basura sin llamar la atenci\u00f3n y mantener una primera impresi\u00f3n pulida.<\/p>","protected":false},"excerpt":{"rendered":"<p data-start=\"1297\" data-end=\"1534\">Papelera con sensor sin contacto para oficinas de hotel, salas de reuniones y zonas de trabajo del vest\u00edbulo. El movimiento silencioso y controlado de la tapa, el exterior f\u00e1cil de limpiar y el manejo sencillo de la bolsa ayudan a mantener las zonas p\u00fablicas ordenadas y profesionales.<\/p>","protected":false},"featured_media":296,"template":"","meta":{"_gspb_post_css":""},"product_brand":[],"product_cat":[26,21],"product_tag":[],"class_list":{"0":"post-287","1":"product","2":"type-product","3":"status-publish","4":"has-post-thumbnail","6":"product_cat-smart-sensor-trash-cans","7":"product_cat-indoor-trash-bins","9":"first","10":"instock","11":"shipping-taxable","12":"purchasable","13":"product-type-simple"},"_links":{"self":[{"href":"https:\/\/facilityprojectsolutions.com\/es\/wp-json\/wp\/v2\/product\/287","targetHints":{"allow":["GET"]}}],"collection":[{"href":"https:\/\/facilityprojectsolutions.com\/es\/wp-json\/wp\/v2\/product"}],"about":[{"href":"https:\/\/facilityprojectsolutions.com\/es\/wp-json\/wp\/v2\/types\/product"}],"wp:featuredmedia":[{"embeddable":true,"href":"https:\/\/facilityprojectsolutions.com\/es\/wp-json\/wp\/v2\/media\/296"}],"wp:attachment":[{"href":"https:\/\/facilityprojectsolutions.com\/es\/wp-json\/wp\/v2\/media?parent=287"}],"wp:term":[{"taxonomy":"product_brand","embeddable":true,"href":"https:\/\/facilityprojectsolutions.com\/es\/wp-json\/wp\/v2\/product_brand?post=287"},{"taxonomy":"product_cat","embeddable":true,"href":"https:\/\/facilityprojectsolutions.com\/es\/wp-json\/wp\/v2\/product_cat?post=287"},{"taxonomy":"product_tag","embeddable":true,"href":"https:\/\/facilityprojectsolutions.com\/es\/wp-json\/wp\/v2\/product_tag?post=287"}],"curies":[{"name":"wp","href":"https:\/\/api.w.org\/{rel}","templated":true}]}}