{"id":301,"date":"2026-02-13T08:53:24","date_gmt":"2026-02-13T08:53:24","guid":{"rendered":"https:\/\/facilityprojectsolutions.com\/?post_type=product&#038;p=301"},"modified":"2026-02-13T08:53:24","modified_gmt":"2026-02-13T08:53:24","slug":"smart-waste-bin-with-automatic-lid","status":"publish","type":"product","link":"https:\/\/facilityprojectsolutions.com\/es\/smart-waste-bin-with-automatic-lid\/","title":{"rendered":"Papelera inteligente con tapa autom\u00e1tica"},"content":{"rendered":"<p>Dise\u00f1ada para los modernos interiores de hosteler\u00eda, esta papelera inteligente mantiene las habitaciones de los hu\u00e9spedes con un aspecto pulido y permite una rotaci\u00f3n m\u00e1s r\u00e1pida. La tapa autom\u00e1tica activada por sensor permite eliminar los residuos sin contacto, lo que reduce el contacto con una superficie que se manipula con frecuencia y ayuda a reducir el riesgo de contaminaci\u00f3n cruzada en entornos compartidos. <br data-start=\"368\" data-end=\"371\" \/>La tapa se cierra suave y silenciosamente para proteger una atm\u00f3sfera de descanso durante el uso nocturno o las rondas de limpieza matutinas. <br data-start=\"534\" data-end=\"537\" \/>En el interior, un borde que retiene la bolsa -y un cubo interior extra\u00edble opcional en determinadas configuraciones- ayuda a ocultar el borde de la bolsa, de modo que la papelera complementa la decoraci\u00f3n de la habitaci\u00f3n en lugar de dejar la bolsa a la vista. <br data-start=\"776\" data-end=\"779\" \/>El servicio diario es sencillo: las superficies lisas y f\u00e1ciles de limpiar y el interior de f\u00e1cil acceso permiten una limpieza r\u00e1pida con el m\u00ednimo trastorno. Col\u00f3quelo junto al tocador, cerca del minibar o en la zona de estar de una suite para disfrutar de una experiencia uniforme y exclusiva. Para las marcas que se centran en la comodidad y la higiene de los hu\u00e9spedes, es una mejora pr\u00e1ctica que da la sensaci\u00f3n de ser de primera calidad sin a\u00f1adir complejidad.<\/p>","protected":false},"excerpt":{"rendered":"<p data-start=\"1141\" data-end=\"1378\">Una papelera sin contacto, activada por sensor, dise\u00f1ada para habitaciones y suites de hotel, con tapa autom\u00e1tica silenciosa, borde de bolsa oculto y superficies f\u00e1ciles de limpiar, que ayuda al personal de limpieza a dar la vuelta a las habitaciones m\u00e1s r\u00e1pidamente sin molestar a los hu\u00e9spedes.<\/p>","protected":false},"featured_media":306,"template":"","meta":{"_gspb_post_css":""},"product_brand":[],"product_cat":[26,21],"product_tag":[],"class_list":{"0":"post-301","1":"product","2":"type-product","3":"status-publish","4":"has-post-thumbnail","6":"product_cat-smart-sensor-trash-cans","7":"product_cat-indoor-trash-bins","9":"first","10":"instock","11":"shipping-taxable","12":"purchasable","13":"product-type-simple"},"_links":{"self":[{"href":"https:\/\/facilityprojectsolutions.com\/es\/wp-json\/wp\/v2\/product\/301","targetHints":{"allow":["GET"]}}],"collection":[{"href":"https:\/\/facilityprojectsolutions.com\/es\/wp-json\/wp\/v2\/product"}],"about":[{"href":"https:\/\/facilityprojectsolutions.com\/es\/wp-json\/wp\/v2\/types\/product"}],"wp:featuredmedia":[{"embeddable":true,"href":"https:\/\/facilityprojectsolutions.com\/es\/wp-json\/wp\/v2\/media\/306"}],"wp:attachment":[{"href":"https:\/\/facilityprojectsolutions.com\/es\/wp-json\/wp\/v2\/media?parent=301"}],"wp:term":[{"taxonomy":"product_brand","embeddable":true,"href":"https:\/\/facilityprojectsolutions.com\/es\/wp-json\/wp\/v2\/product_brand?post=301"},{"taxonomy":"product_cat","embeddable":true,"href":"https:\/\/facilityprojectsolutions.com\/es\/wp-json\/wp\/v2\/product_cat?post=301"},{"taxonomy":"product_tag","embeddable":true,"href":"https:\/\/facilityprojectsolutions.com\/es\/wp-json\/wp\/v2\/product_tag?post=301"}],"curies":[{"name":"wp","href":"https:\/\/api.w.org\/{rel}","templated":true}]}}