{"id":302,"date":"2026-02-13T09:02:36","date_gmt":"2026-02-13T09:02:36","guid":{"rendered":"https:\/\/facilityprojectsolutions.com\/?post_type=product&#038;p=302"},"modified":"2026-02-13T09:02:36","modified_gmt":"2026-02-13T09:02:36","slug":"sensor-trash-can-with-inner-bucket","status":"publish","type":"product","link":"https:\/\/facilityprojectsolutions.com\/es\/sensor-trash-can-with-inner-bucket\/","title":{"rendered":"Cubo de basura con sensor y cubo interior"},"content":{"rendered":"<p data-start=\"0\" data-end=\"327\">Dise\u00f1ada para habitaciones y suites de hotel, esta papelera con sensor ofrece un punto de recogida m\u00e1s limpio y refinado sin a\u00f1adir desorden visual. La tapa manos libres ayuda a reducir los puntos de contacto rutinarios para los hu\u00e9spedes y el personal, mientras que el cierre controlado y silencioso evita que el uso nocturno se convierta en una distracci\u00f3n.<\/p>\n<p data-start=\"329\" data-end=\"798\">En el interior, un cubo interior extra\u00edble simplifica el vaciado y la limpieza, lo que resulta ideal para cambiar r\u00e1pidamente de habitaci\u00f3n. Para facilitar la limpieza, el cubo se extrae con la bolsa para minimizar los goteos y mantener el exterior fresco. Un borde que retiene la bolsa ayuda a mantenerla en su sitio y oculta el borde de la bolsa, para que el cubo tenga un aspecto ordenado incluso entre las visitas de limpieza. Las superficies lisas se limpian r\u00e1pidamente, lo que permite una presentaci\u00f3n uniforme en habitaciones, pasillos y zonas de personal.<\/p>\n<p data-start=\"800\" data-end=\"1096\">El perfil general es intencionadamente discreto, lo que facilita su combinaci\u00f3n con interiores contempor\u00e1neos o cl\u00e1sicos. Col\u00f3quelo junto a un tocador, debajo de un escritorio o cerca del minibar para ofrecer a los hu\u00e9spedes un lugar intuitivo para los residuos cotidianos, al tiempo que ayuda a su equipo a mantener un espacio pulido y preparado para la hospitalidad.<\/p>","protected":false},"excerpt":{"rendered":"<p>Cubo de basura con sensor sin contacto dise\u00f1ado para interiores de hoteles, con cubo interior extra\u00edble y borde de retenci\u00f3n de la bolsa para ocultar los bordes. El cierre silencioso ayuda a mantener la tranquilidad en las habitaciones y simplifica la limpieza diaria y el cambio de bolsas.<\/p>","protected":false},"featured_media":310,"template":"","meta":{"_gspb_post_css":""},"product_brand":[],"product_cat":[26,21],"product_tag":[],"class_list":{"0":"post-302","1":"product","2":"type-product","3":"status-publish","4":"has-post-thumbnail","6":"product_cat-smart-sensor-trash-cans","7":"product_cat-indoor-trash-bins","9":"first","10":"instock","11":"shipping-taxable","12":"purchasable","13":"product-type-simple"},"_links":{"self":[{"href":"https:\/\/facilityprojectsolutions.com\/es\/wp-json\/wp\/v2\/product\/302","targetHints":{"allow":["GET"]}}],"collection":[{"href":"https:\/\/facilityprojectsolutions.com\/es\/wp-json\/wp\/v2\/product"}],"about":[{"href":"https:\/\/facilityprojectsolutions.com\/es\/wp-json\/wp\/v2\/types\/product"}],"wp:featuredmedia":[{"embeddable":true,"href":"https:\/\/facilityprojectsolutions.com\/es\/wp-json\/wp\/v2\/media\/310"}],"wp:attachment":[{"href":"https:\/\/facilityprojectsolutions.com\/es\/wp-json\/wp\/v2\/media?parent=302"}],"wp:term":[{"taxonomy":"product_brand","embeddable":true,"href":"https:\/\/facilityprojectsolutions.com\/es\/wp-json\/wp\/v2\/product_brand?post=302"},{"taxonomy":"product_cat","embeddable":true,"href":"https:\/\/facilityprojectsolutions.com\/es\/wp-json\/wp\/v2\/product_cat?post=302"},{"taxonomy":"product_tag","embeddable":true,"href":"https:\/\/facilityprojectsolutions.com\/es\/wp-json\/wp\/v2\/product_tag?post=302"}],"curies":[{"name":"wp","href":"https:\/\/api.w.org\/{rel}","templated":true}]}}