{"id":303,"date":"2026-02-13T09:09:28","date_gmt":"2026-02-13T09:09:28","guid":{"rendered":"https:\/\/facilityprojectsolutions.com\/?post_type=product&#038;p=303"},"modified":"2026-02-13T09:09:28","modified_gmt":"2026-02-13T09:09:28","slug":"motion-sensor-trash-can-for-high-traffic-areas","status":"publish","type":"product","link":"https:\/\/facilityprojectsolutions.com\/es\/motion-sensor-trash-can-for-high-traffic-areas\/","title":{"rendered":"Cubo de basura con sensor de movimiento para zonas muy transitadas"},"content":{"rendered":"<p data-start=\"0\" data-end=\"631\">Dise\u00f1ada para vest\u00edbulos de hoteles, ascensores, zonas de conferencias y pasillos de personal, esta papelera con sensor de movimiento permite eliminar los residuos sin necesidad de utilizar las manos en las zonas interiores m\u00e1s concurridas. El funcionamiento sin contacto elimina un punto de contacto habitual al depositar los residuos, lo que ayuda a las instalaciones a reforzar las normas de higiene diarias en los entornos de hosteler\u00eda. Una simple aproximaci\u00f3n de la mano activa la tapa y, a continuaci\u00f3n, un cierre controlado y silencioso ayuda a mantener la calma en el espacio para el servicio de recepci\u00f3n, las conversaciones con los hu\u00e9spedes y las entradas tard\u00edas.<\/p>\n<p data-start=\"633\" data-end=\"1213\">Para los equipos de limpieza e ingenier\u00eda, el dise\u00f1o est\u00e1 pensado para permanecer presentable entre rondas: los cambios de bolsa son sencillos, y un concepto de borde de retenci\u00f3n de bolsas ayuda a mantener la bolsa segura a la vez que oculta el exceso de material para un aspecto m\u00e1s limpio. El exterior aerodin\u00e1mico se adapta a los interiores de hoteles contempor\u00e1neos y ayuda a mantener una impresi\u00f3n de orden incluso durante las horas punta de llegadas, grupos de turistas y pausas para eventos. Ideal para entradas, salones y estaciones de buf\u00e9, ayuda a que las zonas p\u00fablicas tengan un aspecto ordenado desde el ajetreo matutino hasta el servicio nocturno, durante todo el d\u00eda.<\/p>","protected":false},"excerpt":{"rendered":"<p>Papelera con sensor de movimiento sin contacto para vest\u00edbulos de hoteles y otras zonas interiores muy transitadas. La tapa de cierre silencioso favorece la comodidad de los hu\u00e9spedes, mientras que el dise\u00f1o con bolsa ayuda al personal a cambiar las bolsas r\u00e1pidamente y mantener ordenados los espacios p\u00fablicos.<\/p>","protected":false},"featured_media":315,"template":"","meta":{"_gspb_post_css":""},"product_brand":[],"product_cat":[26,21],"product_tag":[],"class_list":{"0":"post-303","1":"product","2":"type-product","3":"status-publish","4":"has-post-thumbnail","6":"product_cat-smart-sensor-trash-cans","7":"product_cat-indoor-trash-bins","9":"first","10":"instock","11":"shipping-taxable","12":"purchasable","13":"product-type-simple"},"_links":{"self":[{"href":"https:\/\/facilityprojectsolutions.com\/es\/wp-json\/wp\/v2\/product\/303","targetHints":{"allow":["GET"]}}],"collection":[{"href":"https:\/\/facilityprojectsolutions.com\/es\/wp-json\/wp\/v2\/product"}],"about":[{"href":"https:\/\/facilityprojectsolutions.com\/es\/wp-json\/wp\/v2\/types\/product"}],"wp:featuredmedia":[{"embeddable":true,"href":"https:\/\/facilityprojectsolutions.com\/es\/wp-json\/wp\/v2\/media\/315"}],"wp:attachment":[{"href":"https:\/\/facilityprojectsolutions.com\/es\/wp-json\/wp\/v2\/media?parent=303"}],"wp:term":[{"taxonomy":"product_brand","embeddable":true,"href":"https:\/\/facilityprojectsolutions.com\/es\/wp-json\/wp\/v2\/product_brand?post=303"},{"taxonomy":"product_cat","embeddable":true,"href":"https:\/\/facilityprojectsolutions.com\/es\/wp-json\/wp\/v2\/product_cat?post=303"},{"taxonomy":"product_tag","embeddable":true,"href":"https:\/\/facilityprojectsolutions.com\/es\/wp-json\/wp\/v2\/product_tag?post=303"}],"curies":[{"name":"wp","href":"https:\/\/api.w.org\/{rel}","templated":true}]}}