{"id":317,"date":"2026-02-13T09:35:30","date_gmt":"2026-02-13T09:35:30","guid":{"rendered":"https:\/\/facilityprojectsolutions.com\/?post_type=product&#038;p=317"},"modified":"2026-02-13T09:35:30","modified_gmt":"2026-02-13T09:35:30","slug":"outdoor-metal-litter-bin-for-entrances","status":"publish","type":"product","link":"https:\/\/facilityprojectsolutions.com\/es\/outdoor-metal-litter-bin-for-entrances\/","title":{"rendered":"Papelera met\u00e1lica de exterior para entradas"},"content":{"rendered":"<p>Dise\u00f1ada para entradas muy transitadas y v\u00edas p\u00fablicas, esta papelera met\u00e1lica de exterior proporciona un punto de recogida claro para parques empresariales, calles municipales, entradas de campus y aceras adyacentes al tr\u00e1nsito. El cuerpo met\u00e1lico r\u00edgido es adecuado para su colocaci\u00f3n en exteriores durante todo el a\u00f1o y admite programas de mantenimiento rutinario que incluyen el vaciado frecuente, la sustituci\u00f3n de las bolsas y el lavado peri\u00f3dico de las papeleras y las bolsas. La bolsa interior extra\u00edble ayuda al personal a retirar los residuos con rapidez, mantener el exterior m\u00e1s limpio y volver a colocar la papelera con una bolsa nueva sin necesidad de largos periodos de inactividad. Para ubicaciones expuestas a manipulaciones o al movimiento del viento, se pueden especificar caracter\u00edsticas opcionales de anclaje y antimanipulaci\u00f3n para ayudar a mantener el contenedor en su sitio y limitar el acceso no autorizado. Si se coloca junto a puertas de entrada, puntos de acceso a aparcamientos o cruces de caminos, los usuarios podr\u00e1n reconocerla y se reducir\u00e1 la acumulaci\u00f3n de basura en los umbrales de las instalaciones. Este dise\u00f1o centrado en el mantenimiento ayuda a los equipos a completar las rondas con eficacia y a detectar da\u00f1os o vandalismo a tiempo.<\/p>","protected":false},"excerpt":{"rendered":"<p>Papelera met\u00e1lica de exterior para entradas, calles y caminos de campus. La bolsa interior extra\u00edble permite un cambio r\u00e1pido de la bolsa y un mantenimiento m\u00e1s limpio; las opciones opcionales de anclaje y antisabotaje facilitan la colocaci\u00f3n estable y las rondas de mantenimiento rutinario.<\/p>","protected":false},"featured_media":323,"template":"","meta":{"_gspb_post_css":""},"product_brand":[],"product_cat":[28,27],"product_tag":[],"class_list":{"0":"post-317","1":"product","2":"type-product","3":"status-publish","4":"has-post-thumbnail","6":"product_cat-commercial-outdoor-bins","7":"product_cat-outdoor-trash-bins","9":"first","10":"instock","11":"shipping-taxable","12":"purchasable","13":"product-type-simple"},"_links":{"self":[{"href":"https:\/\/facilityprojectsolutions.com\/es\/wp-json\/wp\/v2\/product\/317","targetHints":{"allow":["GET"]}}],"collection":[{"href":"https:\/\/facilityprojectsolutions.com\/es\/wp-json\/wp\/v2\/product"}],"about":[{"href":"https:\/\/facilityprojectsolutions.com\/es\/wp-json\/wp\/v2\/types\/product"}],"wp:featuredmedia":[{"embeddable":true,"href":"https:\/\/facilityprojectsolutions.com\/es\/wp-json\/wp\/v2\/media\/323"}],"wp:attachment":[{"href":"https:\/\/facilityprojectsolutions.com\/es\/wp-json\/wp\/v2\/media?parent=317"}],"wp:term":[{"taxonomy":"product_brand","embeddable":true,"href":"https:\/\/facilityprojectsolutions.com\/es\/wp-json\/wp\/v2\/product_brand?post=317"},{"taxonomy":"product_cat","embeddable":true,"href":"https:\/\/facilityprojectsolutions.com\/es\/wp-json\/wp\/v2\/product_cat?post=317"},{"taxonomy":"product_tag","embeddable":true,"href":"https:\/\/facilityprojectsolutions.com\/es\/wp-json\/wp\/v2\/product_tag?post=317"}],"curies":[{"name":"wp","href":"https:\/\/api.w.org\/{rel}","templated":true}]}}