{"id":331,"date":"2026-02-13T09:55:03","date_gmt":"2026-02-13T09:55:03","guid":{"rendered":"https:\/\/facilityprojectsolutions.com\/?post_type=product&#038;p=331"},"modified":"2026-02-13T09:55:03","modified_gmt":"2026-02-13T09:55:03","slug":"outdoor-trash-can-with-rain-cover","status":"publish","type":"product","link":"https:\/\/facilityprojectsolutions.com\/es\/outdoor-trash-can-with-rain-cover\/","title":{"rendered":"Cubo de basura de exterior con cubierta para la lluvia"},"content":{"rendered":"<p data-start=\"0\" data-end=\"1153\">Dise\u00f1ado para zonas exteriores muy transitadas -paseos de campus, esquinas, entradas de edificios y paradas de transporte p\u00fablico-, este cubo de basura combina una cubierta para la lluvia con un acceso f\u00e1cil para el servicio, para que las rondas diarias sean m\u00e1s limpias. La parte superior en voladizo ayuda a bloquear la entrada de lluvia por la abertura, manteniendo los residuos embolsados m\u00e1s secos para que el personal vea menos fugas y menos suciedad en la recogida. Los dise\u00f1os de protector contra la lluvia y tapa con tejadillo se utilizan habitualmente para minimizar el contenido h\u00famedo y ayudar a prolongar la vida \u00fatil de la bolsa al limitar la entrada de humedad y los olores asociados. <br data-start=\"557\" data-end=\"560\" \/>Para ubicaciones de cara al p\u00fablico, la unidad puede especificarse con disposiciones opcionales de anclaje y antisabotaje para evitar que se vuelque, se desplace o se abra sin autorizaci\u00f3n, lo que resulta \u00fatil en portales, pasillos de aceras y patios compartidos. En el interior, el contenedor est\u00e1 dise\u00f1ado para funcionar con una bolsa extra\u00edble, de modo que el personal pueda extraer el contenedor interior, cambiar las bolsas r\u00e1pidamente y volver a poner el contenedor en servicio con un tiempo de inactividad m\u00ednimo. Las superficies lisas y f\u00e1ciles de limpiar permiten una limpieza r\u00e1pida despu\u00e9s de las tormentas, y la parte superior cubierta ayuda a mantener el pavimento circundante m\u00e1s limpio en d\u00edas h\u00famedos.<\/p>","protected":false},"excerpt":{"rendered":"<p>Papelera de exterior con cubierta para la lluvia para campus, calles y plazas de entrada. Ayuda a mantener las bolsas m\u00e1s secas, reduce la limpieza despu\u00e9s de las tormentas y facilita el cambio r\u00e1pido de bolsas gracias a un inserto extra\u00edble, con anclajes opcionales.<\/p>","protected":false},"featured_media":337,"template":"","meta":{"_gspb_post_css":""},"product_brand":[],"product_cat":[28,27],"product_tag":[],"class_list":{"0":"post-331","1":"product","2":"type-product","3":"status-publish","4":"has-post-thumbnail","6":"product_cat-commercial-outdoor-bins","7":"product_cat-outdoor-trash-bins","9":"first","10":"instock","11":"shipping-taxable","12":"purchasable","13":"product-type-simple"},"_links":{"self":[{"href":"https:\/\/facilityprojectsolutions.com\/es\/wp-json\/wp\/v2\/product\/331","targetHints":{"allow":["GET"]}}],"collection":[{"href":"https:\/\/facilityprojectsolutions.com\/es\/wp-json\/wp\/v2\/product"}],"about":[{"href":"https:\/\/facilityprojectsolutions.com\/es\/wp-json\/wp\/v2\/types\/product"}],"wp:featuredmedia":[{"embeddable":true,"href":"https:\/\/facilityprojectsolutions.com\/es\/wp-json\/wp\/v2\/media\/337"}],"wp:attachment":[{"href":"https:\/\/facilityprojectsolutions.com\/es\/wp-json\/wp\/v2\/media?parent=331"}],"wp:term":[{"taxonomy":"product_brand","embeddable":true,"href":"https:\/\/facilityprojectsolutions.com\/es\/wp-json\/wp\/v2\/product_brand?post=331"},{"taxonomy":"product_cat","embeddable":true,"href":"https:\/\/facilityprojectsolutions.com\/es\/wp-json\/wp\/v2\/product_cat?post=331"},{"taxonomy":"product_tag","embeddable":true,"href":"https:\/\/facilityprojectsolutions.com\/es\/wp-json\/wp\/v2\/product_tag?post=331"}],"curies":[{"name":"wp","href":"https:\/\/api.w.org\/{rel}","templated":true}]}}