{"id":346,"date":"2026-02-13T10:55:10","date_gmt":"2026-02-13T10:55:10","guid":{"rendered":"https:\/\/facilityprojectsolutions.com\/?post_type=product&#038;p=346"},"modified":"2026-02-13T10:55:10","modified_gmt":"2026-02-13T10:55:10","slug":"industrial-trash-bin-for-high-use-areas","status":"publish","type":"product","link":"https:\/\/facilityprojectsolutions.com\/es\/industrial-trash-bin-for-high-use-areas\/","title":{"rendered":"Papelera industrial para zonas de alto uso"},"content":{"rendered":"<p data-start=\"0\" data-end=\"393\">Dise\u00f1ada para entornos exteriores de uso intensivo, como parques empresariales, zonas verdes, aceras adyacentes al tr\u00e1nsito y entradas de instalaciones, esta papelera industrial ayuda a mantener el orden en las zonas p\u00fablicas sin a\u00f1adir complejidad al personal. El cuerpo est\u00e1 dise\u00f1ado para su exposici\u00f3n durante todo el a\u00f1o, con un exterior preparado para la intemperie que admite los lavados rutinarios y reduce las necesidades de retoque a lo largo de su vida \u00fatil.<\/p>\n<p data-start=\"395\" data-end=\"816\">Para ubicaciones en las que el vuelco o las interferencias son un problema -cerca de muelles de carga, accesos a tiendas o puertas de campus- se pueden especificar caracter\u00edsticas opcionales de anclaje y antisabotaje para mejorar la estabilidad y desalentar el acceso no autorizado. El mantenimiento se agiliza gracias a un sistema de bolsa interna que se extrae para cambiarla y limpiarla, lo que minimiza el contacto con el interior del contenedor y acorta el tiempo de recogida en rutas densas.<\/p>\n<p data-start=\"818\" data-end=\"1159\">Los puntos de acceso sencillos y f\u00e1ciles de utilizar y las superficies interiores lisas est\u00e1n pensados para permitir un enjuague r\u00e1pido despu\u00e9s de los eventos, menos problemas de olores y una presentaci\u00f3n uniforme en las zonas orientadas a los visitantes. El resultado es un recipiente pr\u00e1ctico para municipios y gestores de instalaciones que necesitan una gesti\u00f3n fiable de los residuos de exteriores con un esfuerzo de mantenimiento predecible.<\/p>","protected":false},"excerpt":{"rendered":"<p data-start=\"1161\" data-end=\"1371\">Dise\u00f1ada para parques, calles y entradas concurridas, esta papelera industrial favorece la limpieza de los espacios p\u00fablicos con funciones opcionales de anclaje y antisabotaje y una bolsa extra\u00edble para un vaciado m\u00e1s r\u00e1pido y seguro.<\/p>","protected":false},"featured_media":350,"template":"","meta":{"_gspb_post_css":""},"product_brand":[],"product_cat":[30,27],"product_tag":[],"class_list":{"0":"post-346","1":"product","2":"type-product","3":"status-publish","4":"has-post-thumbnail","6":"product_cat-heavy-duty-waste-bins","7":"product_cat-outdoor-trash-bins","9":"first","10":"instock","11":"shipping-taxable","12":"purchasable","13":"product-type-simple"},"_links":{"self":[{"href":"https:\/\/facilityprojectsolutions.com\/es\/wp-json\/wp\/v2\/product\/346","targetHints":{"allow":["GET"]}}],"collection":[{"href":"https:\/\/facilityprojectsolutions.com\/es\/wp-json\/wp\/v2\/product"}],"about":[{"href":"https:\/\/facilityprojectsolutions.com\/es\/wp-json\/wp\/v2\/types\/product"}],"wp:featuredmedia":[{"embeddable":true,"href":"https:\/\/facilityprojectsolutions.com\/es\/wp-json\/wp\/v2\/media\/350"}],"wp:attachment":[{"href":"https:\/\/facilityprojectsolutions.com\/es\/wp-json\/wp\/v2\/media?parent=346"}],"wp:term":[{"taxonomy":"product_brand","embeddable":true,"href":"https:\/\/facilityprojectsolutions.com\/es\/wp-json\/wp\/v2\/product_brand?post=346"},{"taxonomy":"product_cat","embeddable":true,"href":"https:\/\/facilityprojectsolutions.com\/es\/wp-json\/wp\/v2\/product_cat?post=346"},{"taxonomy":"product_tag","embeddable":true,"href":"https:\/\/facilityprojectsolutions.com\/es\/wp-json\/wp\/v2\/product_tag?post=346"}],"curies":[{"name":"wp","href":"https:\/\/api.w.org\/{rel}","templated":true}]}}