{"id":347,"date":"2026-02-13T11:04:42","date_gmt":"2026-02-13T11:04:42","guid":{"rendered":"https:\/\/facilityprojectsolutions.com\/?post_type=product&#038;p=347"},"modified":"2026-02-13T11:04:42","modified_gmt":"2026-02-13T11:04:42","slug":"heavy-gauge-metal-waste-bin-for-facilities","status":"publish","type":"product","link":"https:\/\/facilityprojectsolutions.com\/es\/heavy-gauge-metal-waste-bin-for-facilities\/","title":{"rendered":"Papelera met\u00e1lica de gran espesor para instalaciones"},"content":{"rendered":"<p data-start=\"0\" data-end=\"529\">Fabricada para entornos exteriores de mucho tr\u00e1fico, esta papelera met\u00e1lica de grueso calibre soporta campus m\u00e1s limpios, paisajes urbanos y entradas de instalaciones donde el flujo peatonal y los carros de servicio son constantes. El cuerpo met\u00e1lico r\u00edgido est\u00e1 pensado para soportar los golpes diarios en zonas de cara al p\u00fablico. Para ubicaciones como paradas de tr\u00e1nsito, portales y plazas de entrada principal, se pueden especificar caracter\u00edsticas opcionales de anclaje y antisabotaje para desalentar el vuelco, la reubicaci\u00f3n o el acceso no autorizado.<\/p>\n<p data-start=\"531\" data-end=\"906\">Una bolsa interior extra\u00edble agiliza las rondas diarias: los operarios retiran la bolsa, la atan y devuelven la unidad al servicio sin mover la carcasa exterior, lo que reduce el riesgo de derrames en aceras y patios ajardinados. Las bolsas extra\u00edbles se utilizan habitualmente en los contenedores comerciales porque permiten un vaciado m\u00e1s r\u00e1pido y una limpieza continua.<\/p>\n<p data-start=\"908\" data-end=\"1194\">Para el mantenimiento a largo plazo, la sencilla construcci\u00f3n permite un lavado r\u00e1pido e inspecciones rutinarias, ayuda a estandarizar el mantenimiento en varios edificios y zonas de ocio al aire libre, y reduce el tiempo de inactividad cuando hay que limpiar las papeleras despu\u00e9s de un evento.<\/p>","protected":false},"excerpt":{"rendered":"<p>Papelera met\u00e1lica de gran espesor para exteriores en campus, calles y entradas. Las funciones opcionales de anclaje y antisabotaje y la bolsa extra\u00edble ayudan al personal a vaciarla r\u00e1pidamente y a mantener m\u00e1s limpio el entorno.<\/p>","protected":false},"featured_media":356,"template":"","meta":{"_gspb_post_css":""},"product_brand":[],"product_cat":[30,27],"product_tag":[],"class_list":{"0":"post-347","1":"product","2":"type-product","3":"status-publish","4":"has-post-thumbnail","6":"product_cat-heavy-duty-waste-bins","7":"product_cat-outdoor-trash-bins","9":"first","10":"instock","11":"shipping-taxable","12":"purchasable","13":"product-type-simple"},"_links":{"self":[{"href":"https:\/\/facilityprojectsolutions.com\/es\/wp-json\/wp\/v2\/product\/347","targetHints":{"allow":["GET"]}}],"collection":[{"href":"https:\/\/facilityprojectsolutions.com\/es\/wp-json\/wp\/v2\/product"}],"about":[{"href":"https:\/\/facilityprojectsolutions.com\/es\/wp-json\/wp\/v2\/types\/product"}],"wp:featuredmedia":[{"embeddable":true,"href":"https:\/\/facilityprojectsolutions.com\/es\/wp-json\/wp\/v2\/media\/356"}],"wp:attachment":[{"href":"https:\/\/facilityprojectsolutions.com\/es\/wp-json\/wp\/v2\/media?parent=347"}],"wp:term":[{"taxonomy":"product_brand","embeddable":true,"href":"https:\/\/facilityprojectsolutions.com\/es\/wp-json\/wp\/v2\/product_brand?post=347"},{"taxonomy":"product_cat","embeddable":true,"href":"https:\/\/facilityprojectsolutions.com\/es\/wp-json\/wp\/v2\/product_cat?post=347"},{"taxonomy":"product_tag","embeddable":true,"href":"https:\/\/facilityprojectsolutions.com\/es\/wp-json\/wp\/v2\/product_tag?post=347"}],"curies":[{"name":"wp","href":"https:\/\/api.w.org\/{rel}","templated":true}]}}