{"id":348,"date":"2026-02-13T11:09:44","date_gmt":"2026-02-13T11:09:44","guid":{"rendered":"https:\/\/facilityprojectsolutions.com\/?post_type=product&#038;p=348"},"modified":"2026-02-13T11:09:44","modified_gmt":"2026-02-13T11:09:44","slug":"high-capacity-outdoor-litter-receptacle","status":"publish","type":"product","link":"https:\/\/facilityprojectsolutions.com\/es\/high-capacity-outdoor-litter-receptacle\/","title":{"rendered":"Papelera de exterior de gran capacidad"},"content":{"rendered":"<p data-start=\"0\" data-end=\"447\">Dise\u00f1ado para parques, paisajes urbanos, accesos de tr\u00e1nsito y entradas de edificios donde el volumen de basura aumenta r\u00e1pidamente, este recipiente de gran capacidad para exteriores ayuda a mantener las zonas p\u00fablicas ordenadas con menos rondas de recogida. Su construcci\u00f3n resistente a la intemperie permite su colocaci\u00f3n durante todo el a\u00f1o y su lavado rutinario, reduciendo el tiempo que los equipos de las instalaciones dedican a la limpieza de retoque y manteniendo las fachadas presentables.<\/p>\n<p data-start=\"449\" data-end=\"1081\">Para ubicaciones de mayor riesgo, como bordillos de aceras, puertas de colegios y explanadas de estaciones de servicio, las funciones opcionales de anclaje\/antimanipulaci\u00f3n pueden ayudar a que la unidad permanezca en su sitio y disuadir de interferencias casuales. En el interior, un contenedor extra\u00edble agiliza el mantenimiento: el personal retira el contenedor, lo embolsa y se deshace de \u00e9l, y luego lo devuelve sin manipular los residuos sueltos contra la cubierta exterior, lo que reduce la suciedad, el arrastre de olores y el tiempo de limpieza entre rondas. Este flujo de trabajo que da prioridad a la bolsa tambi\u00e9n ayuda a proteger el cuerpo del contenedor, lo que prolonga su vida \u00fatil y simplifica el mantenimiento preventivo.<\/p>\n<p data-start=\"1083\" data-end=\"1371\">Utilice unidades individuales en los puntos de entrada para capturar la basura al primer contacto, o inst\u00e1lelas en serie a lo largo de paseos y corredores peatonales para adaptarlas a los patrones de tr\u00e1fico peatonal. La sencilla disposici\u00f3n interior agiliza las inspecciones y la limpieza a fondo estacional despu\u00e9s de tormentas, mercados o eventos de fin de semana.<\/p>","protected":false},"excerpt":{"rendered":"<p data-start=\"1373\" data-end=\"1614\">Contenedor de basura para exteriores de gran capacidad para campus, calles y plazas de entrada. Las funciones opcionales de anclaje y antisabotaje mejoran la estabilidad, mientras que la bolsa interior extra\u00edble agiliza el vaciado y simplifica el mantenimiento rutinario.<\/p>","protected":false},"featured_media":357,"template":"","meta":{"_gspb_post_css":""},"product_brand":[],"product_cat":[30,27],"product_tag":[],"class_list":{"0":"post-348","1":"product","2":"type-product","3":"status-publish","4":"has-post-thumbnail","6":"product_cat-heavy-duty-waste-bins","7":"product_cat-outdoor-trash-bins","9":"first","10":"instock","11":"shipping-taxable","12":"purchasable","13":"product-type-simple"},"_links":{"self":[{"href":"https:\/\/facilityprojectsolutions.com\/es\/wp-json\/wp\/v2\/product\/348","targetHints":{"allow":["GET"]}}],"collection":[{"href":"https:\/\/facilityprojectsolutions.com\/es\/wp-json\/wp\/v2\/product"}],"about":[{"href":"https:\/\/facilityprojectsolutions.com\/es\/wp-json\/wp\/v2\/types\/product"}],"wp:featuredmedia":[{"embeddable":true,"href":"https:\/\/facilityprojectsolutions.com\/es\/wp-json\/wp\/v2\/media\/357"}],"wp:attachment":[{"href":"https:\/\/facilityprojectsolutions.com\/es\/wp-json\/wp\/v2\/media?parent=348"}],"wp:term":[{"taxonomy":"product_brand","embeddable":true,"href":"https:\/\/facilityprojectsolutions.com\/es\/wp-json\/wp\/v2\/product_brand?post=348"},{"taxonomy":"product_cat","embeddable":true,"href":"https:\/\/facilityprojectsolutions.com\/es\/wp-json\/wp\/v2\/product_cat?post=348"},{"taxonomy":"product_tag","embeddable":true,"href":"https:\/\/facilityprojectsolutions.com\/es\/wp-json\/wp\/v2\/product_tag?post=348"}],"curies":[{"name":"wp","href":"https:\/\/api.w.org\/{rel}","templated":true}]}}