{"id":361,"date":"2026-02-13T11:48:13","date_gmt":"2026-02-13T11:48:13","guid":{"rendered":"https:\/\/facilityprojectsolutions.com\/?post_type=product&#038;p=361"},"modified":"2026-02-13T11:48:13","modified_gmt":"2026-02-13T11:48:13","slug":"street-litter-bin-with-anti-theft-base","status":"publish","type":"product","link":"https:\/\/facilityprojectsolutions.com\/es\/street-litter-bin-with-anti-theft-base\/","title":{"rendered":"Papelera de calle con base antirrobo"},"content":{"rendered":"<p data-start=\"0\" data-end=\"456\">Dise\u00f1ada para espacios p\u00fablicos exteriores -puertas de campus, pasarelas de parques comerciales, paisajes urbanos y accesos al transporte p\u00fablico-, esta papelera de calle utiliza una base antirrobo para ayudar a mantener la unidad donde el personal y los visitantes la esperan. La base est\u00e1 preparada para un anclaje opcional a superficies duras y puede combinarse con herrajes antisabotaje en ubicaciones de alto riesgo para disuadir de la retirada, el volcado o el robo oportunista.<\/p>\n<p data-start=\"458\" data-end=\"978\">Coloque el contenedor en las entradas de los edificios, a lo largo de las vallas perimetrales, junto a las paradas de autob\u00fas o cerca de los pasos de peatones para favorecer un comportamiento predecible de eliminaci\u00f3n sin crear obst\u00e1culos en la zona peatonal. La bolsa interior extra\u00edble permite un mantenimiento r\u00e1pido y m\u00e1s limpio: el personal puede retirar los residuos en un solo paso, limpiar la bolsa y volver a poner en funcionamiento la papelera con un contacto m\u00ednimo y menos incidentes de derrames. La sustituci\u00f3n rutinaria de la bolsa tambi\u00e9n ayuda a reducir el desbordamiento y contribuye a mejorar la higiene del paisaje urbano.<\/p>\n<p data-start=\"980\" data-end=\"1223\">Para el mantenimiento a largo plazo del emplazamiento, la construcci\u00f3n est\u00e1 pensada para una exposici\u00f3n durante todo el a\u00f1o y lavados peri\u00f3dicos, lo que ayuda a los equipos de las instalaciones a mantener un aspecto uniforme en todas las rutas, al tiempo que se reducen las llamadas imprevistas relacionadas con contenedores desplazados.<\/p>","protected":false},"excerpt":{"rendered":"<p>Papelera de exterior para entradas de campus y paseos p\u00fablicos, con base antirrobo y herrajes de anclaje y antisabotaje opcionales. La bolsa extra\u00edble acelera el vaciado y facilita el mantenimiento rutinario.<\/p>","protected":false},"featured_media":372,"template":"","meta":{"_gspb_post_css":""},"product_brand":[],"product_cat":[29,27],"product_tag":[],"class_list":{"0":"post-361","1":"product","2":"type-product","3":"status-publish","4":"has-post-thumbnail","6":"product_cat-park-street-trash-cans","7":"product_cat-outdoor-trash-bins","9":"first","10":"instock","11":"shipping-taxable","12":"purchasable","13":"product-type-simple"},"_links":{"self":[{"href":"https:\/\/facilityprojectsolutions.com\/es\/wp-json\/wp\/v2\/product\/361","targetHints":{"allow":["GET"]}}],"collection":[{"href":"https:\/\/facilityprojectsolutions.com\/es\/wp-json\/wp\/v2\/product"}],"about":[{"href":"https:\/\/facilityprojectsolutions.com\/es\/wp-json\/wp\/v2\/types\/product"}],"wp:featuredmedia":[{"embeddable":true,"href":"https:\/\/facilityprojectsolutions.com\/es\/wp-json\/wp\/v2\/media\/372"}],"wp:attachment":[{"href":"https:\/\/facilityprojectsolutions.com\/es\/wp-json\/wp\/v2\/media?parent=361"}],"wp:term":[{"taxonomy":"product_brand","embeddable":true,"href":"https:\/\/facilityprojectsolutions.com\/es\/wp-json\/wp\/v2\/product_brand?post=361"},{"taxonomy":"product_cat","embeddable":true,"href":"https:\/\/facilityprojectsolutions.com\/es\/wp-json\/wp\/v2\/product_cat?post=361"},{"taxonomy":"product_tag","embeddable":true,"href":"https:\/\/facilityprojectsolutions.com\/es\/wp-json\/wp\/v2\/product_tag?post=361"}],"curies":[{"name":"wp","href":"https:\/\/api.w.org\/{rel}","templated":true}]}}