{"id":362,"date":"2026-02-13T11:26:43","date_gmt":"2026-02-13T11:26:43","guid":{"rendered":"https:\/\/facilityprojectsolutions.com\/?post_type=product&#038;p=362"},"modified":"2026-02-13T11:26:43","modified_gmt":"2026-02-13T11:26:43","slug":"reinforced-commercial-waste-bin-on-base","status":"publish","type":"product","link":"https:\/\/facilityprojectsolutions.com\/es\/reinforced-commercial-waste-bin-on-base\/","title":{"rendered":"Papelera comercial reforzada sobre base"},"content":{"rendered":"<p data-start=\"0\" data-end=\"1119\">Dise\u00f1ada para zonas exteriores muy transitadas, esta papelera comercial reforzada se asienta sobre una base estable para adaptarse a parques empresariales, pasillos de campus, esquinas de calles y zonas de entrada a edificios. El cuerpo reforzado le ayuda a resistir los impactos diarios de los carros, el tr\u00e1fico peatonal y la recogida rutinaria, mientras que las caracter\u00edsticas opcionales de anclaje y antisabotaje permiten una colocaci\u00f3n m\u00e1s segura en lugares donde el robo o el vandalismo son una preocupaci\u00f3n, prioridades comunes para las papeleras de espacios p\u00fablicos. Para los equipos de mantenimiento, el mantenimiento es m\u00e1s sencillo: la papelera est\u00e1 dise\u00f1ada para cambiar las bolsas r\u00e1pidamente y puede configurarse con una bolsa interior extra\u00edble, lo que reduce el contacto con los residuos y acorta el tiempo de vaciado. El mantenimiento basado en la bolsa y el vaciado de f\u00e1cil acceso son m\u00e9todos muy utilizados en los contenedores de exterior para mantener la cubierta exterior m\u00e1s limpia con el paso del tiempo. La construcci\u00f3n orientada al exterior est\u00e1 preparada para la exposici\u00f3n a la intemperie y la limpieza repetida, lo que ayuda a reducir los retoques frecuentes y las reparaciones imprevistas. Coloque uno en paradas de transporte p\u00fablico, entradas de parques o en la fachada de comercios para fomentar la eliminaci\u00f3n correcta y reducir la recogida de basura.<\/p>","protected":false},"excerpt":{"rendered":"<p>Papelera comercial reforzada sobre una base estable para parques, calles y entradas de instalaciones. Las funciones opcionales de anclaje y antisabotaje y el dise\u00f1o con bolsa extra\u00edble ayudan al personal a vaciar y limpiar m\u00e1s r\u00e1pido en las rondas diarias.<\/p>","protected":false},"featured_media":367,"template":"","meta":{"_gspb_post_css":""},"product_brand":[],"product_cat":[30,27],"product_tag":[],"class_list":{"0":"post-362","1":"product","2":"type-product","3":"status-publish","4":"has-post-thumbnail","6":"product_cat-heavy-duty-waste-bins","7":"product_cat-outdoor-trash-bins","9":"first","10":"instock","11":"shipping-taxable","12":"purchasable","13":"product-type-simple"},"_links":{"self":[{"href":"https:\/\/facilityprojectsolutions.com\/es\/wp-json\/wp\/v2\/product\/362","targetHints":{"allow":["GET"]}}],"collection":[{"href":"https:\/\/facilityprojectsolutions.com\/es\/wp-json\/wp\/v2\/product"}],"about":[{"href":"https:\/\/facilityprojectsolutions.com\/es\/wp-json\/wp\/v2\/types\/product"}],"wp:featuredmedia":[{"embeddable":true,"href":"https:\/\/facilityprojectsolutions.com\/es\/wp-json\/wp\/v2\/media\/367"}],"wp:attachment":[{"href":"https:\/\/facilityprojectsolutions.com\/es\/wp-json\/wp\/v2\/media?parent=362"}],"wp:term":[{"taxonomy":"product_brand","embeddable":true,"href":"https:\/\/facilityprojectsolutions.com\/es\/wp-json\/wp\/v2\/product_brand?post=362"},{"taxonomy":"product_cat","embeddable":true,"href":"https:\/\/facilityprojectsolutions.com\/es\/wp-json\/wp\/v2\/product_cat?post=362"},{"taxonomy":"product_tag","embeddable":true,"href":"https:\/\/facilityprojectsolutions.com\/es\/wp-json\/wp\/v2\/product_tag?post=362"}],"curies":[{"name":"wp","href":"https:\/\/api.w.org\/{rel}","templated":true}]}}