{"id":376,"date":"2026-02-13T12:08:38","date_gmt":"2026-02-13T12:08:38","guid":{"rendered":"https:\/\/facilityprojectsolutions.com\/?post_type=product&#038;p=376"},"modified":"2026-02-13T12:22:53","modified_gmt":"2026-02-13T12:22:53","slug":"outdoor-public-trash-can-for-sidewalks","status":"publish","type":"product","link":"https:\/\/facilityprojectsolutions.com\/es\/outdoor-public-trash-can-for-sidewalks\/","title":{"rendered":"Papelera p\u00fablica de exterior para aceras"},"content":{"rendered":"<p>A lo largo de las aceras de los campus y de los caminos de los parques de oficinas, el recept\u00e1culo exterior mantiene la basura contenida para que el personal de mantenimiento dedique menos tiempo al barrido diario. En las esquinas de las calles y en las paradas de transporte p\u00fablico, un cuerpo r\u00edgido y resistente a la intemperie ayuda a soportar el sol, la lluvia y los golpes para que los equipos de mantenimiento puedan reducir los ciclos de retoque y sustituci\u00f3n. Cerca de las entradas de los edificios y de los pasillos de acceso, una abertura amplia y de f\u00e1cil acceso gu\u00eda los productos desechables hasta la papelera para que el personal pueda reducir la limpieza de derrames en los umbrales. En plazas y pasillos peatonales, el revestimiento interior extra\u00edble simplifica el cambio de bolsas para que un solo trabajador pueda vaciar y reponer la unidad r\u00e1pidamente con un contacto m\u00ednimo. En las rutas municipales y en los terrenos de los campus, las superficies internas lisas se aclaran para que el lavado sea m\u00e1s r\u00e1pido y los olores m\u00e1s f\u00e1ciles de controlar. En aceras de mucho tr\u00e1fico y calles de uso mixto, se pueden especificar puntos de anclaje opcionales para que los activos permanezcan en su sitio y las auditor\u00edas de obra lleven menos tiempo. En lugares de cara al p\u00fablico con riesgo de vandalismo, se pueden a\u00f1adir fijaciones antimanipulaci\u00f3n opcionales para controlar el acceso y reducir las llamadas para reparaciones. En parques, zonas verdes y entradas comerciales, el dise\u00f1o de f\u00e1cil mantenimiento permite realizar inspecciones rutinarias para que los equipos puedan estandarizar los intervalos de mantenimiento y mantener las zonas p\u00fablicas presentables.<\/p>","protected":false},"excerpt":{"rendered":"<p>Para campus, calles y plazas de entrada, esta papelera de exterior utiliza un sistema de vaciado basado en bolsas para que el personal cambie las bolsas r\u00e1pidamente, mientras que las funciones opcionales de anclaje y antisabotaje ayudan a reducir las llamadas al servicio t\u00e9cnico.<\/p>","protected":false},"featured_media":382,"template":"","meta":{"_gspb_post_css":""},"product_brand":[],"product_cat":[29,27],"product_tag":[],"class_list":{"0":"post-376","1":"product","2":"type-product","3":"status-publish","4":"has-post-thumbnail","6":"product_cat-park-street-trash-cans","7":"product_cat-outdoor-trash-bins","9":"first","10":"instock","11":"shipping-taxable","12":"purchasable","13":"product-type-simple"},"_links":{"self":[{"href":"https:\/\/facilityprojectsolutions.com\/es\/wp-json\/wp\/v2\/product\/376","targetHints":{"allow":["GET"]}}],"collection":[{"href":"https:\/\/facilityprojectsolutions.com\/es\/wp-json\/wp\/v2\/product"}],"about":[{"href":"https:\/\/facilityprojectsolutions.com\/es\/wp-json\/wp\/v2\/types\/product"}],"wp:featuredmedia":[{"embeddable":true,"href":"https:\/\/facilityprojectsolutions.com\/es\/wp-json\/wp\/v2\/media\/382"}],"wp:attachment":[{"href":"https:\/\/facilityprojectsolutions.com\/es\/wp-json\/wp\/v2\/media?parent=376"}],"wp:term":[{"taxonomy":"product_brand","embeddable":true,"href":"https:\/\/facilityprojectsolutions.com\/es\/wp-json\/wp\/v2\/product_brand?post=376"},{"taxonomy":"product_cat","embeddable":true,"href":"https:\/\/facilityprojectsolutions.com\/es\/wp-json\/wp\/v2\/product_cat?post=376"},{"taxonomy":"product_tag","embeddable":true,"href":"https:\/\/facilityprojectsolutions.com\/es\/wp-json\/wp\/v2\/product_tag?post=376"}],"curies":[{"name":"wp","href":"https:\/\/api.w.org\/{rel}","templated":true}]}}