{"id":378,"date":"2026-02-13T12:21:27","date_gmt":"2026-02-13T12:21:27","guid":{"rendered":"https:\/\/facilityprojectsolutions.com\/?post_type=product&#038;p=378"},"modified":"2026-02-13T12:21:27","modified_gmt":"2026-02-13T12:21:27","slug":"city-park-garbage-bin-with-wide-mouth","status":"publish","type":"product","link":"https:\/\/facilityprojectsolutions.com\/es\/city-park-garbage-bin-with-wide-mouth\/","title":{"rendered":"Papelera City Park con boca ancha"},"content":{"rendered":"<p data-start=\"0\" data-end=\"342\">Mantenga limpias las zonas p\u00fablicas m\u00e1s transitadas con un cubo de basura de boca ancha dise\u00f1ado para parques urbanos, paisajes urbanos y entradas de edificios o medios de transporte. Su generosa abertura facilita la recogida r\u00e1pida por parte de peatones, familias y equipos de mantenimiento, lo que ayuda a reducir la suciedad en caminos, bordes de parques infantiles, plazas y portales.<\/p>\n<p data-start=\"344\" data-end=\"733\">Para su colocaci\u00f3n en exteriores durante todo el a\u00f1o, el contenedor est\u00e1 pensado para la exposici\u00f3n a la intemperie y los lavados rutinarios, lo que permite largos intervalos de servicio con menos trabajo de retoque. Los contenedores de exterior suelen utilizar acabados y revestimientos protectores para resistir a la intemperie, y su dise\u00f1o de f\u00e1cil mantenimiento ayuda a los operarios a mantener las instalaciones presentables con sencillos pasos de limpieza.<\/p>\n<p data-start=\"735\" data-end=\"1326\">El mantenimiento diario se agiliza con una bolsa interior extra\u00edble: el personal puede levantar, embolsar y devolver la bolsa r\u00e1pidamente, manteniendo las rutas de recogida en movimiento y minimizando el contacto con la cubierta exterior. La bolsa tambi\u00e9n facilita el aislamiento de los derrames para un lavado r\u00e1pido, lo que reduce la acumulaci\u00f3n de olores y residuos entre las limpiezas programadas. En los lugares en los que se produzcan vuelcos o traslados no autorizados, se pueden especificar funciones opcionales de anclaje y antimanipulaci\u00f3n para mantener la coherencia de la ubicaci\u00f3n y reducir las interrupciones imprevistas del servicio.<\/p>","protected":false},"excerpt":{"rendered":"<p data-start=\"1328\" data-end=\"1577\">Cubo de basura de boca ancha para parques, calles y puntos de entrada. La bolsa extra\u00edble simplifica el cambio de bolsa y la limpieza. Las opciones opcionales de anclaje y antisabotaje ayudan a mantener una colocaci\u00f3n uniforme en zonas p\u00fablicas concurridas.<\/p>","protected":false},"featured_media":387,"template":"","meta":{"_gspb_post_css":""},"product_brand":[],"product_cat":[29,27],"product_tag":[],"class_list":{"0":"post-378","1":"product","2":"type-product","3":"status-publish","4":"has-post-thumbnail","6":"product_cat-park-street-trash-cans","7":"product_cat-outdoor-trash-bins","9":"first","10":"instock","11":"shipping-taxable","12":"purchasable","13":"product-type-simple"},"_links":{"self":[{"href":"https:\/\/facilityprojectsolutions.com\/es\/wp-json\/wp\/v2\/product\/378","targetHints":{"allow":["GET"]}}],"collection":[{"href":"https:\/\/facilityprojectsolutions.com\/es\/wp-json\/wp\/v2\/product"}],"about":[{"href":"https:\/\/facilityprojectsolutions.com\/es\/wp-json\/wp\/v2\/types\/product"}],"wp:featuredmedia":[{"embeddable":true,"href":"https:\/\/facilityprojectsolutions.com\/es\/wp-json\/wp\/v2\/media\/387"}],"wp:attachment":[{"href":"https:\/\/facilityprojectsolutions.com\/es\/wp-json\/wp\/v2\/media?parent=378"}],"wp:term":[{"taxonomy":"product_brand","embeddable":true,"href":"https:\/\/facilityprojectsolutions.com\/es\/wp-json\/wp\/v2\/product_brand?post=378"},{"taxonomy":"product_cat","embeddable":true,"href":"https:\/\/facilityprojectsolutions.com\/es\/wp-json\/wp\/v2\/product_cat?post=378"},{"taxonomy":"product_tag","embeddable":true,"href":"https:\/\/facilityprojectsolutions.com\/es\/wp-json\/wp\/v2\/product_tag?post=378"}],"curies":[{"name":"wp","href":"https:\/\/api.w.org\/{rel}","templated":true}]}}