{"id":393,"date":"2026-02-13T13:06:08","date_gmt":"2026-02-13T13:06:08","guid":{"rendered":"https:\/\/facilityprojectsolutions.com\/?post_type=product&#038;p=393"},"modified":"2026-02-13T13:06:08","modified_gmt":"2026-02-13T13:06:08","slug":"rainproof-outdoor-waste-bin-with-covered-top","status":"publish","type":"product","link":"https:\/\/facilityprojectsolutions.com\/es\/rainproof-outdoor-waste-bin-with-covered-top\/","title":{"rendered":"Papelera de exterior impermeable con tapa"},"content":{"rendered":"<p data-start=\"0\" data-end=\"599\">Dise\u00f1ada para parques, campus, calles y entradas de edificios, esta papelera de exterior resistente a la lluvia cuenta con una cubierta superior que protege la abertura de la lluvia y las salpicaduras. Al mantener la zona de la bolsa m\u00e1s seca, se reducen las fugas y los olores persistentes durante las rondas rutinarias, especialmente en los puntos de control de las puertas, los pasillos peatonales y las paradas de autob\u00fas. El perfil con capucha tambi\u00e9n puede limitar la basura arrastrada por el viento y dificulta que los p\u00e1jaros vuelvan a arrastrar los residuos hacia fuera, lo que favorece un paisaje urbano m\u00e1s limpio y una mejor primera impresi\u00f3n en las entradas.<\/p>\n<p data-start=\"601\" data-end=\"1167\">Para los equipos de instalaciones y municipales, el contenedor es f\u00e1cil de mantener: las funciones opcionales de anclaje y antimanipulaci\u00f3n ayudan a impedir el traslado o la interferencia en zonas p\u00fablicas no supervisadas. Una bolsa interna extra\u00edble o un sistema de retenci\u00f3n de la bolsa permiten sacarla r\u00e1pidamente y cambiar la bolsa sin volcar toda la unidad, lo que reduce el tiempo de trabajo y el contacto con los residuos. Despu\u00e9s de las tormentas o de los d\u00edas de mayor uso, las superficies accesibles se pueden limpiar o lavar f\u00e1cilmente para que la unidad permanezca presentable con un mantenimiento predecible en rutas de mantenimiento est\u00e1ndar.<\/p>","protected":false},"excerpt":{"rendered":"<p data-start=\"1169\" data-end=\"1429\">Papelera de exterior con capota para la lluvia para campus, calles y entradas. La parte superior cubierta ayuda a mantener las bolsas m\u00e1s secas para un mantenimiento m\u00e1s limpio; las opciones opcionales de anclaje y antisabotaje son adecuadas para zonas p\u00fablicas, y la bolsa extra\u00edble permite un vaciado r\u00e1pido y sin contacto.<\/p>","protected":false},"featured_media":405,"template":"","meta":{"_gspb_post_css":""},"product_brand":[],"product_cat":[31,27],"product_tag":[],"class_list":{"0":"post-393","1":"product","2":"type-product","3":"status-publish","4":"has-post-thumbnail","6":"product_cat-weather-resistant-bins","7":"product_cat-outdoor-trash-bins","9":"first","10":"instock","11":"shipping-taxable","12":"purchasable","13":"product-type-simple"},"_links":{"self":[{"href":"https:\/\/facilityprojectsolutions.com\/es\/wp-json\/wp\/v2\/product\/393","targetHints":{"allow":["GET"]}}],"collection":[{"href":"https:\/\/facilityprojectsolutions.com\/es\/wp-json\/wp\/v2\/product"}],"about":[{"href":"https:\/\/facilityprojectsolutions.com\/es\/wp-json\/wp\/v2\/types\/product"}],"wp:featuredmedia":[{"embeddable":true,"href":"https:\/\/facilityprojectsolutions.com\/es\/wp-json\/wp\/v2\/media\/405"}],"wp:attachment":[{"href":"https:\/\/facilityprojectsolutions.com\/es\/wp-json\/wp\/v2\/media?parent=393"}],"wp:term":[{"taxonomy":"product_brand","embeddable":true,"href":"https:\/\/facilityprojectsolutions.com\/es\/wp-json\/wp\/v2\/product_brand?post=393"},{"taxonomy":"product_cat","embeddable":true,"href":"https:\/\/facilityprojectsolutions.com\/es\/wp-json\/wp\/v2\/product_cat?post=393"},{"taxonomy":"product_tag","embeddable":true,"href":"https:\/\/facilityprojectsolutions.com\/es\/wp-json\/wp\/v2\/product_tag?post=393"}],"curies":[{"name":"wp","href":"https:\/\/api.w.org\/{rel}","templated":true}]}}