{"id":407,"date":"2026-02-13T13:27:30","date_gmt":"2026-02-13T13:27:30","guid":{"rendered":"https:\/\/facilityprojectsolutions.com\/?post_type=product&#038;p=407"},"modified":"2026-02-13T13:27:30","modified_gmt":"2026-02-13T13:27:30","slug":"all-weather-metal-trash-can-for-public-spaces","status":"publish","type":"product","link":"https:\/\/facilityprojectsolutions.com\/es\/all-weather-metal-trash-can-for-public-spaces\/","title":{"rendered":"Papelera met\u00e1lica todo tiempo para espacios p\u00fablicos"},"content":{"rendered":"<p data-start=\"0\" data-end=\"409\">Fabricado para parques, campus empresariales, zonas verdes y entradas en las que los contenedores est\u00e1n expuestos al sol, la lluvia y el tr\u00e1fico peatonal intenso, este cubo de basura met\u00e1lico para todo tipo de climas permite una recogida de residuos uniforme con un esfuerzo de servicio diario reducido. El cuerpo met\u00e1lico est\u00e1 dise\u00f1ado para la exposici\u00f3n al exterior y el lavado rutinario, ayudando a las instalaciones a mantener un aspecto uniforme a lo largo de los caminos, bordillos y entradas.<\/p>\n<p data-start=\"411\" data-end=\"947\">Un forro interior extra\u00edble ayuda al personal a levantar y cambiar las bolsas sin tener que meter la mano en el armario, lo que acelera las rondas por los edificios y reduce el contacto con los residuos. La bolsa tambi\u00e9n se puede lavar por separado para ayudar a controlar los olores despu\u00e9s de las tormentas. Para corredores propensos al viento, aceras adyacentes al tr\u00e1nsito o zonas de uso frecuente fuera del horario laboral, se pueden especificar caracter\u00edsticas opcionales de anclaje y antisabotaje para reducir los vuelcos, la reubicaci\u00f3n y el acceso no autorizado.<\/p>\n<p data-start=\"949\" data-end=\"1186\">Con componentes sencillos y superficies limpiables, la unidad es f\u00e1cil de mantener para su despliegue a largo plazo en exteriores, lo que permite realizar inspecciones planificadas, agilizar el mantenimiento y reducir el tiempo dedicado a la limpieza de retoques en v\u00edas p\u00fablicas muy transitadas.<\/p>","protected":false},"excerpt":{"rendered":"<p data-start=\"1188\" data-end=\"1441\">Cubo de basura met\u00e1lico resistente a la intemperie para pasillos de campus, esquinas y entradas de instalaciones. La bolsa extra\u00edble permite una recogida m\u00e1s r\u00e1pida, mientras que las funciones opcionales de anclaje y antisabotaje ayudan a reducir los vertidos y la limpieza fuera de horario.<\/p>","protected":false},"featured_media":415,"template":"","meta":{"_gspb_post_css":""},"product_brand":[],"product_cat":[31,27],"product_tag":[],"class_list":{"0":"post-407","1":"product","2":"type-product","3":"status-publish","4":"has-post-thumbnail","6":"product_cat-weather-resistant-bins","7":"product_cat-outdoor-trash-bins","9":"first","10":"instock","11":"shipping-taxable","12":"purchasable","13":"product-type-simple"},"_links":{"self":[{"href":"https:\/\/facilityprojectsolutions.com\/es\/wp-json\/wp\/v2\/product\/407","targetHints":{"allow":["GET"]}}],"collection":[{"href":"https:\/\/facilityprojectsolutions.com\/es\/wp-json\/wp\/v2\/product"}],"about":[{"href":"https:\/\/facilityprojectsolutions.com\/es\/wp-json\/wp\/v2\/types\/product"}],"wp:featuredmedia":[{"embeddable":true,"href":"https:\/\/facilityprojectsolutions.com\/es\/wp-json\/wp\/v2\/media\/415"}],"wp:attachment":[{"href":"https:\/\/facilityprojectsolutions.com\/es\/wp-json\/wp\/v2\/media?parent=407"}],"wp:term":[{"taxonomy":"product_brand","embeddable":true,"href":"https:\/\/facilityprojectsolutions.com\/es\/wp-json\/wp\/v2\/product_brand?post=407"},{"taxonomy":"product_cat","embeddable":true,"href":"https:\/\/facilityprojectsolutions.com\/es\/wp-json\/wp\/v2\/product_cat?post=407"},{"taxonomy":"product_tag","embeddable":true,"href":"https:\/\/facilityprojectsolutions.com\/es\/wp-json\/wp\/v2\/product_tag?post=407"}],"curies":[{"name":"wp","href":"https:\/\/api.w.org\/{rel}","templated":true}]}}