{"id":421,"date":"2026-02-13T13:47:53","date_gmt":"2026-02-13T13:47:53","guid":{"rendered":"https:\/\/facilityprojectsolutions.com\/?post_type=product&#038;p=421"},"modified":"2026-02-13T13:47:53","modified_gmt":"2026-02-13T13:47:53","slug":"indoor-waste-classification-bin-set","status":"publish","type":"product","link":"https:\/\/facilityprojectsolutions.com\/es\/indoor-waste-classification-bin-set\/","title":{"rendered":"Juego de papeleras de clasificaci\u00f3n para interiores"},"content":{"rendered":"<p data-start=\"0\" data-end=\"446\">Dise\u00f1ado para vest\u00edbulos de hoteles muy transitados, comedores y suelos de oficinas, este juego de papeleras de clasificaci\u00f3n para interiores convierte la eliminaci\u00f3n en una acci\u00f3n clara y guiada. Seleccione una <strong data-start=\"186\" data-end=\"198\">2 flujos<\/strong> o <strong data-start=\"202\" data-end=\"214\">3 flujos<\/strong> y asigne a cada flujo un conjunto limpio de etiquetas con iconos y se\u00f1ales de color. Dise\u00f1ado a medida, <strong data-start=\"312\" data-end=\"335\">aperturas restringidas<\/strong> (de ranura, redondos o de desecho general) empujan suavemente a los usuarios hacia el flujo correcto y ayudan a reducir la contaminaci\u00f3n.<\/p>\n<p data-start=\"448\" data-end=\"1140\">A medida que su programa cambia, la emisora se adapta: <strong data-start=\"493\" data-end=\"512\">insertos modulares<\/strong> y las aberturas intercambiables facilitan la renovaci\u00f3n de la gu\u00eda sin necesidad de sustituir toda la unidad. Para los equipos de las instalaciones, el mantenimiento sigue siendo eficiente, ya que cada compartimento incluye una tapa de f\u00e1cil mantenimiento. <strong data-start=\"706\" data-end=\"721\">forro interior<\/strong> y un <strong data-start=\"728\" data-end=\"749\">puerta de acceso frontal<\/strong> para cambiar r\u00e1pidamente las bolsas y limpiarlas sin problemas. El aspecto unificado y arquitect\u00f3nico se adapta a las zonas orientadas a los clientes, mientras que la clara separaci\u00f3n de los flujos fomenta una mayor participaci\u00f3n tanto de los visitantes como del personal. Inteligente por dise\u00f1o: las aberturas configurables y las inserciones modulares crean una experiencia de clasificaci\u00f3n sencilla y repetible, sin promesas tecnol\u00f3gicas, s\u00f3lo una mejor orientaci\u00f3n.<\/p>","protected":false},"excerpt":{"rendered":"<p data-start=\"1142\" data-end=\"1361\">Estaci\u00f3n interior de reciclaje de varios flujos para hoteles y oficinas, disponible en configuraciones de 2 o 3 flujos con aberturas restringidas, se\u00f1alizaci\u00f3n clara, ampliaci\u00f3n modular y puertas y revestimientos interiores de f\u00e1cil mantenimiento.<\/p>","protected":false},"featured_media":426,"template":"","meta":{"_gspb_post_css":""},"product_brand":[],"product_cat":[34,32],"product_tag":[],"class_list":{"0":"post-421","1":"product","2":"type-product","3":"status-publish","4":"has-post-thumbnail","6":"product_cat-classification-stations","7":"product_cat-recycling-sorting-systems","9":"first","10":"instock","11":"shipping-taxable","12":"purchasable","13":"product-type-simple"},"_links":{"self":[{"href":"https:\/\/facilityprojectsolutions.com\/es\/wp-json\/wp\/v2\/product\/421","targetHints":{"allow":["GET"]}}],"collection":[{"href":"https:\/\/facilityprojectsolutions.com\/es\/wp-json\/wp\/v2\/product"}],"about":[{"href":"https:\/\/facilityprojectsolutions.com\/es\/wp-json\/wp\/v2\/types\/product"}],"wp:featuredmedia":[{"embeddable":true,"href":"https:\/\/facilityprojectsolutions.com\/es\/wp-json\/wp\/v2\/media\/426"}],"wp:attachment":[{"href":"https:\/\/facilityprojectsolutions.com\/es\/wp-json\/wp\/v2\/media?parent=421"}],"wp:term":[{"taxonomy":"product_brand","embeddable":true,"href":"https:\/\/facilityprojectsolutions.com\/es\/wp-json\/wp\/v2\/product_brand?post=421"},{"taxonomy":"product_cat","embeddable":true,"href":"https:\/\/facilityprojectsolutions.com\/es\/wp-json\/wp\/v2\/product_cat?post=421"},{"taxonomy":"product_tag","embeddable":true,"href":"https:\/\/facilityprojectsolutions.com\/es\/wp-json\/wp\/v2\/product_tag?post=421"}],"curies":[{"name":"wp","href":"https:\/\/api.w.org\/{rel}","templated":true}]}}