{"id":428,"date":"2026-02-13T14:21:31","date_gmt":"2026-02-13T14:21:31","guid":{"rendered":"https:\/\/facilityprojectsolutions.com\/?post_type=product&#038;p=428"},"modified":"2026-02-13T14:21:31","modified_gmt":"2026-02-13T14:21:31","slug":"hotel-garbage-classification-bin-with-doors","status":"publish","type":"product","link":"https:\/\/facilityprojectsolutions.com\/es\/hotel-garbage-classification-bin-with-doors\/","title":{"rendered":"Cubo de basura de hotel con puertas"},"content":{"rendered":"<p data-start=\"0\" data-end=\"597\">Dise\u00f1ado para vest\u00edbulos de hoteles, comedores y zonas de oficinas, este cubo de clasificaci\u00f3n de basura mantiene la separaci\u00f3n de residuos ordenada y agradable para los hu\u00e9spedes. Seleccione una <strong data-start=\"167\" data-end=\"179\">2 flujos<\/strong> o <strong data-start=\"183\" data-end=\"195\">3 flujos<\/strong> para que coincida con su programa (por ejemplo: vertedero \/ reciclaje mixto \/ org\u00e1nicos), a continuaci\u00f3n, adaptar la experiencia del usuario con <strong data-start=\"323\" data-end=\"342\">insertos modulares<\/strong> y <strong data-start=\"347\" data-end=\"372\">aperturas configurables<\/strong> que dirigen de forma natural los art\u00edculos a la corriente correcta. Las etiquetas de alto contraste y la gu\u00eda de iconos agilizan la toma de decisiones, y <strong data-start=\"490\" data-end=\"519\" data-is-only-node=\"\">formas de admisi\u00f3n restrictivas<\/strong> (de ranura, redondas o mixtas) ayudan a reducir el \u201cciclo de los deseos\u201d sin ralentizar el tr\u00e1fico.<\/p>\n<p data-start=\"599\" data-end=\"1138\">Detr\u00e1s de la limpia fachada, las puertas de altura completa permiten al personal acceder r\u00e1pidamente a <strong data-start=\"673\" data-end=\"699\">forros interiores desmontables<\/strong> para un cambio de bolsas m\u00e1s r\u00e1pido y una limpieza m\u00e1s sencilla, lo que resulta ideal para los picos de servicio y el mantenimiento diario. A medida que cambian las necesidades, la construcci\u00f3n modular permite actualizaciones sencillas: a\u00f1adir otro m\u00f3dulo, cambiar el juego de aberturas o actualizar los paneles de se\u00f1alizaci\u00f3n para adaptarlos a las normas de recogida locales. Con un aspecto pulido en la parte frontal y un pr\u00e1ctico mantenimiento en la parte trasera, la estaci\u00f3n fomenta la participaci\u00f3n a la vez que mantiene los espacios p\u00fablicos limpios y profesionales.<\/p>","protected":false},"excerpt":{"rendered":"<p data-start=\"1140\" data-end=\"1376\">Estaci\u00f3n frontal de clasificaci\u00f3n de residuos para hoteles con puertas de servicio seguras. Se ofrece en dise\u00f1os de 2 o 3 flujos, con iconos claros, aberturas restringidas e inserciones modulares para guiar a los hu\u00e9spedes y simplificar los cambios de bolsas.<\/p>","protected":false},"featured_media":434,"template":"","meta":{"_gspb_post_css":""},"product_brand":[],"product_cat":[34,32],"product_tag":[],"class_list":{"0":"post-428","1":"product","2":"type-product","3":"status-publish","4":"has-post-thumbnail","6":"product_cat-classification-stations","7":"product_cat-recycling-sorting-systems","9":"first","10":"instock","11":"shipping-taxable","12":"purchasable","13":"product-type-simple"},"_links":{"self":[{"href":"https:\/\/facilityprojectsolutions.com\/es\/wp-json\/wp\/v2\/product\/428","targetHints":{"allow":["GET"]}}],"collection":[{"href":"https:\/\/facilityprojectsolutions.com\/es\/wp-json\/wp\/v2\/product"}],"about":[{"href":"https:\/\/facilityprojectsolutions.com\/es\/wp-json\/wp\/v2\/types\/product"}],"wp:featuredmedia":[{"embeddable":true,"href":"https:\/\/facilityprojectsolutions.com\/es\/wp-json\/wp\/v2\/media\/434"}],"wp:attachment":[{"href":"https:\/\/facilityprojectsolutions.com\/es\/wp-json\/wp\/v2\/media?parent=428"}],"wp:term":[{"taxonomy":"product_brand","embeddable":true,"href":"https:\/\/facilityprojectsolutions.com\/es\/wp-json\/wp\/v2\/product_brand?post=428"},{"taxonomy":"product_cat","embeddable":true,"href":"https:\/\/facilityprojectsolutions.com\/es\/wp-json\/wp\/v2\/product_cat?post=428"},{"taxonomy":"product_tag","embeddable":true,"href":"https:\/\/facilityprojectsolutions.com\/es\/wp-json\/wp\/v2\/product_tag?post=428"}],"curies":[{"name":"wp","href":"https:\/\/api.w.org\/{rel}","templated":true}]}}