{"id":443,"date":"2026-02-14T03:20:13","date_gmt":"2026-02-14T03:20:13","guid":{"rendered":"https:\/\/facilityprojectsolutions.com\/?post_type=product&#038;p=443"},"modified":"2026-02-14T03:20:13","modified_gmt":"2026-02-14T03:20:13","slug":"branded-recycling-station-with-logo-printing","status":"publish","type":"product","link":"https:\/\/facilityprojectsolutions.com\/es\/branded-recycling-station-with-logo-printing\/","title":{"rendered":"Estaci\u00f3n de reciclaje de marca con impresi\u00f3n de logotipo"},"content":{"rendered":"<p data-start=\"0\" data-end=\"1132\">Lleve una experiencia de reciclaje m\u00e1s limpia y atractiva al vest\u00edbulo de su hotel, comedor u oficina con una estaci\u00f3n de reciclaje de marca dise\u00f1ada para la clasificaci\u00f3n de varios flujos. Seleccione una <strong data-start=\"191\" data-end=\"203\">2 flujos<\/strong> o <strong data-start=\"207\" data-end=\"219\">3 flujos<\/strong> y a\u00f1ada m\u00f3dulos m\u00e1s adelante a medida que crezca su programa de desv\u00edo, lo que resulta ideal para propiedades que desean flexibilidad sin tener que sustituir toda la unidad. Cada flujo utiliza etiquetas claras de alto contraste y aberturas restrictivas opcionales (ranura, redonda, mixta) que orientan a los usuarios hacia el contenedor correcto y ayudan a reducir la contaminaci\u00f3n. La se\u00f1alizaci\u00f3n coherente y las aberturas espec\u00edficas para cada flujo se utilizan ampliamente para reducir la confusi\u00f3n y mejorar la separaci\u00f3n en origen. <br data-start=\"677\" data-end=\"680\" \/>Detr\u00e1s de la puerta de acceso frontal, las bolsas extra\u00edbles y las superficies interiores f\u00e1ciles de limpiar simplifican el mantenimiento diario y mantienen limpio el exterior de cara al p\u00fablico. Para una experiencia de usuario \u201cinteligente\u201d, los insertos superiores configurables le permiten adaptar las aberturas a sus normas actuales sobre residuos y cambiarlas a medida que evolucionan las pol\u00edticas, sin necesidad de componentes electr\u00f3nicos. Acabado con su logotipo y los colores de su marca para reforzar el mensaje de sostenibilidad y fomentar la participaci\u00f3n de los clientes, los comensales y el personal.<\/p>","protected":false},"excerpt":{"rendered":"<p data-start=\"1134\" data-end=\"1372\">Estaci\u00f3n de reciclaje con logotipo personalizado para espacios de hosteler\u00eda y lugares de trabajo muy transitados. Elija una clasificaci\u00f3n de 2 o 3 flujos con etiquetas transparentes y aberturas restrictivas, adem\u00e1s de insertos modulares y bolsas de f\u00e1cil extracci\u00f3n para un mantenimiento ordenado.<\/p>","protected":false},"featured_media":450,"template":"","meta":{"_gspb_post_css":""},"product_brand":[],"product_cat":[36,32],"product_tag":[],"class_list":{"0":"post-443","1":"product","2":"type-product","3":"status-publish","4":"has-post-thumbnail","6":"product_cat-custom-recycling-projects","7":"product_cat-recycling-sorting-systems","9":"first","10":"instock","11":"shipping-taxable","12":"purchasable","13":"product-type-simple"},"_links":{"self":[{"href":"https:\/\/facilityprojectsolutions.com\/es\/wp-json\/wp\/v2\/product\/443","targetHints":{"allow":["GET"]}}],"collection":[{"href":"https:\/\/facilityprojectsolutions.com\/es\/wp-json\/wp\/v2\/product"}],"about":[{"href":"https:\/\/facilityprojectsolutions.com\/es\/wp-json\/wp\/v2\/types\/product"}],"wp:featuredmedia":[{"embeddable":true,"href":"https:\/\/facilityprojectsolutions.com\/es\/wp-json\/wp\/v2\/media\/450"}],"wp:attachment":[{"href":"https:\/\/facilityprojectsolutions.com\/es\/wp-json\/wp\/v2\/media?parent=443"}],"wp:term":[{"taxonomy":"product_brand","embeddable":true,"href":"https:\/\/facilityprojectsolutions.com\/es\/wp-json\/wp\/v2\/product_brand?post=443"},{"taxonomy":"product_cat","embeddable":true,"href":"https:\/\/facilityprojectsolutions.com\/es\/wp-json\/wp\/v2\/product_cat?post=443"},{"taxonomy":"product_tag","embeddable":true,"href":"https:\/\/facilityprojectsolutions.com\/es\/wp-json\/wp\/v2\/product_tag?post=443"}],"curies":[{"name":"wp","href":"https:\/\/api.w.org\/{rel}","templated":true}]}}