{"id":444,"date":"2026-02-14T03:11:40","date_gmt":"2026-02-14T03:11:40","guid":{"rendered":"https:\/\/facilityprojectsolutions.com\/?post_type=product&#038;p=444"},"modified":"2026-02-14T03:11:41","modified_gmt":"2026-02-14T03:11:41","slug":"custom-3-stream-recycling-bin-project","status":"publish","type":"product","link":"https:\/\/facilityprojectsolutions.com\/es\/custom-3-stream-recycling-bin-project\/","title":{"rendered":"Proyecto personalizado de papelera de reciclaje de 3 flujos"},"content":{"rendered":"<p data-start=\"0\" data-end=\"431\">Dise\u00f1ada para vest\u00edbulos de hoteles, comedores y oficinas modernas, esta papelera de reciclaje personalizada de 3 flujos convierte el \u201c\u00bfd\u00f3nde va?\u201d en una tarea f\u00e1cil y segura. Cada flujo est\u00e1 guiado por gr\u00e1ficos en negrita espec\u00edficos del lugar y se\u00f1ales de color opcionales, mientras que las aberturas restrictivas (botellas\/latas, ranura para papel, vertedero, org\u00e1nicos, etc.) evitan suavemente que los art\u00edculos equivocados entren en el contenedor equivocado.<\/p>\n<p data-start=\"433\" data-end=\"818\">Detr\u00e1s de la limpieza exterior, un interior f\u00e1cil de usar reduce el tiempo del personal: bolsas extra\u00edbles, retenci\u00f3n intuitiva de bolsas y puertas de acceso para cambios y limpiezas r\u00e1pidos. La sensaci\u00f3n de uso del sistema es \u201cinteligente\u201d, no gracias a los sensores, sino a las inserciones modulares y las aberturas configurables que pueden intercambiarse a medida que evoluciona el programa.<\/p>\n<p data-start=\"820\" data-end=\"1187\">A\u00f1ada o elimine flujos para adaptarse a una configuraci\u00f3n de dos o tres flujos, ampl\u00ede las estaciones con el tiempo o estandarice el aspecto en varias propiedades. El resultado es una estaci\u00f3n de reciclaje con un aspecto intencionado, que permite una mejor clasificaci\u00f3n y ayuda a fomentar la participaci\u00f3n de los clientes y empleados, desde el caf\u00e9 de la ma\u00f1ana hasta las pausas para conferencias.<\/p>","protected":false},"excerpt":{"rendered":"<p>Una estaci\u00f3n de reciclaje de 3 flujos personalizable con aberturas transparentes y restrictivas e inserciones modulares para guiar la clasificaci\u00f3n en vest\u00edbulos de hoteles, comedores y oficinas.<\/p>","protected":false},"featured_media":449,"template":"","meta":{"_gspb_post_css":""},"product_brand":[],"product_cat":[36,32],"product_tag":[],"class_list":{"0":"post-444","1":"product","2":"type-product","3":"status-publish","4":"has-post-thumbnail","6":"product_cat-custom-recycling-projects","7":"product_cat-recycling-sorting-systems","9":"first","10":"instock","11":"shipping-taxable","12":"purchasable","13":"product-type-simple"},"_links":{"self":[{"href":"https:\/\/facilityprojectsolutions.com\/es\/wp-json\/wp\/v2\/product\/444","targetHints":{"allow":["GET"]}}],"collection":[{"href":"https:\/\/facilityprojectsolutions.com\/es\/wp-json\/wp\/v2\/product"}],"about":[{"href":"https:\/\/facilityprojectsolutions.com\/es\/wp-json\/wp\/v2\/types\/product"}],"wp:featuredmedia":[{"embeddable":true,"href":"https:\/\/facilityprojectsolutions.com\/es\/wp-json\/wp\/v2\/media\/449"}],"wp:attachment":[{"href":"https:\/\/facilityprojectsolutions.com\/es\/wp-json\/wp\/v2\/media?parent=444"}],"wp:term":[{"taxonomy":"product_brand","embeddable":true,"href":"https:\/\/facilityprojectsolutions.com\/es\/wp-json\/wp\/v2\/product_brand?post=444"},{"taxonomy":"product_cat","embeddable":true,"href":"https:\/\/facilityprojectsolutions.com\/es\/wp-json\/wp\/v2\/product_cat?post=444"},{"taxonomy":"product_tag","embeddable":true,"href":"https:\/\/facilityprojectsolutions.com\/es\/wp-json\/wp\/v2\/product_tag?post=444"}],"curies":[{"name":"wp","href":"https:\/\/api.w.org\/{rel}","templated":true}]}}