{"id":445,"date":"2026-02-14T07:25:02","date_gmt":"2026-02-14T07:25:02","guid":{"rendered":"https:\/\/facilityprojectsolutions.com\/?post_type=product&#038;p=445"},"modified":"2026-02-14T07:25:02","modified_gmt":"2026-02-14T07:25:02","slug":"tailored-recycling-bin-solution-for-facilities","status":"publish","type":"product","link":"https:\/\/facilityprojectsolutions.com\/es\/tailored-recycling-bin-solution-for-facilities\/","title":{"rendered":"Soluci\u00f3n de papeleras de reciclaje a medida para instalaciones"},"content":{"rendered":"<p data-start=\"0\" data-end=\"716\">Lleve un reciclaje uniforme y respetuoso con los hu\u00e9spedes a los vest\u00edbulos de los hoteles, los comedores y las plantas de oficinas con una estaci\u00f3n de flujo m\u00faltiple hecha a medida para espacios de mucho tr\u00e1fico. Comience con una configuraci\u00f3n de 2 o 3 flujos y ampl\u00edela posteriormente a medida que crezca su programa. Las etiquetas claras y de alto contraste junto con las aberturas restrictivas espec\u00edficas para cada flujo (ranura, redonda o mixta) gu\u00edan las opciones de eliminaci\u00f3n y ayudan a reducir la contaminaci\u00f3n en origen. <br data-start=\"480\" data-end=\"483\" \/>Las tapas configurables y los insertos modulares ofrecen una experiencia \u201cinteligente\u201d: cambie las formas de las aperturas y los paneles de mensajes a medida que cambien los materiales aceptados, y mantenga un aspecto coherente en todas las propiedades.<\/p>\n<p data-start=\"718\" data-end=\"1231\">El mantenimiento es igual de sencillo. Las puertas de f\u00e1cil acceso y los revestimientos interiores extra\u00edbles simplifican el cambio de bolsas, mientras que los componentes modulares permiten a los equipos de las instalaciones realizar el mantenimiento o reconfigurar un \u00fanico flujo sin necesidad de sustituir toda la estaci\u00f3n. Cree una pared de reciclaje continua en el vest\u00edbulo, coloque estaciones cerca de las zonas de bebidas y buf\u00e9s, o despliegue m\u00f3dulos compactos junto a las salas de reuniones: dondequiera que los instale, los usuarios ven r\u00e1pidamente la opci\u00f3n adecuada y la participaci\u00f3n aumenta con menos conjeturas.<\/p>","protected":false},"excerpt":{"rendered":"<p data-start=\"1233\" data-end=\"1485\">Estaci\u00f3n de reciclaje configurable de 2 \u00f3 3 flujos para vest\u00edbulos, comedores y oficinas: las aberturas modulares y las etiquetas gu\u00edan a los usuarios, mientras que las puertas de servicio y los revestimientos interiores extra\u00edbles facilitan el mantenimiento. Ampl\u00ede los flujos a medida que evolucione su programa.<\/p>","protected":false},"featured_media":455,"template":"","meta":{"_gspb_post_css":""},"product_brand":[],"product_cat":[36,32],"product_tag":[],"class_list":{"0":"post-445","1":"product","2":"type-product","3":"status-publish","4":"has-post-thumbnail","6":"product_cat-custom-recycling-projects","7":"product_cat-recycling-sorting-systems","9":"first","10":"instock","11":"shipping-taxable","12":"purchasable","13":"product-type-simple"},"_links":{"self":[{"href":"https:\/\/facilityprojectsolutions.com\/es\/wp-json\/wp\/v2\/product\/445","targetHints":{"allow":["GET"]}}],"collection":[{"href":"https:\/\/facilityprojectsolutions.com\/es\/wp-json\/wp\/v2\/product"}],"about":[{"href":"https:\/\/facilityprojectsolutions.com\/es\/wp-json\/wp\/v2\/types\/product"}],"wp:featuredmedia":[{"embeddable":true,"href":"https:\/\/facilityprojectsolutions.com\/es\/wp-json\/wp\/v2\/media\/455"}],"wp:attachment":[{"href":"https:\/\/facilityprojectsolutions.com\/es\/wp-json\/wp\/v2\/media?parent=445"}],"wp:term":[{"taxonomy":"product_brand","embeddable":true,"href":"https:\/\/facilityprojectsolutions.com\/es\/wp-json\/wp\/v2\/product_brand?post=445"},{"taxonomy":"product_cat","embeddable":true,"href":"https:\/\/facilityprojectsolutions.com\/es\/wp-json\/wp\/v2\/product_cat?post=445"},{"taxonomy":"product_tag","embeddable":true,"href":"https:\/\/facilityprojectsolutions.com\/es\/wp-json\/wp\/v2\/product_tag?post=445"}],"curies":[{"name":"wp","href":"https:\/\/api.w.org\/{rel}","templated":true}]}}