{"id":458,"date":"2026-02-14T07:43:17","date_gmt":"2026-02-14T07:43:17","guid":{"rendered":"https:\/\/facilityprojectsolutions.com\/?post_type=product&#038;p=458"},"modified":"2026-02-14T07:43:17","modified_gmt":"2026-02-14T07:43:17","slug":"stainless-steel-recycling-bin-with-labels","status":"publish","type":"product","link":"https:\/\/facilityprojectsolutions.com\/es\/stainless-steel-recycling-bin-with-labels\/","title":{"rendered":"Papelera de reciclaje de acero inoxidable con etiquetas"},"content":{"rendered":"<p data-start=\"0\" data-end=\"608\">Fabricado para entornos de hosteler\u00eda y lugares de trabajo con mucho tr\u00e1fico, este contenedor de reciclaje de acero inoxidable convierte el \u201c\u00bfd\u00f3nde va esto?\u201d en una decisi\u00f3n r\u00e1pida y segura. Elija un dise\u00f1o de 2 o 3 flujos para separar los residuos, los reciclables mezclados y los org\u00e1nicos (seg\u00fan lo permita su programa local), todo ello en un espacio limpio y eficiente. Las etiquetas grandes y de alto contraste se colocan a la altura de los ojos, mientras que los insertos de tapa configurables utilizan aberturas de forma guiada (ranura, redonda o rectangular) para desalentar los art\u00edculos incorrectos y reducir la contaminaci\u00f3n, lo que ayuda a aumentar la participaci\u00f3n en vest\u00edbulos, zonas de comedor y \u00e1reas comunes de oficinas.<\/p>\n<p data-start=\"610\" data-end=\"1095\">Su formato modular le permite empezar con los flujos que necesita hoy y ampliarlos m\u00e1s adelante a\u00f1adiendo m\u00f3dulos a juego o intercambiando aberturas a medida que evolucione su auditor\u00eda de residuos. En el interior, los forros extra\u00edbles permiten cambiar las bolsas con rapidez y una manipulaci\u00f3n ordenada para los equipos de las instalaciones, y los paneles de etiquetas son f\u00e1ciles de actualizar cuando cambian sus necesidades de se\u00f1alizaci\u00f3n. El cuerpo de metal cepillado se limpia f\u00e1cilmente y complementa los interiores de lujo, por lo que la sostenibilidad se siente como parte de la experiencia del hu\u00e9sped en lugar de una idea tard\u00eda.<\/p>","protected":false},"excerpt":{"rendered":"<p>Una estaci\u00f3n de reciclaje de acero inoxidable con etiquetas claras y aberturas configurables. Disponible en dise\u00f1os de 2 o 3 flujos, gu\u00eda a los clientes y empleados para que clasifiquen correctamente, mientras que las bolsas extra\u00edbles agilizan el mantenimiento diario.<\/p>","protected":false},"featured_media":464,"template":"","meta":{"_gspb_post_css":""},"product_brand":[],"product_cat":[33,32],"product_tag":[],"class_list":{"0":"post-458","1":"product","2":"type-product","3":"status-publish","4":"has-post-thumbnail","6":"product_cat-recycling-bins","7":"product_cat-recycling-sorting-systems","9":"first","10":"instock","11":"shipping-taxable","12":"purchasable","13":"product-type-simple"},"_links":{"self":[{"href":"https:\/\/facilityprojectsolutions.com\/es\/wp-json\/wp\/v2\/product\/458","targetHints":{"allow":["GET"]}}],"collection":[{"href":"https:\/\/facilityprojectsolutions.com\/es\/wp-json\/wp\/v2\/product"}],"about":[{"href":"https:\/\/facilityprojectsolutions.com\/es\/wp-json\/wp\/v2\/types\/product"}],"wp:featuredmedia":[{"embeddable":true,"href":"https:\/\/facilityprojectsolutions.com\/es\/wp-json\/wp\/v2\/media\/464"}],"wp:attachment":[{"href":"https:\/\/facilityprojectsolutions.com\/es\/wp-json\/wp\/v2\/media?parent=458"}],"wp:term":[{"taxonomy":"product_brand","embeddable":true,"href":"https:\/\/facilityprojectsolutions.com\/es\/wp-json\/wp\/v2\/product_brand?post=458"},{"taxonomy":"product_cat","embeddable":true,"href":"https:\/\/facilityprojectsolutions.com\/es\/wp-json\/wp\/v2\/product_cat?post=458"},{"taxonomy":"product_tag","embeddable":true,"href":"https:\/\/facilityprojectsolutions.com\/es\/wp-json\/wp\/v2\/product_tag?post=458"}],"curies":[{"name":"wp","href":"https:\/\/api.w.org\/{rel}","templated":true}]}}