{"id":459,"date":"2026-02-14T08:30:38","date_gmt":"2026-02-14T08:30:38","guid":{"rendered":"https:\/\/facilityprojectsolutions.com\/?post_type=product&#038;p=459"},"modified":"2026-02-14T08:30:38","modified_gmt":"2026-02-14T08:30:38","slug":"dual-compartment-recycling-bin-for-indoors","status":"publish","type":"product","link":"https:\/\/facilityprojectsolutions.com\/es\/dual-compartment-recycling-bin-for-indoors\/","title":{"rendered":"Papelera de reciclaje de doble compartimento para interior"},"content":{"rendered":"<p data-start=\"0\" data-end=\"387\">Esta papelera de reciclaje de doble compartimento, dise\u00f1ada para espacios interiores muy transitados, ayuda a los clientes y al personal a clasificar los residuos con confianza en vest\u00edbulos de hoteles, comedores y salas comunes de oficinas. Los dos flujos claramente separados reducen la contaminaci\u00f3n cruzada, mientras que los gr\u00e1ficos llamativos a la altura de los ojos y las aberturas restrictivas \u201cempujan\u201d suavemente a los usuarios hacia la elecci\u00f3n correcta y los alejan del reciclaje deseado.<\/p>\n<p data-start=\"389\" data-end=\"736\">Detr\u00e1s del exterior, un interior que da prioridad al mantenimiento permite realizar cambios de forma r\u00e1pida y ordenada: extraiga las bolsas, l\u00edmpielas seg\u00fan sea necesario y cierre la puerta de acceso para que la estaci\u00f3n tenga un aspecto pulido durante los picos de servicio. El etiquetado uniforme tambi\u00e9n acorta el tiempo de formaci\u00f3n de los equipos de limpieza e instalaciones, por lo que su programa se mantiene turno tras turno.<\/p>\n<p data-start=\"738\" data-end=\"975\">Para los establecimientos que deseen ampliar sus instalaciones, el sistema ofrece una experiencia inteligente y flexible: intercambie las inserciones modulares para adaptarlas a los flujos seleccionados o conecte unidades adicionales para crear estaciones de 3 y 4 flujos sin necesidad de modificar el espacio.<\/p>\n<p data-start=\"977\" data-end=\"1178\">El resultado es un punto de reciclaje que parece intencionado, mejora la precisi\u00f3n de la eliminaci\u00f3n y hace que la participaci\u00f3n no suponga ning\u00fan esfuerzo, ideal para zonas de recepci\u00f3n en las que la limpieza y la experiencia de marca son importantes.<\/p>","protected":false},"excerpt":{"rendered":"<p>Contenedor de reciclaje de interior de dos flujos para hoteles y oficinas con se\u00f1alizaci\u00f3n clara y aberturas con forma espec\u00edfica. Las bolsas extra\u00edbles y la puerta de servicio agilizan el mantenimiento, mientras que los insertos configurables ayudan a adaptar los flujos o a ampliar las estaciones.<\/p>","protected":false},"featured_media":467,"template":"","meta":{"_gspb_post_css":""},"product_brand":[],"product_cat":[33,32],"product_tag":[],"class_list":{"0":"post-459","1":"product","2":"type-product","3":"status-publish","4":"has-post-thumbnail","6":"product_cat-recycling-bins","7":"product_cat-recycling-sorting-systems","9":"first","10":"instock","11":"shipping-taxable","12":"purchasable","13":"product-type-simple"},"_links":{"self":[{"href":"https:\/\/facilityprojectsolutions.com\/es\/wp-json\/wp\/v2\/product\/459","targetHints":{"allow":["GET"]}}],"collection":[{"href":"https:\/\/facilityprojectsolutions.com\/es\/wp-json\/wp\/v2\/product"}],"about":[{"href":"https:\/\/facilityprojectsolutions.com\/es\/wp-json\/wp\/v2\/types\/product"}],"wp:featuredmedia":[{"embeddable":true,"href":"https:\/\/facilityprojectsolutions.com\/es\/wp-json\/wp\/v2\/media\/467"}],"wp:attachment":[{"href":"https:\/\/facilityprojectsolutions.com\/es\/wp-json\/wp\/v2\/media?parent=459"}],"wp:term":[{"taxonomy":"product_brand","embeddable":true,"href":"https:\/\/facilityprojectsolutions.com\/es\/wp-json\/wp\/v2\/product_brand?post=459"},{"taxonomy":"product_cat","embeddable":true,"href":"https:\/\/facilityprojectsolutions.com\/es\/wp-json\/wp\/v2\/product_cat?post=459"},{"taxonomy":"product_tag","embeddable":true,"href":"https:\/\/facilityprojectsolutions.com\/es\/wp-json\/wp\/v2\/product_tag?post=459"}],"curies":[{"name":"wp","href":"https:\/\/api.w.org\/{rel}","templated":true}]}}