{"id":460,"date":"2026-02-14T08:34:23","date_gmt":"2026-02-14T08:34:23","guid":{"rendered":"https:\/\/facilityprojectsolutions.com\/?post_type=product&#038;p=460"},"modified":"2026-02-14T08:34:23","modified_gmt":"2026-02-14T08:34:23","slug":"luxury-recycling-bin-with-marble-finish-panels","status":"publish","type":"product","link":"https:\/\/facilityprojectsolutions.com\/es\/luxury-recycling-bin-with-marble-finish-panels\/","title":{"rendered":"Papelera de reciclaje de lujo con paneles en acabado m\u00e1rmol"},"content":{"rendered":"<p data-start=\"0\" data-end=\"780\">Dise\u00f1ado para espacios frontales en los que la apariencia importa tanto como el rendimiento, el <strong data-start=\"110\" data-end=\"160\">Papelera de reciclaje de lujo con paneles en acabado m\u00e1rmol<\/strong> aporta un aspecto elevado e inspirado en la piedra a vest\u00edbulos de hoteles, entradas de restaurantes, l\u00edneas de cafeter\u00edas y zonas de recepci\u00f3n de oficinas, al tiempo que mantiene los flujos de residuos claramente organizados. Elija una <strong data-start=\"336\" data-end=\"348\">2 flujos<\/strong> o <strong data-start=\"352\" data-end=\"364\">3 flujos<\/strong> y asignar a cada flujo un panel de t\u00edtulo dedicado m\u00e1s una forma, <strong data-start=\"441\" data-end=\"464\">apertura restrictiva<\/strong> (ranura para papel, abertura redonda para botellas\/latas o solapa de vertedero) utilizando <strong data-start=\"528\" data-end=\"547\" data-is-only-node=\"\">insertos modulares<\/strong> que pueden reconfigurarse a medida que evoluciona su programa. Unas cuidadas se\u00f1ales visuales (etiquetas claras junto con aberturas espec\u00edficas para cada flujo) ayudan a guiar el comportamiento de eliminaci\u00f3n y reducen las confusiones en zonas p\u00fablicas concurridas.<\/p>\n<p data-start=\"782\" data-end=\"1191\">El mantenimiento tambi\u00e9n se tiene en cuenta: una discreta puerta frontal permite un acceso r\u00e1pido, los revestimientos se extraen para cambiarlos con rapidez y las superficies interiores lisas se limpian con un pa\u00f1o para realizar rondas de limpieza eficientes. El formato modular tambi\u00e9n permite la ampliaci\u00f3n: a\u00f1ada otra unidad o flujo sin redise\u00f1ar el espacio y mantenga una est\u00e9tica de primera calidad en varias plantas y locales.<\/p>","protected":false},"excerpt":{"rendered":"<p>Una estaci\u00f3n de reciclaje con acabado de m\u00e1rmol para vest\u00edbulos, comedores y oficinas. Elija entre clasificaci\u00f3n de 2 \u00f3 3 flujos con etiquetas transparentes, aberturas restrictivas e inserciones modulares. La puerta frontal y las bolsas extra\u00edbles facilitan el mantenimiento.<\/p>","protected":false},"featured_media":470,"template":"","meta":{"_gspb_post_css":""},"product_brand":[],"product_cat":[33,32],"product_tag":[],"class_list":{"0":"post-460","1":"product","2":"type-product","3":"status-publish","4":"has-post-thumbnail","6":"product_cat-recycling-bins","7":"product_cat-recycling-sorting-systems","9":"first","10":"instock","11":"shipping-taxable","12":"purchasable","13":"product-type-simple"},"_links":{"self":[{"href":"https:\/\/facilityprojectsolutions.com\/es\/wp-json\/wp\/v2\/product\/460","targetHints":{"allow":["GET"]}}],"collection":[{"href":"https:\/\/facilityprojectsolutions.com\/es\/wp-json\/wp\/v2\/product"}],"about":[{"href":"https:\/\/facilityprojectsolutions.com\/es\/wp-json\/wp\/v2\/types\/product"}],"wp:featuredmedia":[{"embeddable":true,"href":"https:\/\/facilityprojectsolutions.com\/es\/wp-json\/wp\/v2\/media\/470"}],"wp:attachment":[{"href":"https:\/\/facilityprojectsolutions.com\/es\/wp-json\/wp\/v2\/media?parent=460"}],"wp:term":[{"taxonomy":"product_brand","embeddable":true,"href":"https:\/\/facilityprojectsolutions.com\/es\/wp-json\/wp\/v2\/product_brand?post=460"},{"taxonomy":"product_cat","embeddable":true,"href":"https:\/\/facilityprojectsolutions.com\/es\/wp-json\/wp\/v2\/product_cat?post=460"},{"taxonomy":"product_tag","embeddable":true,"href":"https:\/\/facilityprojectsolutions.com\/es\/wp-json\/wp\/v2\/product_tag?post=460"}],"curies":[{"name":"wp","href":"https:\/\/api.w.org\/{rel}","templated":true}]}}