{"id":473,"date":"2026-02-14T08:54:20","date_gmt":"2026-02-14T08:54:20","guid":{"rendered":"https:\/\/facilityprojectsolutions.com\/?post_type=product&#038;p=473"},"modified":"2026-02-14T08:54:20","modified_gmt":"2026-02-14T08:54:20","slug":"hotel-recycling-bin-with-bottle-paper-slots","status":"publish","type":"product","link":"https:\/\/facilityprojectsolutions.com\/es\/hotel-recycling-bin-with-bottle-paper-slots\/","title":{"rendered":"Papelera de reciclaje para hoteles con ranuras para botellas y papel"},"content":{"rendered":"<p data-start=\"0\" data-end=\"567\">Dise\u00f1ada para vest\u00edbulos de hoteles, comedores y oficinas, esta papelera de reciclaje con ranuras para botellas y papel facilita el desv\u00edo de residuos en el punto de eliminaci\u00f3n. Una abertura redonda para botellas y una ranura para papel act\u00faan como gu\u00edas de \u201centrada limitada\u201d, ayudando a reducir la contaminaci\u00f3n al empujar cada art\u00edculo hacia el flujo correcto. Las etiquetas claras y f\u00e1ciles de usar para los clientes y la se\u00f1alizaci\u00f3n opcional en la cabecera hacen que las instrucciones sean visibles desde la distancia, lo que mejora la participaci\u00f3n sin necesidad de formaci\u00f3n adicional por parte del personal.<\/p>\n<p data-start=\"569\" data-end=\"850\">El mantenimiento se ha dise\u00f1ado para que sea r\u00e1pido y limpio. La opci\u00f3n de bolsa interior extra\u00edble facilita el cambio r\u00e1pido de bolsas, mientras que la puerta de acceso frontal mantiene el contenido fuera de la vista para ofrecer un aspecto ordenado y de primera calidad. Las superficies lisas se limpian f\u00e1cilmente despu\u00e9s de las horas punta.<\/p>\n<p data-start=\"852\" data-end=\"1314\">A medida que su programa crezca, ampl\u00ede la estaci\u00f3n colocando m\u00f3dulos compatibles uno al lado del otro para crear una disposici\u00f3n de 2 o 3 flujos. Intercambie las inserciones modulares para reconfigurar las aberturas para diferentes tipos de recogida (por ejemplo, botellas\/latas frente a papel), de modo que su configuraci\u00f3n se adapte a los cambiantes perfiles de residuos y a las necesidades del establecimiento. El resultado: zonas comunes m\u00e1s limpias, una clasificaci\u00f3n m\u00e1s uniforme y una experiencia m\u00e1s sostenible para los clientes.<\/p>","protected":false},"excerpt":{"rendered":"<p>Estaci\u00f3n de reciclaje frontal para hoteles con dep\u00f3sito de botellas y ranura para papel. Los insertos modulares y las etiquetas transparentes mejoran la precisi\u00f3n de la clasificaci\u00f3n, mientras que la puerta de servicio y la bolsa extra\u00edble agilizan el cambio de bolsas.<\/p>","protected":false},"featured_media":476,"template":"","meta":{"_gspb_post_css":""},"product_brand":[],"product_cat":[33,32],"product_tag":[],"class_list":{"0":"post-473","1":"product","2":"type-product","3":"status-publish","4":"has-post-thumbnail","6":"product_cat-recycling-bins","7":"product_cat-recycling-sorting-systems","9":"first","10":"instock","11":"shipping-taxable","12":"purchasable","13":"product-type-simple"},"_links":{"self":[{"href":"https:\/\/facilityprojectsolutions.com\/es\/wp-json\/wp\/v2\/product\/473","targetHints":{"allow":["GET"]}}],"collection":[{"href":"https:\/\/facilityprojectsolutions.com\/es\/wp-json\/wp\/v2\/product"}],"about":[{"href":"https:\/\/facilityprojectsolutions.com\/es\/wp-json\/wp\/v2\/types\/product"}],"wp:featuredmedia":[{"embeddable":true,"href":"https:\/\/facilityprojectsolutions.com\/es\/wp-json\/wp\/v2\/media\/476"}],"wp:attachment":[{"href":"https:\/\/facilityprojectsolutions.com\/es\/wp-json\/wp\/v2\/media?parent=473"}],"wp:term":[{"taxonomy":"product_brand","embeddable":true,"href":"https:\/\/facilityprojectsolutions.com\/es\/wp-json\/wp\/v2\/product_brand?post=473"},{"taxonomy":"product_cat","embeddable":true,"href":"https:\/\/facilityprojectsolutions.com\/es\/wp-json\/wp\/v2\/product_cat?post=473"},{"taxonomy":"product_tag","embeddable":true,"href":"https:\/\/facilityprojectsolutions.com\/es\/wp-json\/wp\/v2\/product_tag?post=473"}],"curies":[{"name":"wp","href":"https:\/\/api.w.org\/{rel}","templated":true}]}}