{"id":474,"date":"2026-02-14T09:08:32","date_gmt":"2026-02-14T09:08:32","guid":{"rendered":"https:\/\/facilityprojectsolutions.com\/?post_type=product&#038;p=474"},"modified":"2026-02-14T09:08:32","modified_gmt":"2026-02-14T09:08:32","slug":"commercial-recycling-bin-with-removable-liners","status":"publish","type":"product","link":"https:\/\/facilityprojectsolutions.com\/es\/commercial-recycling-bin-with-removable-liners\/","title":{"rendered":"Papelera de reciclaje comercial con bolsas extra\u00edbles"},"content":{"rendered":"<p data-start=\"0\" data-end=\"358\">Dise\u00f1ado para vest\u00edbulos de hoteles, comedores y oficinas con mucho tr\u00e1fico, este contenedor de reciclaje comercial convierte la pregunta \u201c\u00bfd\u00f3nde va esto?\u201d en una decisi\u00f3n r\u00e1pida y segura. Elija una configuraci\u00f3n de 2 o 3 flujos y gu\u00ede a los usuarios con etiquetas claras y atractivas, una forma de reducir la confusi\u00f3n en el contenedor.<\/p>\n<p data-start=\"360\" data-end=\"698\">Los insertos de apertura de estilo restrictivo coinciden f\u00edsicamente con el tipo de residuo (ranura, redondo, botella\/lata, etc.), creando se\u00f1ales visuales que mejoran la clasificaci\u00f3n y ayudan a reducir la contaminaci\u00f3n. La separaci\u00f3n en varios flujos puede contribuir a\u00fan m\u00e1s a una recuperaci\u00f3n de materiales m\u00e1s limpia en los centros comerciales.<\/p>\n<p data-start=\"700\" data-end=\"1298\">Un formato de estaci\u00f3n modular le permite a\u00f1adir o reconfigurar flujos a medida que evoluciona su programa: intercambie aberturas, actualice gr\u00e1ficos o ampl\u00ede la l\u00ednea con m\u00f3dulos a juego sin sustituir toda la unidad. Detr\u00e1s de la puerta de servicio frontal, los revestimientos extra\u00edbles permiten cambiar las bolsas con mayor rapidez y realizar un mantenimiento sencillo con un pa\u00f1o, a la vez que mantienen el contenido discreto para dar un aspecto pulido a la zona de recepci\u00f3n. Los puntos de contacto \u201cinteligentes\u201d opcionales se basan en la experiencia -aperturas configurables e inserciones modulares- y no en sensores, lo que ayuda a estandarizar el comportamiento de desecho en todas las \u00e1reas orientadas a los clientes y a los empleados.<\/p>","protected":false},"excerpt":{"rendered":"<p data-start=\"1300\" data-end=\"1549\">Contenedor de reciclaje comercial de varios flujos para vest\u00edbulos, comedores y oficinas. Configure la clasificaci\u00f3n en 2 \u00f3 3 flujos con etiquetas transparentes, aberturas restringidas y bolsas extra\u00edbles. Los complementos modulares facilitan la ampliaci\u00f3n y el mantenimiento de los programas.<\/p>","protected":false},"featured_media":482,"template":"","meta":{"_gspb_post_css":""},"product_brand":[],"product_cat":[33,32],"product_tag":[],"class_list":{"0":"post-474","1":"product","2":"type-product","3":"status-publish","4":"has-post-thumbnail","6":"product_cat-recycling-bins","7":"product_cat-recycling-sorting-systems","9":"first","10":"instock","11":"shipping-taxable","12":"purchasable","13":"product-type-simple"},"_links":{"self":[{"href":"https:\/\/facilityprojectsolutions.com\/es\/wp-json\/wp\/v2\/product\/474","targetHints":{"allow":["GET"]}}],"collection":[{"href":"https:\/\/facilityprojectsolutions.com\/es\/wp-json\/wp\/v2\/product"}],"about":[{"href":"https:\/\/facilityprojectsolutions.com\/es\/wp-json\/wp\/v2\/types\/product"}],"wp:featuredmedia":[{"embeddable":true,"href":"https:\/\/facilityprojectsolutions.com\/es\/wp-json\/wp\/v2\/media\/482"}],"wp:attachment":[{"href":"https:\/\/facilityprojectsolutions.com\/es\/wp-json\/wp\/v2\/media?parent=474"}],"wp:term":[{"taxonomy":"product_brand","embeddable":true,"href":"https:\/\/facilityprojectsolutions.com\/es\/wp-json\/wp\/v2\/product_brand?post=474"},{"taxonomy":"product_cat","embeddable":true,"href":"https:\/\/facilityprojectsolutions.com\/es\/wp-json\/wp\/v2\/product_cat?post=474"},{"taxonomy":"product_tag","embeddable":true,"href":"https:\/\/facilityprojectsolutions.com\/es\/wp-json\/wp\/v2\/product_tag?post=474"}],"curies":[{"name":"wp","href":"https:\/\/api.w.org\/{rel}","templated":true}]}}