{"id":488,"date":"2026-02-14T09:46:20","date_gmt":"2026-02-14T09:46:20","guid":{"rendered":"https:\/\/facilityprojectsolutions.com\/?post_type=product&#038;p=488"},"modified":"2026-02-14T09:46:20","modified_gmt":"2026-02-14T09:46:20","slug":"intelligent-waste-sorting-station-for-hotels","status":"publish","type":"product","link":"https:\/\/facilityprojectsolutions.com\/es\/intelligent-waste-sorting-station-for-hotels\/","title":{"rendered":"Estaci\u00f3n inteligente de clasificaci\u00f3n de residuos para hoteles"},"content":{"rendered":"<p data-start=\"0\" data-end=\"695\">Dise\u00f1ada para vest\u00edbulos de hoteles, comedores y pasillos de oficinas, esta estaci\u00f3n inteligente de clasificaci\u00f3n de residuos crea una experiencia \u201cinteligente\u201d para el hu\u00e9sped a trav\u00e9s del dise\u00f1o, no del reconocimiento autom\u00e1tico de materiales. Seleccione configuraciones de 2 o 3 flujos y dirija la eliminaci\u00f3n con llamativos paneles de flujos y aberturas configurables (ranura, redonda o mixta) que hacen que la elecci\u00f3n correcta se sienta sin esfuerzo. Se ha demostrado ampliamente que las etiquetas claras con texto sencillo + pictogramas reducen la confusi\u00f3n y mejoran el uso correcto en los puntos de reciclaje compartidos. Tambi\u00e9n se recomiendan las aperturas restrictivas para ayudar a desalentar la contaminaci\u00f3n en entornos de mucho tr\u00e1fico.<\/p>\n<p data-start=\"697\" data-end=\"1089\">La estructura modular de la estaci\u00f3n permite realizar cambios en el programa a lo largo del tiempo: cambie los insertos, a\u00f1ada un flujo o actualice los gr\u00e1ficos para adaptarse a la evoluci\u00f3n de las normas sobre residuos o los est\u00e1ndares de la propiedad. El mantenimiento diario es sencillo: las puertas accesibles y los contenedores interiores extra\u00edbles simplifican el cambio de bolsas y la limpieza, lo que ayuda a los equipos a realizar el mantenimiento de la unidad con rapidez y a mantener las zonas de recepci\u00f3n impecables.<\/p>\n<p data-start=\"1091\" data-end=\"1250\">Utilice un dise\u00f1o de estaci\u00f3n coherente en todas las plantas para fomentar la participaci\u00f3n, estandarizar la formaci\u00f3n del personal y mantener los flujos recogidos m\u00e1s limpios para su manipulaci\u00f3n posterior.<\/p>","protected":false},"excerpt":{"rendered":"<p data-start=\"1252\" data-end=\"1496\">Una estaci\u00f3n de clasificaci\u00f3n de residuos preparada para hoteles con dise\u00f1os de 2 \u00f3 3 flujos, gr\u00e1ficos claros de los flujos y aberturas configurables que gu\u00edan la eliminaci\u00f3n correcta. Las inserciones modulares y las bolsas de f\u00e1cil acceso permiten un servicio r\u00e1pido en zonas p\u00fablicas muy concurridas.<\/p>","protected":false},"featured_media":492,"template":"","meta":{"_gspb_post_css":""},"product_brand":[],"product_cat":[35,32],"product_tag":[],"class_list":{"0":"post-488","1":"product","2":"type-product","3":"status-publish","4":"has-post-thumbnail","6":"product_cat-smart-sorting-systems","7":"product_cat-recycling-sorting-systems","9":"first","10":"instock","11":"shipping-taxable","12":"purchasable","13":"product-type-simple"},"_links":{"self":[{"href":"https:\/\/facilityprojectsolutions.com\/es\/wp-json\/wp\/v2\/product\/488","targetHints":{"allow":["GET"]}}],"collection":[{"href":"https:\/\/facilityprojectsolutions.com\/es\/wp-json\/wp\/v2\/product"}],"about":[{"href":"https:\/\/facilityprojectsolutions.com\/es\/wp-json\/wp\/v2\/types\/product"}],"wp:featuredmedia":[{"embeddable":true,"href":"https:\/\/facilityprojectsolutions.com\/es\/wp-json\/wp\/v2\/media\/492"}],"wp:attachment":[{"href":"https:\/\/facilityprojectsolutions.com\/es\/wp-json\/wp\/v2\/media?parent=488"}],"wp:term":[{"taxonomy":"product_brand","embeddable":true,"href":"https:\/\/facilityprojectsolutions.com\/es\/wp-json\/wp\/v2\/product_brand?post=488"},{"taxonomy":"product_cat","embeddable":true,"href":"https:\/\/facilityprojectsolutions.com\/es\/wp-json\/wp\/v2\/product_cat?post=488"},{"taxonomy":"product_tag","embeddable":true,"href":"https:\/\/facilityprojectsolutions.com\/es\/wp-json\/wp\/v2\/product_tag?post=488"}],"curies":[{"name":"wp","href":"https:\/\/api.w.org\/{rel}","templated":true}]}}