{"id":489,"date":"2026-02-14T09:56:37","date_gmt":"2026-02-14T09:56:37","guid":{"rendered":"https:\/\/facilityprojectsolutions.com\/?post_type=product&#038;p=489"},"modified":"2026-02-14T09:56:37","modified_gmt":"2026-02-14T09:56:37","slug":"smart-classification-bin-with-multi-stream-slots","status":"publish","type":"product","link":"https:\/\/facilityprojectsolutions.com\/es\/smart-classification-bin-with-multi-stream-slots\/","title":{"rendered":"Contenedor de clasificaci\u00f3n inteligente con ranuras para varios flujos"},"content":{"rendered":"<p data-start=\"0\" data-end=\"678\">Dise\u00f1ada para espacios de recepci\u00f3n en los que la est\u00e9tica y el cumplimiento son importantes, la papelera de clasificaci\u00f3n inteligente lleva la clasificaci\u00f3n de varios flujos a vest\u00edbulos de hoteles, comedores y oficinas sin a\u00f1adir desorden visual. Elija una parte superior de 2 o 3 flujos con ranuras claramente separadas; los insertos de apertura configurables le permiten adaptar cada flujo a su programa actual y hacer que la \u201celecci\u00f3n correcta\u201d resulte obvia de un vistazo. Las aberturas restrictivas con formas espec\u00edficas, junto con una se\u00f1alizaci\u00f3n clara, son un m\u00e9todo probado que se utiliza en estaciones comerciales para reducir la confusi\u00f3n y fomentar un mejor comportamiento de clasificaci\u00f3n.<\/p>\n<p data-start=\"680\" data-end=\"1162\">Entre bastidores, el mantenimiento sigue siendo sencillo. La puerta de acceso frontal y los revestimientos interiores extra\u00edbles permiten un cambio r\u00e1pido y ordenado, y el formato modular permite a\u00f1adir, eliminar o reequilibrar los flujos a medida que evolucionan las necesidades, lo que resulta \u00fatil cuando cambian las normas de la propiedad o los requisitos locales. Los iconos y colores uniformes ayudan a los clientes, los comensales y el personal a participar con menos vacilaciones, lo que mejora el compromiso en zonas de mucho tr\u00e1nsito.<\/p>","protected":false},"excerpt":{"rendered":"<p data-start=\"1164\" data-end=\"1442\">Estaci\u00f3n de reciclaje frontal para hoteles y oficinas con ranuras para 2 \u00f3 3 flujos. Los insertos de apertura configurables, las etiquetas transparentes y las bolsas de f\u00e1cil acceso ayudan a mejorar la precisi\u00f3n de la clasificaci\u00f3n a la vez que mantienen el mantenimiento r\u00e1pido y ordenado.<\/p>","protected":false},"featured_media":497,"template":"","meta":{"_gspb_post_css":""},"product_brand":[],"product_cat":[35,32],"product_tag":[],"class_list":{"0":"post-489","1":"product","2":"type-product","3":"status-publish","4":"has-post-thumbnail","6":"product_cat-smart-sorting-systems","7":"product_cat-recycling-sorting-systems","9":"first","10":"instock","11":"shipping-taxable","12":"purchasable","13":"product-type-simple"},"_links":{"self":[{"href":"https:\/\/facilityprojectsolutions.com\/es\/wp-json\/wp\/v2\/product\/489","targetHints":{"allow":["GET"]}}],"collection":[{"href":"https:\/\/facilityprojectsolutions.com\/es\/wp-json\/wp\/v2\/product"}],"about":[{"href":"https:\/\/facilityprojectsolutions.com\/es\/wp-json\/wp\/v2\/types\/product"}],"wp:featuredmedia":[{"embeddable":true,"href":"https:\/\/facilityprojectsolutions.com\/es\/wp-json\/wp\/v2\/media\/497"}],"wp:attachment":[{"href":"https:\/\/facilityprojectsolutions.com\/es\/wp-json\/wp\/v2\/media?parent=489"}],"wp:term":[{"taxonomy":"product_brand","embeddable":true,"href":"https:\/\/facilityprojectsolutions.com\/es\/wp-json\/wp\/v2\/product_brand?post=489"},{"taxonomy":"product_cat","embeddable":true,"href":"https:\/\/facilityprojectsolutions.com\/es\/wp-json\/wp\/v2\/product_cat?post=489"},{"taxonomy":"product_tag","embeddable":true,"href":"https:\/\/facilityprojectsolutions.com\/es\/wp-json\/wp\/v2\/product_tag?post=489"}],"curies":[{"name":"wp","href":"https:\/\/api.w.org\/{rel}","templated":true}]}}