{"id":490,"date":"2026-02-14T10:09:37","date_gmt":"2026-02-14T10:09:37","guid":{"rendered":"https:\/\/facilityprojectsolutions.com\/?post_type=product&#038;p=490"},"modified":"2026-02-14T10:09:37","modified_gmt":"2026-02-14T10:09:37","slug":"smart-sorting-receptacle-with-modular-inserts","status":"publish","type":"product","link":"https:\/\/facilityprojectsolutions.com\/es\/smart-sorting-receptacle-with-modular-inserts\/","title":{"rendered":"Recept\u00e1culo de clasificaci\u00f3n inteligente con insertos modulares"},"content":{"rendered":"<p data-start=\"0\" data-end=\"612\">Dise\u00f1ado para entornos de hosteler\u00eda y lugares de trabajo de gran afluencia, el Contenedor Clasificador Inteligente convierte el desv\u00edo de residuos en una experiencia sencilla y guiada. Elija un <strong data-start=\"174\" data-end=\"186\">2 flujos<\/strong>, <strong data-start=\"188\" data-end=\"200\">3 flujos<\/strong>, o una configuraci\u00f3n superior intercambiando los insertos modulares y las aberturas superiores configurables para adaptarse a su programa: basura, reciclables mixtos, papel, org\u00e1nicos o flujos personalizados. El etiquetado en negrita y a simple vista, junto con las aberturas restringidas y espec\u00edficas para cada flujo, ayudan a orientar a los clientes y al personal hacia la elecci\u00f3n correcta y pueden reducir la contaminaci\u00f3n cruzada en comparaci\u00f3n con los contenedores abiertos en los que \u201ctodo vale\u201d.<\/p>\n<p data-start=\"614\" data-end=\"1064\">Detr\u00e1s de la puerta delantera, los forros interiores extra\u00edbles mantienen las bolsas estables y agilizan el servicio de extracci\u00f3n para los equipos de limpieza e instalaciones. Un exterior f\u00e1cil de limpiar y una puerta de f\u00e1cil acceso simplifican los reajustes diarios entre las aglomeraciones de facturaci\u00f3n y los periodos punta de comidas. El enfoque modular y conectado tambi\u00e9n permite futuras ampliaciones: a\u00f1ada un flujo, actualice la mensajer\u00eda o reconfigure las aperturas a medida que cambien los inquilinos, los men\u00fas y las normas locales.<\/p>","protected":false},"excerpt":{"rendered":"<p>Una estaci\u00f3n de residuos y reciclaje configurable para hoteles y oficinas. Las inserciones modulares permiten la clasificaci\u00f3n en 2 o 3 flujos con etiquetado claro y aberturas guiadas, mientras que el acceso frontal y las bolsas extra\u00edbles mantienen el mantenimiento r\u00e1pido y ordenado.<\/p>","protected":false},"featured_media":499,"template":"","meta":{"_gspb_post_css":""},"product_brand":[],"product_cat":[35,32],"product_tag":[],"class_list":{"0":"post-490","1":"product","2":"type-product","3":"status-publish","4":"has-post-thumbnail","6":"product_cat-smart-sorting-systems","7":"product_cat-recycling-sorting-systems","9":"first","10":"instock","11":"shipping-taxable","12":"purchasable","13":"product-type-simple"},"_links":{"self":[{"href":"https:\/\/facilityprojectsolutions.com\/es\/wp-json\/wp\/v2\/product\/490","targetHints":{"allow":["GET"]}}],"collection":[{"href":"https:\/\/facilityprojectsolutions.com\/es\/wp-json\/wp\/v2\/product"}],"about":[{"href":"https:\/\/facilityprojectsolutions.com\/es\/wp-json\/wp\/v2\/types\/product"}],"wp:featuredmedia":[{"embeddable":true,"href":"https:\/\/facilityprojectsolutions.com\/es\/wp-json\/wp\/v2\/media\/499"}],"wp:attachment":[{"href":"https:\/\/facilityprojectsolutions.com\/es\/wp-json\/wp\/v2\/media?parent=490"}],"wp:term":[{"taxonomy":"product_brand","embeddable":true,"href":"https:\/\/facilityprojectsolutions.com\/es\/wp-json\/wp\/v2\/product_brand?post=490"},{"taxonomy":"product_cat","embeddable":true,"href":"https:\/\/facilityprojectsolutions.com\/es\/wp-json\/wp\/v2\/product_cat?post=490"},{"taxonomy":"product_tag","embeddable":true,"href":"https:\/\/facilityprojectsolutions.com\/es\/wp-json\/wp\/v2\/product_tag?post=490"}],"curies":[{"name":"wp","href":"https:\/\/api.w.org\/{rel}","templated":true}]}}