{"id":50,"date":"2026-02-12T08:51:04","date_gmt":"2026-02-12T08:51:04","guid":{"rendered":"https:\/\/facilityprojectsolutions.com\/?post_type=product&#038;p=50"},"modified":"2026-02-12T08:51:04","modified_gmt":"2026-02-12T08:51:04","slug":"custom-linen-amenity-cart-for-hotels","status":"publish","type":"product","link":"https:\/\/facilityprojectsolutions.com\/es\/custom-linen-amenity-cart-for-hotels\/","title":{"rendered":"Carros de la ropa de cama y art\u00edculos de aseo personalizados para hoteles"},"content":{"rendered":"<p>Dise\u00f1ado para los turnos diarios en las habitaciones, este carro personalizado para ropa de cama y amenities ayuda a los equipos a organizar los suministros por zonas en lugar de por pilas. Las estanter\u00edas ajustables permiten reconfigurar el espacio para toallas dobladas, almohadas de repuesto o cajas de amenities, mientras que los compartimentos espec\u00edficos mantienen a la vista y al alcance de la mano los art\u00edculos de uso frecuente. Una pr\u00e1ctica cubierta superior facilita la clasificaci\u00f3n r\u00e1pida y mantiene organizados los pedidos de la habitaci\u00f3n entre paradas. Las ruedas giratorias ofrecen una conducci\u00f3n segura en pasillos de servicio estrechos y las ruedas que no dejan marcas ayudan a proteger los suelos acabados durante las rondas continuas. Los parachoques que absorben los impactos y no dejan marcas protegen las paredes, los marcos de las puertas y el interior de los ascensores de los ara\u00f1azos. Las superficies de f\u00e1cil limpieza y la construcci\u00f3n duradera soportan repetidos lavados y el manejo diario sin parecer desgastadas. Dise\u00f1ado para moverse con suavidad por pasillos y ascensores, el carro admite configuraciones uniformes en habitaciones de hu\u00e9spedes, suites y plantas de estancias prolongadas en las que los almacenes var\u00edan. Dado que la configuraci\u00f3n est\u00e1 especificada para su flujo de trabajo, los encargados dedican menos tiempo a buscar art\u00edculos y m\u00e1s a completar las habitaciones seg\u00fan los est\u00e1ndares. El resultado es una reposici\u00f3n m\u00e1s r\u00e1pida, menos interrupciones y una presentaci\u00f3n de la parte trasera de la casa que refleja los est\u00e1ndares de su propiedad.<\/p>","protected":false},"excerpt":{"rendered":"<p>Carro de ropa de cama y art\u00edculos de aseo personalizado para hoteles, apartamentos y complejos tur\u00edsticos. Almacenamiento compartimentado con estantes ajustables, direcci\u00f3n giratoria suave, ruedas que no dejan marcas y parachoques de protecci\u00f3n, f\u00e1cil de limpiar para las rondas diarias de limpieza.<\/p>","protected":false},"featured_media":60,"template":"","meta":{"_gspb_post_css":""},"product_brand":[],"product_cat":[20,15],"product_tag":[],"class_list":{"0":"post-50","1":"product","2":"type-product","3":"status-publish","4":"has-post-thumbnail","6":"product_cat-custom-hotel-carts","7":"product_cat-hotel-service-carts","9":"first","10":"instock","11":"shipping-taxable","12":"purchasable","13":"product-type-simple"},"_links":{"self":[{"href":"https:\/\/facilityprojectsolutions.com\/es\/wp-json\/wp\/v2\/product\/50","targetHints":{"allow":["GET"]}}],"collection":[{"href":"https:\/\/facilityprojectsolutions.com\/es\/wp-json\/wp\/v2\/product"}],"about":[{"href":"https:\/\/facilityprojectsolutions.com\/es\/wp-json\/wp\/v2\/types\/product"}],"wp:featuredmedia":[{"embeddable":true,"href":"https:\/\/facilityprojectsolutions.com\/es\/wp-json\/wp\/v2\/media\/60"}],"wp:attachment":[{"href":"https:\/\/facilityprojectsolutions.com\/es\/wp-json\/wp\/v2\/media?parent=50"}],"wp:term":[{"taxonomy":"product_brand","embeddable":true,"href":"https:\/\/facilityprojectsolutions.com\/es\/wp-json\/wp\/v2\/product_brand?post=50"},{"taxonomy":"product_cat","embeddable":true,"href":"https:\/\/facilityprojectsolutions.com\/es\/wp-json\/wp\/v2\/product_cat?post=50"},{"taxonomy":"product_tag","embeddable":true,"href":"https:\/\/facilityprojectsolutions.com\/es\/wp-json\/wp\/v2\/product_tag?post=50"}],"curies":[{"name":"wp","href":"https:\/\/api.w.org\/{rel}","templated":true}]}}