{"id":503,"date":"2026-02-14T10:29:23","date_gmt":"2026-02-14T10:29:23","guid":{"rendered":"https:\/\/facilityprojectsolutions.com\/?post_type=product&#038;p=503"},"modified":"2026-02-14T10:29:23","modified_gmt":"2026-02-14T10:29:23","slug":"smart-waste-sorting-station-for-public-areas","status":"publish","type":"product","link":"https:\/\/facilityprojectsolutions.com\/es\/smart-waste-sorting-station-for-public-areas\/","title":{"rendered":"Estaci\u00f3n inteligente de clasificaci\u00f3n de residuos para espacios p\u00fablicos"},"content":{"rendered":"<p data-start=\"0\" data-end=\"312\">Dise\u00f1ada para espacios de recepci\u00f3n, esta estaci\u00f3n inteligente de clasificaci\u00f3n de residuos ayuda a hoteles y oficinas a mantener los programas de reciclaje ordenados, intuitivos y coherentes. Elija un dise\u00f1o de 2 o 3 flujos (o ampl\u00edelo m\u00e1s adelante) para adaptarse a sus flujos de residuos locales: vertederos, botellas y latas, papel, productos org\u00e1nicos, etc.<\/p>\n<p data-start=\"314\" data-end=\"644\">Las etiquetas claras y de alto contraste y las indicaciones de color gu\u00edan a los clientes y al personal de un vistazo, mientras que las aberturas restrictivas y espec\u00edficas reducen el \u201cciclo del deseo\u201d al facilitar la elecci\u00f3n correcta. La experiencia \u201cinteligente\u201d proviene de las aberturas configurables y las inserciones modulares que le permiten actualizar los flujos sin sustituir toda la estaci\u00f3n.<\/p>\n<p data-start=\"646\" data-end=\"1107\">Entre bastidores, el servicio es r\u00e1pido: retire los revestimientos sin problemas, acceda al contenido a trav\u00e9s de un dise\u00f1o de puerta limpio y mantenga el armario con un aspecto impecable incluso durante las horas de mayor tr\u00e1fico. Los bordes lisos y las superficies f\u00e1ciles de limpiar facilitan la limpieza diaria. Un cuerpo modular facilita la adici\u00f3n de secciones a medida que crece su programa de sostenibilidad, o la estandarizaci\u00f3n de la clasificaci\u00f3n en vest\u00edbulos, comedores y plantas de oficinas, mejorando la participaci\u00f3n y reduciendo el trabajo de reordenaci\u00f3n.<\/p>","protected":false},"excerpt":{"rendered":"<p>Una estaci\u00f3n frontal de residuos y reciclaje para hoteles y oficinas, con clasificaci\u00f3n de 2 \u00f3 3 flujos, se\u00f1alizaci\u00f3n clara, aberturas restrictivas, insertos modulares y acceso a bolsas de f\u00e1cil mantenimiento para mejorar la correcta eliminaci\u00f3n.<\/p>","protected":false},"featured_media":507,"template":"","meta":{"_gspb_post_css":""},"product_brand":[],"product_cat":[35,32],"product_tag":[],"class_list":{"0":"post-503","1":"product","2":"type-product","3":"status-publish","4":"has-post-thumbnail","6":"product_cat-smart-sorting-systems","7":"product_cat-recycling-sorting-systems","9":"first","10":"instock","11":"shipping-taxable","12":"purchasable","13":"product-type-simple"},"_links":{"self":[{"href":"https:\/\/facilityprojectsolutions.com\/es\/wp-json\/wp\/v2\/product\/503","targetHints":{"allow":["GET"]}}],"collection":[{"href":"https:\/\/facilityprojectsolutions.com\/es\/wp-json\/wp\/v2\/product"}],"about":[{"href":"https:\/\/facilityprojectsolutions.com\/es\/wp-json\/wp\/v2\/types\/product"}],"wp:featuredmedia":[{"embeddable":true,"href":"https:\/\/facilityprojectsolutions.com\/es\/wp-json\/wp\/v2\/media\/507"}],"wp:attachment":[{"href":"https:\/\/facilityprojectsolutions.com\/es\/wp-json\/wp\/v2\/media?parent=503"}],"wp:term":[{"taxonomy":"product_brand","embeddable":true,"href":"https:\/\/facilityprojectsolutions.com\/es\/wp-json\/wp\/v2\/product_brand?post=503"},{"taxonomy":"product_cat","embeddable":true,"href":"https:\/\/facilityprojectsolutions.com\/es\/wp-json\/wp\/v2\/product_cat?post=503"},{"taxonomy":"product_tag","embeddable":true,"href":"https:\/\/facilityprojectsolutions.com\/es\/wp-json\/wp\/v2\/product_tag?post=503"}],"curies":[{"name":"wp","href":"https:\/\/api.w.org\/{rel}","templated":true}]}}