{"id":504,"date":"2026-02-14T11:54:24","date_gmt":"2026-02-14T11:54:24","guid":{"rendered":"https:\/\/facilityprojectsolutions.com\/?post_type=product&#038;p=504"},"modified":"2026-02-14T11:54:24","modified_gmt":"2026-02-14T11:54:24","slug":"multi-compartment-sorting-station-for-lobbies","status":"publish","type":"product","link":"https:\/\/facilityprojectsolutions.com\/es\/multi-compartment-sorting-station-for-lobbies\/","title":{"rendered":"Estaci\u00f3n de clasificaci\u00f3n multicompartimentos para vest\u00edbulos"},"content":{"rendered":"<p data-start=\"0\" data-end=\"449\">Dise\u00f1ada para vest\u00edbulos de hoteles con mucho tr\u00e1fico, comedores y zonas comunes de oficinas, esta estaci\u00f3n de clasificaci\u00f3n con varios compartimentos hace que la separaci\u00f3n de residuos sea intuitiva sin saturar el espacio. Elija un dise\u00f1o de 2 o 3 flujos (y ampl\u00edelo m\u00e1s adelante) que se adapte a sus objetivos de desv\u00edo y gu\u00ede a los clientes y al personal con grandes \u00e1reas de etiquetado, se\u00f1alizaci\u00f3n con iconos y aberturas restrictivas espec\u00edficas para cada flujo que ayudan a reducir la contaminaci\u00f3n y el \u201creciclaje deseado\u201d.\u201d<\/p>\n<p data-start=\"451\" data-end=\"797\">Su arquitectura modular permite a\u00f1adir, eliminar o reconfigurar compartimentos a medida que evolucionan los programas -reciclaje mixto hoy, compost ma\u00f1ana-, mientras que los insertos y estilos de apertura configurables crean una experiencia \u201cinteligente\u201d que fomenta suavemente el comportamiento adecuado. Los paneles de se\u00f1alizaci\u00f3n opcionales permiten personalizar la marca del establecimiento y enviar mensajes multiling\u00fces a los clientes internacionales.<\/p>\n<p data-start=\"799\" data-end=\"1174\">Entre bastidores, el servicio es r\u00e1pido: los revestimientos interiores extra\u00edbles y\/o las puertas de acceso frontal mantienen los cambios limpios y eficientes, para que su equipo dedique menos tiempo al mantenimiento y m\u00e1s a la experiencia del cliente. Col\u00f3quelo junto a los ascensores, los retornos del buf\u00e9 o los pasillos de las salas de descanso para convertir la eliminaci\u00f3n en un momento de sostenibilidad claro y constante.<\/p>","protected":false},"excerpt":{"rendered":"<p>Una estaci\u00f3n de clasificaci\u00f3n frontal de flujos m\u00faltiples para hoteles y oficinas, con etiquetas claras, aberturas restrictivas y compartimentos modulares. Las inserciones configurables y los revestimientos\/puertas de f\u00e1cil mantenimiento ayudan a mantener una separaci\u00f3n precisa y un mantenimiento sencillo.<\/p>","protected":false},"featured_media":512,"template":"","meta":{"_gspb_post_css":""},"product_brand":[],"product_cat":[34,32],"product_tag":[],"class_list":{"0":"post-504","1":"product","2":"type-product","3":"status-publish","4":"has-post-thumbnail","6":"product_cat-classification-stations","7":"product_cat-recycling-sorting-systems","9":"first","10":"instock","11":"shipping-taxable","12":"purchasable","13":"product-type-simple"},"_links":{"self":[{"href":"https:\/\/facilityprojectsolutions.com\/es\/wp-json\/wp\/v2\/product\/504","targetHints":{"allow":["GET"]}}],"collection":[{"href":"https:\/\/facilityprojectsolutions.com\/es\/wp-json\/wp\/v2\/product"}],"about":[{"href":"https:\/\/facilityprojectsolutions.com\/es\/wp-json\/wp\/v2\/types\/product"}],"wp:featuredmedia":[{"embeddable":true,"href":"https:\/\/facilityprojectsolutions.com\/es\/wp-json\/wp\/v2\/media\/512"}],"wp:attachment":[{"href":"https:\/\/facilityprojectsolutions.com\/es\/wp-json\/wp\/v2\/media?parent=504"}],"wp:term":[{"taxonomy":"product_brand","embeddable":true,"href":"https:\/\/facilityprojectsolutions.com\/es\/wp-json\/wp\/v2\/product_brand?post=504"},{"taxonomy":"product_cat","embeddable":true,"href":"https:\/\/facilityprojectsolutions.com\/es\/wp-json\/wp\/v2\/product_cat?post=504"},{"taxonomy":"product_tag","embeddable":true,"href":"https:\/\/facilityprojectsolutions.com\/es\/wp-json\/wp\/v2\/product_tag?post=504"}],"curies":[{"name":"wp","href":"https:\/\/api.w.org\/{rel}","templated":true}]}}