{"id":505,"date":"2026-02-14T12:00:35","date_gmt":"2026-02-14T12:00:35","guid":{"rendered":"https:\/\/facilityprojectsolutions.com\/?post_type=product&#038;p=505"},"modified":"2026-02-14T12:00:35","modified_gmt":"2026-02-14T12:00:35","slug":"commercial-sorting-station-with-clear-labels","status":"publish","type":"product","link":"https:\/\/facilityprojectsolutions.com\/es\/commercial-sorting-station-with-clear-labels\/","title":{"rendered":"Estaci\u00f3n de clasificaci\u00f3n comercial con etiquetas transparentes"},"content":{"rendered":"<p data-start=\"0\" data-end=\"692\">Dise\u00f1ado para espacios de recepci\u00f3n en los que la est\u00e9tica y el cumplimiento son importantes, este <strong data-start=\"98\" data-end=\"146\">Estaci\u00f3n de clasificaci\u00f3n comercial con etiquetas transparentes<\/strong> lleva la separaci\u00f3n de residuos de varios flujos a los vest\u00edbulos, comedores y oficinas de los hoteles. Elija <strong data-start=\"236\" data-end=\"248\">2 flujos<\/strong> o <strong data-start=\"252\" data-end=\"264\">3 flujos<\/strong> para adaptarse a su programa, con etiquetas claras y de alto contraste que gu\u00edan a los clientes y al personal de un vistazo. Cada flujo puede combinarse con una apertura restrictiva espec\u00edfica para cada flujo (ranuras, c\u00edrculos o solapas) para que los art\u00edculos \u201cencuentren\u201d de forma natural el lugar adecuado y se reduzca la contaminaci\u00f3n cruzada. El etiquetado claro en el punto de eliminaci\u00f3n se utiliza ampliamente para reducir la confusi\u00f3n y la contaminaci\u00f3n y fomentar la participaci\u00f3n.<\/p>\n<p data-start=\"694\" data-end=\"1292\">Para entornos de hosteler\u00eda y lugares de trabajo, es f\u00e1cil de colocar cerca de ascensores, salidas de buf\u00e9s, puntos de caf\u00e9 y salas de reuniones, en cualquier lugar en el que desee un momento de eliminaci\u00f3n ordenado e intuitivo. Detr\u00e1s de las puertas, las bolsas interiores extra\u00edbles y un dise\u00f1o de servicio de f\u00e1cil acceso hacen que los cambios sean r\u00e1pidos y sin complicaciones. \u00bfNecesita ampliar? A\u00f1ada m\u00f3dulos para pasar de una estaci\u00f3n compacta a un centro m\u00e1s grande sin necesidad de redise\u00f1ar el espacio. Las inserciones modulares de dise\u00f1o inteligente y las aberturas configurables le permiten perfeccionar la experiencia del usuario a medida que evolucionan los flujos de residuos, sin renunciar al reconocimiento autom\u00e1tico de materiales.<\/p>","protected":false},"excerpt":{"rendered":"<p>Una estaci\u00f3n de clasificaci\u00f3n modular de 2 \u00f3 3 flujos para vest\u00edbulos de hoteles, comedores y oficinas: las etiquetas claras y las aberturas restrictivas gu\u00edan la eliminaci\u00f3n correcta, mientras que las bolsas y puertas de f\u00e1cil mantenimiento hacen que los cambios sean r\u00e1pidos y limpios.<\/p>","protected":false},"featured_media":517,"template":"","meta":{"_gspb_post_css":""},"product_brand":[],"product_cat":[34,32],"product_tag":[],"class_list":{"0":"post-505","1":"product","2":"type-product","3":"status-publish","4":"has-post-thumbnail","6":"product_cat-classification-stations","7":"product_cat-recycling-sorting-systems","9":"first","10":"instock","11":"shipping-taxable","12":"purchasable","13":"product-type-simple"},"_links":{"self":[{"href":"https:\/\/facilityprojectsolutions.com\/es\/wp-json\/wp\/v2\/product\/505","targetHints":{"allow":["GET"]}}],"collection":[{"href":"https:\/\/facilityprojectsolutions.com\/es\/wp-json\/wp\/v2\/product"}],"about":[{"href":"https:\/\/facilityprojectsolutions.com\/es\/wp-json\/wp\/v2\/types\/product"}],"wp:featuredmedia":[{"embeddable":true,"href":"https:\/\/facilityprojectsolutions.com\/es\/wp-json\/wp\/v2\/media\/517"}],"wp:attachment":[{"href":"https:\/\/facilityprojectsolutions.com\/es\/wp-json\/wp\/v2\/media?parent=505"}],"wp:term":[{"taxonomy":"product_brand","embeddable":true,"href":"https:\/\/facilityprojectsolutions.com\/es\/wp-json\/wp\/v2\/product_brand?post=505"},{"taxonomy":"product_cat","embeddable":true,"href":"https:\/\/facilityprojectsolutions.com\/es\/wp-json\/wp\/v2\/product_cat?post=505"},{"taxonomy":"product_tag","embeddable":true,"href":"https:\/\/facilityprojectsolutions.com\/es\/wp-json\/wp\/v2\/product_tag?post=505"}],"curies":[{"name":"wp","href":"https:\/\/api.w.org\/{rel}","templated":true}]}}