{"id":61,"date":"2026-02-12T09:19:27","date_gmt":"2026-02-12T09:19:27","guid":{"rendered":"https:\/\/facilityprojectsolutions.com\/?post_type=product&#038;p=61"},"modified":"2026-02-12T09:19:27","modified_gmt":"2026-02-12T09:19:27","slug":"custom-hospitality-utility-cart-on-casters","status":"publish","type":"product","link":"https:\/\/facilityprojectsolutions.com\/es\/custom-hospitality-utility-cart-on-casters\/","title":{"rendered":"Carro con ruedas para hosteler\u00eda"},"content":{"rendered":"<p data-start=\"0\" data-end=\"784\">Dise\u00f1ado para los flujos de trabajo de limpieza en hoteles, apartamentos con servicios y complejos tur\u00edsticos, este carro de servicio personalizado para hosteler\u00eda ayuda a los equipos a mantener los art\u00edculos esenciales organizados mientras se mueven sin problemas entre los almacenes y las plantas de hu\u00e9spedes. La movilidad de las ruedas giratorias permite una conducci\u00f3n segura y giros cerrados en pasillos y ascensores concurridos, reduciendo las paradas en espacios reducidos. El almacenamiento segmentado crea zonas repetibles para la ropa de cama, los servicios y las herramientas, de modo que los carros pueden reubicarse r\u00e1pidamente entre habitaciones. Los compartimentos abiertos y claramente divididos mantienen el inventario visible de un vistazo y reducen las confusiones durante la reposici\u00f3n. Las estanter\u00edas ajustables permiten adaptar la disposici\u00f3n a los est\u00e1ndares y niveles de paridad del establecimiento, manteniendo los art\u00edculos de mayor uso al alcance de la mano y separando los suministros limpios de los usados.<\/p>\n<p data-start=\"786\" data-end=\"1241\">Las superficies duraderas y f\u00e1ciles de limpiar se pueden limpiar con frecuencia, lo que ayuda a mantener un aspecto uniforme y profesional. Especifique ruedas que no marquen el suelo y topes perimetrales para ayudar a proteger los suelos acabados, las paredes y los marcos de las puertas durante el transporte. En general, el carro permite realizar rutas m\u00e1s r\u00e1pidas por las salas, una organizaci\u00f3n m\u00e1s clara y una presentaci\u00f3n m\u00e1s ordenada en el suelo sin a\u00f1adir complejidad a las operaciones diarias.<\/p>\n<p data-start=\"1243\" data-end=\"1477\">","protected":false},"excerpt":{"rendered":"<p data-start=\"1243\" data-end=\"1477\">Un carro de limpieza configurable con ruedas para hoteles y complejos tur\u00edsticos, con almacenamiento segmentado y estantes ajustables para mantener los suministros organizados, f\u00e1ciles de maniobrar y presentables en pasillos y ascensores.<\/p>","protected":false},"featured_media":68,"template":"","meta":{"_gspb_post_css":""},"product_brand":[],"product_cat":[20,15],"product_tag":[],"class_list":{"0":"post-61","1":"product","2":"type-product","3":"status-publish","4":"has-post-thumbnail","6":"product_cat-custom-hotel-carts","7":"product_cat-hotel-service-carts","9":"first","10":"instock","11":"shipping-taxable","12":"purchasable","13":"product-type-simple"},"_links":{"self":[{"href":"https:\/\/facilityprojectsolutions.com\/es\/wp-json\/wp\/v2\/product\/61","targetHints":{"allow":["GET"]}}],"collection":[{"href":"https:\/\/facilityprojectsolutions.com\/es\/wp-json\/wp\/v2\/product"}],"about":[{"href":"https:\/\/facilityprojectsolutions.com\/es\/wp-json\/wp\/v2\/types\/product"}],"wp:featuredmedia":[{"embeddable":true,"href":"https:\/\/facilityprojectsolutions.com\/es\/wp-json\/wp\/v2\/media\/68"}],"wp:attachment":[{"href":"https:\/\/facilityprojectsolutions.com\/es\/wp-json\/wp\/v2\/media?parent=61"}],"wp:term":[{"taxonomy":"product_brand","embeddable":true,"href":"https:\/\/facilityprojectsolutions.com\/es\/wp-json\/wp\/v2\/product_brand?post=61"},{"taxonomy":"product_cat","embeddable":true,"href":"https:\/\/facilityprojectsolutions.com\/es\/wp-json\/wp\/v2\/product_cat?post=61"},{"taxonomy":"product_tag","embeddable":true,"href":"https:\/\/facilityprojectsolutions.com\/es\/wp-json\/wp\/v2\/product_tag?post=61"}],"curies":[{"name":"wp","href":"https:\/\/api.w.org\/{rel}","templated":true}]}}