{"id":62,"date":"2026-02-12T09:37:26","date_gmt":"2026-02-12T09:37:26","guid":{"rendered":"https:\/\/facilityprojectsolutions.com\/?post_type=product&#038;p=62"},"modified":"2026-02-12T09:37:26","modified_gmt":"2026-02-12T09:37:26","slug":"branded-hotel-trolley-with-storage-compartments","status":"publish","type":"product","link":"https:\/\/facilityprojectsolutions.com\/es\/branded-hotel-trolley-with-storage-compartments\/","title":{"rendered":"Trolley de hotel de marca con compartimentos de almacenamiento"},"content":{"rendered":"<p data-start=\"0\" data-end=\"1258\">Establezca un est\u00e1ndar de servicio homog\u00e9neo en cada planta con un carro de limpieza de marca dise\u00f1ado para hoteles, apartamentos y complejos tur\u00edsticos. Los compartimentos de almacenamiento espec\u00edficos ayudan a separar los art\u00edculos de tocador, los productos de limpieza y la ropa de cama de repuesto para que sea m\u00e1s f\u00e1cil encontrarlos y reponerlos m\u00e1s r\u00e1pidamente. Las estanter\u00edas ajustables permiten una distribuci\u00f3n flexible a medida que cambian los est\u00e1ndares de las habitaciones, y la organizaci\u00f3n por compartimentos mantiene los art\u00edculos de gran rotaci\u00f3n al alcance de la mano. <br data-start=\"493\" data-end=\"496\" \/>Dise\u00f1ado para los desplazamientos diarios, el carro ofrece una direcci\u00f3n suave y giros controlados para recorrer pasillos estrechos y umbrales de ascensor con menos esfuerzo. Las ruedas que no dejan marcas y el protector de parachoques integrado ayudan a reducir las rozaduras en paredes, marcos de puertas y mobiliario durante los turnos de trabajo. El almacenamiento discreto mantiene los suministros organizados y presentables cuando se desplaza por zonas orientadas a los clientes, lo que contribuye a una experiencia de pasillo m\u00e1s tranquila y profesional.<br data-start=\"978\" data-end=\"981\" data-is-only-node=\"\" \/>Las superficies duraderas y f\u00e1ciles de limpiar simplifican la limpieza al final del turno y resisten la manipulaci\u00f3n frecuente. Con los suministros organizados por tareas y zonas, los equipos pueden reducir los viajes innecesarios a los almacenes, agilizar los turnos en las salas y mantener un aspecto uniforme y de marca en toda la propiedad.<\/p>\n<p data-start=\"1260\" data-end=\"1528\">","protected":false},"excerpt":{"rendered":"<p data-start=\"1260\" data-end=\"1528\">Un carro de limpieza de marca que mantiene los suministros de las habitaciones organizados en compartimentos espec\u00edficos. Las estanter\u00edas ajustables, la direcci\u00f3n suave y las ruedas que no dejan marcas ayudan a los equipos a moverse silenciosamente por pasillos y ascensores, manteniendo al mismo tiempo un aspecto pulido.<\/p>\n<p data-start=\"1530\" data-end=\"1602\">","protected":false},"featured_media":75,"template":"","meta":{"_gspb_post_css":""},"product_brand":[],"product_cat":[20,15],"product_tag":[],"class_list":{"0":"post-62","1":"product","2":"type-product","3":"status-publish","4":"has-post-thumbnail","6":"product_cat-custom-hotel-carts","7":"product_cat-hotel-service-carts","9":"first","10":"instock","11":"shipping-taxable","12":"purchasable","13":"product-type-simple"},"_links":{"self":[{"href":"https:\/\/facilityprojectsolutions.com\/es\/wp-json\/wp\/v2\/product\/62","targetHints":{"allow":["GET"]}}],"collection":[{"href":"https:\/\/facilityprojectsolutions.com\/es\/wp-json\/wp\/v2\/product"}],"about":[{"href":"https:\/\/facilityprojectsolutions.com\/es\/wp-json\/wp\/v2\/types\/product"}],"wp:featuredmedia":[{"embeddable":true,"href":"https:\/\/facilityprojectsolutions.com\/es\/wp-json\/wp\/v2\/media\/75"}],"wp:attachment":[{"href":"https:\/\/facilityprojectsolutions.com\/es\/wp-json\/wp\/v2\/media?parent=62"}],"wp:term":[{"taxonomy":"product_brand","embeddable":true,"href":"https:\/\/facilityprojectsolutions.com\/es\/wp-json\/wp\/v2\/product_brand?post=62"},{"taxonomy":"product_cat","embeddable":true,"href":"https:\/\/facilityprojectsolutions.com\/es\/wp-json\/wp\/v2\/product_cat?post=62"},{"taxonomy":"product_tag","embeddable":true,"href":"https:\/\/facilityprojectsolutions.com\/es\/wp-json\/wp\/v2\/product_tag?post=62"}],"curies":[{"name":"wp","href":"https:\/\/api.w.org\/{rel}","templated":true}]}}