{"id":67,"date":"2026-02-12T11:02:59","date_gmt":"2026-02-12T11:02:59","guid":{"rendered":"https:\/\/facilityprojectsolutions.com\/?post_type=product&#038;p=67"},"modified":"2026-02-12T11:02:59","modified_gmt":"2026-02-12T11:02:59","slug":"compact-maid-cart-with-linen-storage","status":"publish","type":"product","link":"https:\/\/facilityprojectsolutions.com\/es\/compact-maid-cart-with-linen-storage\/","title":{"rendered":"Carro de servicio compacto con almacenamiento de ropa blanca"},"content":{"rendered":"<p>Dise\u00f1ado para la eficiencia en el piso de los hu\u00e9spedes, este carro de limpieza compacto mantiene la ropa de cama, los art\u00edculos de tocador y los utensilios de limpieza organizados sin saturar los pasillos estrechos. Las ruedas de rodamiento suave y que no dejan marcas permiten controlar la direcci\u00f3n y girar r\u00e1pidamente en las esquinas, mientras que los topes integrados ayudan a proteger las paredes y los marcos de las puertas. <br data-start=\"387\" data-end=\"390\" \/>Una distribuci\u00f3n por zonas permite separar claramente la ropa limpia, los suministros para hu\u00e9spedes y los art\u00edculos de limpieza b\u00e1sicos, lo que ayuda a los equipos a seguir rutinas uniformes de una habitaci\u00f3n a otra. Los art\u00edculos de uso frecuente se guardan en superficies de libre acceso, mientras que la ropa de cama a granel se almacena de forma segura en una secci\u00f3n espec\u00edfica para reducir las interrupciones en el reabastecimiento. <br data-start=\"742\" data-end=\"745\" \/>En el interior, un estante ajustable permite adaptar el espacio a los diferentes est\u00e1ndares de la propiedad -toallas extra en un turno, m\u00e1s amenities en el siguiente- para que el personal haga menos viajes de vuelta al armario. <br data-start=\"962\" data-end=\"965\" \/>Las superficies duraderas y f\u00e1ciles de limpiar resisten las limpiezas diarias y las transiciones en ascensor, lo que garantiza un servicio fiable en hoteles, apartamentos y complejos tur\u00edsticos. <br data-start=\"1165\" data-end=\"1168\" \/>Su silueta aerodin\u00e1mica se desplaza f\u00e1cilmente por los pasillos y ascensores, ayudando a mantener un aspecto profesional en la planta a la vez que se tiene a mano todo lo necesario para agilizar los cambios de habitaci\u00f3n.<\/p>","protected":false},"excerpt":{"rendered":"<p data-start=\"1367\" data-end=\"1648\">Carro de servicio compacto con compartimentos para ropa blanca, compartimentos por zonas y estante ajustable. Las ruedas que no dejan marcas y los topes protectores mejoran la maniobrabilidad por pasillos y ascensores, a la vez que mantienen los suministros organizados para un cambio de habitaci\u00f3n eficiente.<\/p>","protected":false},"featured_media":88,"template":"","meta":{"_gspb_post_css":""},"product_brand":[],"product_cat":[18,15],"product_tag":[],"class_list":{"0":"post-67","1":"product","2":"type-product","3":"status-publish","4":"has-post-thumbnail","6":"product_cat-housekeeping-carts","7":"product_cat-hotel-service-carts","9":"first","10":"instock","11":"shipping-taxable","12":"purchasable","13":"product-type-simple"},"_links":{"self":[{"href":"https:\/\/facilityprojectsolutions.com\/es\/wp-json\/wp\/v2\/product\/67","targetHints":{"allow":["GET"]}}],"collection":[{"href":"https:\/\/facilityprojectsolutions.com\/es\/wp-json\/wp\/v2\/product"}],"about":[{"href":"https:\/\/facilityprojectsolutions.com\/es\/wp-json\/wp\/v2\/types\/product"}],"wp:featuredmedia":[{"embeddable":true,"href":"https:\/\/facilityprojectsolutions.com\/es\/wp-json\/wp\/v2\/media\/88"}],"wp:attachment":[{"href":"https:\/\/facilityprojectsolutions.com\/es\/wp-json\/wp\/v2\/media?parent=67"}],"wp:term":[{"taxonomy":"product_brand","embeddable":true,"href":"https:\/\/facilityprojectsolutions.com\/es\/wp-json\/wp\/v2\/product_brand?post=67"},{"taxonomy":"product_cat","embeddable":true,"href":"https:\/\/facilityprojectsolutions.com\/es\/wp-json\/wp\/v2\/product_cat?post=67"},{"taxonomy":"product_tag","embeddable":true,"href":"https:\/\/facilityprojectsolutions.com\/es\/wp-json\/wp\/v2\/product_tag?post=67"}],"curies":[{"name":"wp","href":"https:\/\/api.w.org\/{rel}","templated":true}]}}