{"id":681,"date":"2026-02-23T07:02:46","date_gmt":"2026-02-23T07:02:46","guid":{"rendered":"https:\/\/facilityprojectsolutions.com\/?post_type=product&#038;p=681"},"modified":"2026-02-23T07:02:46","modified_gmt":"2026-02-23T07:02:46","slug":"heavy-duty-bellman-luggage-cart-carpeted-deck","status":"publish","type":"product","link":"https:\/\/facilityprojectsolutions.com\/es\/heavy-duty-bellman-luggage-cart-carpeted-deck\/","title":{"rendered":"Carro portaequipajes Bellman Heavy Duty, cubierta alfombrada"},"content":{"rendered":"<p data-start=\"0\" data-end=\"1273\">Dise\u00f1ado para el manejo de equipaje en la entrada de la empresa, este carro de equipaje para botones de alta resistencia combina una plataforma alfombrada con una movilidad segura. La plataforma alfombrada ayuda a proteger el equipaje y mantiene las cargas m\u00e1s estables mientras el personal se desplaza de la entrada al vest\u00edbulo, por los pasillos y hacia los ascensores. Una configuraci\u00f3n de ruedas de rodamiento suave permite una direcci\u00f3n controlada alrededor del mobiliario y en giros cerrados, lo que ayuda a reducir las paradas y los cambios de posici\u00f3n. En propiedades con mucho tr\u00e1fico, el rodamiento m\u00e1s silencioso y el seguimiento predecible ayudan al personal a estar atento a los hu\u00e9spedes y a mantener los caminos despejados. Las opciones de ruedas que no dejan marcas y parachoques perimetrales -comunes en los carros de equipaje de hosteler\u00eda- pueden ayudar a limitar las rozaduras en suelos acabados, paredes y marcos de puertas. Las superficies met\u00e1licas duraderas se limpian r\u00e1pidamente, y el dise\u00f1o de cubierta abierta facilita las comprobaciones visuales durante las llegadas de grupos o los traslados de atr\u00e1s hacia delante. Para hoteles, apartamentos y complejos tur\u00edsticos, el resultado es un flujo m\u00e1s r\u00e1pido en la facturaci\u00f3n y un aspecto coherente y profesional en el punto de llegada. Elija las configuraciones de ruedas y protecci\u00f3n que mejor se adapten a sus pasillos, espacios libres del ascensor y normas de funcionamiento.<\/p>","protected":false},"excerpt":{"rendered":"<p data-start=\"1275\" data-end=\"1509\">Carrito de equipaje para botones de gran resistencia con una plataforma alfombrada para sujetar las maletas y proteger las superficies. La direcci\u00f3n suave ayuda al personal a desplazarse por los pasillos y ascensores de forma eficiente, a la vez que mantiene una presentaci\u00f3n limpia de cara a los hu\u00e9spedes.<\/p>","protected":false},"featured_media":687,"template":"","meta":{"_gspb_post_css":""},"product_brand":[],"product_cat":[72,15],"product_tag":[],"class_list":{"0":"post-681","1":"product","2":"type-product","3":"status-publish","4":"has-post-thumbnail","6":"product_cat-hotel-luggage-trolley","7":"product_cat-hotel-service-carts","9":"first","10":"instock","11":"shipping-taxable","12":"purchasable","13":"product-type-simple"},"_links":{"self":[{"href":"https:\/\/facilityprojectsolutions.com\/es\/wp-json\/wp\/v2\/product\/681","targetHints":{"allow":["GET"]}}],"collection":[{"href":"https:\/\/facilityprojectsolutions.com\/es\/wp-json\/wp\/v2\/product"}],"about":[{"href":"https:\/\/facilityprojectsolutions.com\/es\/wp-json\/wp\/v2\/types\/product"}],"wp:featuredmedia":[{"embeddable":true,"href":"https:\/\/facilityprojectsolutions.com\/es\/wp-json\/wp\/v2\/media\/687"}],"wp:attachment":[{"href":"https:\/\/facilityprojectsolutions.com\/es\/wp-json\/wp\/v2\/media?parent=681"}],"wp:term":[{"taxonomy":"product_brand","embeddable":true,"href":"https:\/\/facilityprojectsolutions.com\/es\/wp-json\/wp\/v2\/product_brand?post=681"},{"taxonomy":"product_cat","embeddable":true,"href":"https:\/\/facilityprojectsolutions.com\/es\/wp-json\/wp\/v2\/product_cat?post=681"},{"taxonomy":"product_tag","embeddable":true,"href":"https:\/\/facilityprojectsolutions.com\/es\/wp-json\/wp\/v2\/product_tag?post=681"}],"curies":[{"name":"wp","href":"https:\/\/api.w.org\/{rel}","templated":true}]}}